{"id":115,"date":"2012-12-03T11:32:34","date_gmt":"2012-12-03T11:32:34","guid":{"rendered":"http:\/\/sites.ipleiria.pt\/eclub\/?page_id=115"},"modified":"2013-10-20T22:54:56","modified_gmt":"2013-10-20T22:54:56","slug":"ideias-de-projectos","status":"publish","type":"page","link":"https:\/\/sites.ipleiria.pt\/eclub\/ideias-de-projectos\/","title":{"rendered":"Projectos"},"content":{"rendered":"<p style=\"text-align: justify\">Publica aqui as tuas ideias de projectos de electr\u00f3nica. Para isso, basta que envies documento em word com a explica\u00e7\u00e3o do circuito e as imagens que entenderes importantes (como esquem\u00e1ticos, fotografias, etc.) para <strong>monica.figueiredo@ipleiria.pt<\/strong>.<\/p>\n<p><strong>Estamos \u00e0 tua espera!<\/strong><\/p>\n","protected":false},"excerpt":{"rendered":"<p>Publica aqui as tuas ideias de projectos de electr\u00f3nica. Para isso, basta que envies documento em word com a explica\u00e7\u00e3o do circuito e as imagens que entenderes importantes (como esquem\u00e1ticos, fotografias, etc.) para monica.figueiredo@ipleiria.pt. Estamos \u00e0 tua espera!<\/p>\n","protected":false},"author":1176,"featured_media":0,"parent":0,"menu_order":3,"comment_status":"open","ping_status":"closed","template":"sidebar-page.php","meta":{"footnotes":""},"class_list":["post-115","page","type-page","status-publish","hentry"],"_links":{"self":[{"href":"https:\/\/sites.ipleiria.pt\/eclub\/wp-json\/wp\/v2\/pages\/115","targetHints":{"allow":["GET"]}}],"collection":[{"href":"https:\/\/sites.ipleiria.pt\/eclub\/wp-json\/wp\/v2\/pages"}],"about":[{"href":"https:\/\/sites.ipleiria.pt\/eclub\/wp-json\/wp\/v2\/types\/page"}],"author":[{"embeddable":true,"href":"https:\/\/sites.ipleiria.pt\/eclub\/wp-json\/wp\/v2\/users\/1176"}],"replies":[{"embeddable":true,"href":"https:\/\/sites.ipleiria.pt\/eclub\/wp-json\/wp\/v2\/comments?post=115"}],"version-history":[{"count":11,"href":"https:\/\/sites.ipleiria.pt\/eclub\/wp-json\/wp\/v2\/pages\/115\/revisions"}],"predecessor-version":[{"id":341,"href":"https:\/\/sites.ipleiria.pt\/eclub\/wp-json\/wp\/v2\/pages\/115\/revisions\/341"}],"wp:attachment":[{"href":"https:\/\/sites.ipleiria.pt\/eclub\/wp-json\/wp\/v2\/media?parent=115"}],"curies":[{"name":"wp","href":"https:\/\/api.w.org\/{rel}","templated":true}]}}