{"id":16,"date":"2012-11-25T23:56:56","date_gmt":"2012-11-25T23:56:56","guid":{"rendered":"http:\/\/sites.ipleiria.pt\/eclub\/?page_id=16"},"modified":"2013-01-28T12:00:42","modified_gmt":"2013-01-28T12:00:42","slug":"kit-base-e-power-source","status":"publish","type":"page","link":"https:\/\/sites.ipleiria.pt\/eclub\/hardwaresoftware\/kits-sonigate\/kit-base-e-power-source\/","title":{"rendered":"Kit Base e Power Source"},"content":{"rendered":"<p style=\"text-align: justify\">O <a href=\"http:\/\/sites.ipleiria.pt\/eclub\/files\/2012\/11\/KitBase.png\"><strong>Kit Base<\/strong><\/a> (<strong>30.36<strong>\u20ac<\/strong><\/strong>) inclui um conjunto de componentes e equipamentos fundamentais para montares o teu Laborat\u00f3rio de Eletr\u00f3nica!<\/p>\n<ul>\n<li>1 Placa de prototipagem (<em>Bread-Board<\/em>)<\/li>\n<li>1 Mult\u00edmetro digital<\/li>\n<li>1 Conjunto de 10 cabos crocodilo<\/li>\n<li>1 Cabo de rede para fios de liga\u00e7\u00e3o<\/li>\n<li>1 Conjunto de 240 resist\u00eancias de 0,25W<\/li>\n<li>1 Conjunto de 5 potenci\u00f3metros<\/li>\n<li>1 Conjunto de 10 condensadores (cer\u00e2micos e eletrol\u00edticos)<\/li>\n<li>1\u00a0Conjunto de 24 LEDs (8 vermelho, 8 amarelo e 8 verde)<\/li>\n<li>2 Reguladores de tens\u00e3o vari\u00e1vel (LM317)<\/li>\n<li>2 Reguladores de tens\u00e3o fixo de 5V (LM7805)<\/li>\n<\/ul>\n<p style=\"text-align: justify\">Para montagens simples (Circuitos El\u00e9tricos e Sistemas Digitais), precisas apenas de uma fonte de alimenta\u00e7\u00e3o de 5V. Podes montar uma fonte simples usando um transformador que tenhas em casa, um regulador de tens\u00e3o (como o LM7805) e alguns condensadores para filtragem. Se quiseres ter uma tens\u00e3o vari\u00e1vel podes usar o LM317.<\/p>\n<p style=\"text-align: justify\">Para montagens mais complexas vais precisar de uma fonte de alimenta\u00e7\u00e3o com tens\u00f5es sim\u00e9tricas. Se tiveres em casa um PC antigo, podes aproveitar a fonte de alimenta\u00e7\u00e3o e construir a tua fonte de laborat\u00f3rio. V\u00ea <a href=\"http:\/\/web2.murraystate.edu\/andy.batts\/ps\/powersupply.htm\" target=\"_blank\">aqui<\/a> como podes fazer. O material necess\u00e1rio \u00e9 disponibilizado no <a href=\"http:\/\/sites.ipleiria.pt\/eclub\/files\/2013\/01\/KitPowerSource.png\"><strong>Kit Power Source<\/strong><\/a> (<strong>6.48<strong>\u20ac<\/strong><\/strong>), que inclui:<\/p>\n<ul>\n<li>1 Interruptor de Alavanca<\/li>\n<li>5 Alv\u00e9olos para ficha banana<\/li>\n<li>1 Resist\u00eancia Bobinada de 10W 10R<\/li>\n<li>1 LED vermelho e resist\u00eancia<\/li>\n<li>5 Fichas banana<\/li>\n<\/ul>\n","protected":false},"excerpt":{"rendered":"<p>O Kit Base (30.36\u20ac) inclui um conjunto de componentes e equipamentos fundamentais para montares o teu Laborat\u00f3rio de Eletr\u00f3nica! 1 Placa de prototipagem (Bread-Board) 1 Mult\u00edmetro digital 1 Conjunto de 10 cabos crocodilo 1 Cabo de rede para fios de &hellip; <a href=\"https:\/\/sites.ipleiria.pt\/eclub\/hardwaresoftware\/kits-sonigate\/kit-base-e-power-source\/\">Continue reading <span class=\"meta-nav\">&rarr;<\/span><\/a><\/p>\n","protected":false},"author":1176,"featured_media":0,"parent":102,"menu_order":1,"comment_status":"open","ping_status":"open","template":"showcase.php","meta":{"footnotes":""},"class_list":["post-16","page","type-page","status-publish","hentry"],"_links":{"self":[{"href":"https:\/\/sites.ipleiria.pt\/eclub\/wp-json\/wp\/v2\/pages\/16","targetHints":{"allow":["GET"]}}],"collection":[{"href":"https:\/\/sites.ipleiria.pt\/eclub\/wp-json\/wp\/v2\/pages"}],"about":[{"href":"https:\/\/sites.ipleiria.pt\/eclub\/wp-json\/wp\/v2\/types\/page"}],"author":[{"embeddable":true,"href":"https:\/\/sites.ipleiria.pt\/eclub\/wp-json\/wp\/v2\/users\/1176"}],"replies":[{"embeddable":true,"href":"https:\/\/sites.ipleiria.pt\/eclub\/wp-json\/wp\/v2\/comments?post=16"}],"version-history":[{"count":15,"href":"https:\/\/sites.ipleiria.pt\/eclub\/wp-json\/wp\/v2\/pages\/16\/revisions"}],"predecessor-version":[{"id":74,"href":"https:\/\/sites.ipleiria.pt\/eclub\/wp-json\/wp\/v2\/pages\/16\/revisions\/74"}],"up":[{"embeddable":true,"href":"https:\/\/sites.ipleiria.pt\/eclub\/wp-json\/wp\/v2\/pages\/102"}],"wp:attachment":[{"href":"https:\/\/sites.ipleiria.pt\/eclub\/wp-json\/wp\/v2\/media?parent=16"}],"curies":[{"name":"wp","href":"https:\/\/api.w.org\/{rel}","templated":true}]}}