{"id":163,"date":"2012-12-26T16:28:53","date_gmt":"2012-12-26T16:28:53","guid":{"rendered":"http:\/\/sites.ipleiria.pt\/eclub\/?page_id=163"},"modified":"2012-12-30T22:16:11","modified_gmt":"2012-12-30T22:16:11","slug":"li-po-charger","status":"publish","type":"page","link":"https:\/\/sites.ipleiria.pt\/eclub\/ideias-de-projectos\/li-po-charger\/","title":{"rendered":"Carregador de Baterias de I\u00f5es de L\u00edtio ou Pol\u00edmeros de L\u00edtio"},"content":{"rendered":"<p align=\"left\"><strong>Carregador de Baterias de I\u00f5es de L\u00edtio ou Pol\u00edmeros de L\u00edtio<\/strong><\/p>\n<p align=\"left\"><strong>Autor:<\/strong> Lu\u00eds Maduro\u00a0\u00a0\u00a0\u00a0\u00a0\u00a0\u00a0\u00a0\u00a0\u00a0\u00a0\u00a0\u00a0\u00a0\u00a0\u00a0\u00a0\u00a0\u00a0\u00a0\u00a0\u00a0\u00a0<strong> Data:<\/strong> Dezembro 2012<\/p>\n<p style=\"text-align: justify\"><strong>Resumo<\/strong> &#8211; Melhorias tecnol\u00f3gicas em baterias de estado s\u00f3lido recarreg\u00e1veis est\u00e3o a ser impulsionadas por uma crescente evolu\u00e7\u00e3o dos dispositivos eletr\u00f3nicos port\u00e1teis. Baterias de i\u00f5es de l\u00edtio e de pol\u00edmeros de l\u00edtio s\u00e3o os sistemas de elei\u00e7\u00e3o, oferecendo alta densidade energ\u00e9tica, design flex\u00edvel e leve, e maior longevidade do que as tecnologias de baterias j\u00e1 existentes. Neste <a href=\"http:\/\/sites.ipleiria.pt\/eclub\/files\/2012\/12\/Li-Po-Charger-Artigo.pdf\" target=\"_blank\">artigo<\/a> \u00e9\u00a0apresentado um carregador para essas mesmas baterias constitu\u00eddas por uma c\u00e9lula de i\u00f5es de l\u00edtio e de pol\u00edmeros de l\u00edtio, juntamente com uma breve descri\u00e7\u00e3o dos m\u00e9todos de recarga destas baterias bem como o funcionamento e funcionalidade do circuito.<\/p>\n<p align=\"left\">\u00a0<strong>Recursos:<\/strong> <a href=\"http:\/\/sites.ipleiria.pt\/eclub\/files\/2012\/12\/Li-Po-Charger-SCH.pdf\" target=\"_blank\">Esquem\u00e1tico<\/a> e <a href=\"http:\/\/sites.ipleiria.pt\/eclub\/files\/2012\/12\/Li-Po-Charger-PCB.pdf\" target=\"_blank\">PCB<\/a> do circuito.<\/p>\n<p align=\"left\">\u00a0<\/p>\n<p><a href=\"http:\/\/sites.ipleiria.pt\/eclub\/files\/2012\/12\/Li-Po-Charger-3D-Top.png\"><img loading=\"lazy\" decoding=\"async\" class=\"alignleft size-medium wp-image-199\" src=\"http:\/\/sites.ipleiria.pt\/eclub\/files\/2012\/12\/Li-Po-Charger-3D-Top-300x142.png\" alt=\"\" width=\"300\" height=\"142\" srcset=\"https:\/\/sites.ipleiria.pt\/eclub\/files\/2012\/12\/Li-Po-Charger-3D-Top-300x142.png 300w, https:\/\/sites.ipleiria.pt\/eclub\/files\/2012\/12\/Li-Po-Charger-3D-Top-1024x485.png 1024w, https:\/\/sites.ipleiria.pt\/eclub\/files\/2012\/12\/Li-Po-Charger-3D-Top-500x237.png 500w, https:\/\/sites.ipleiria.pt\/eclub\/files\/2012\/12\/Li-Po-Charger-3D-Top.png 1842w\" sizes=\"auto, (max-width: 300px) 100vw, 300px\" \/><\/a><a href=\"http:\/\/sites.ipleiria.pt\/eclub\/files\/2012\/12\/Li-Po-Charger-3D-Bottom.png\"><img loading=\"lazy\" decoding=\"async\" class=\"alignright size-medium wp-image-200\" src=\"http:\/\/sites.ipleiria.pt\/eclub\/files\/2012\/12\/Li-Po-Charger-3D-Bottom-300x141.png\" alt=\"\" width=\"300\" height=\"141\" srcset=\"https:\/\/sites.ipleiria.pt\/eclub\/files\/2012\/12\/Li-Po-Charger-3D-Bottom-300x141.png 300w, https:\/\/sites.ipleiria.pt\/eclub\/files\/2012\/12\/Li-Po-Charger-3D-Bottom-1024x483.png 1024w, https:\/\/sites.ipleiria.pt\/eclub\/files\/2012\/12\/Li-Po-Charger-3D-Bottom-500x235.png 500w, https:\/\/sites.ipleiria.pt\/eclub\/files\/2012\/12\/Li-Po-Charger-3D-Bottom.png 1838w\" sizes=\"auto, (max-width: 300px) 100vw, 300px\" \/><\/a><\/p>\n","protected":false},"excerpt":{"rendered":"<p>Carregador de Baterias de I\u00f5es de L\u00edtio ou Pol\u00edmeros de L\u00edtio Autor: Lu\u00eds Maduro\u00a0\u00a0\u00a0\u00a0\u00a0\u00a0\u00a0\u00a0\u00a0\u00a0\u00a0\u00a0\u00a0\u00a0\u00a0\u00a0\u00a0\u00a0\u00a0\u00a0\u00a0\u00a0\u00a0 Data: Dezembro 2012 Resumo &#8211; Melhorias tecnol\u00f3gicas em baterias de estado s\u00f3lido recarreg\u00e1veis est\u00e3o a ser impulsionadas por uma crescente evolu\u00e7\u00e3o dos dispositivos eletr\u00f3nicos port\u00e1teis. Baterias &hellip; <a href=\"https:\/\/sites.ipleiria.pt\/eclub\/ideias-de-projectos\/li-po-charger\/\">Continue reading <span class=\"meta-nav\">&rarr;<\/span><\/a><\/p>\n","protected":false},"author":1176,"featured_media":0,"parent":115,"menu_order":2,"comment_status":"open","ping_status":"closed","template":"showcase.php","meta":{"footnotes":""},"class_list":["post-163","page","type-page","status-publish","hentry"],"_links":{"self":[{"href":"https:\/\/sites.ipleiria.pt\/eclub\/wp-json\/wp\/v2\/pages\/163","targetHints":{"allow":["GET"]}}],"collection":[{"href":"https:\/\/sites.ipleiria.pt\/eclub\/wp-json\/wp\/v2\/pages"}],"about":[{"href":"https:\/\/sites.ipleiria.pt\/eclub\/wp-json\/wp\/v2\/types\/page"}],"author":[{"embeddable":true,"href":"https:\/\/sites.ipleiria.pt\/eclub\/wp-json\/wp\/v2\/users\/1176"}],"replies":[{"embeddable":true,"href":"https:\/\/sites.ipleiria.pt\/eclub\/wp-json\/wp\/v2\/comments?post=163"}],"version-history":[{"count":10,"href":"https:\/\/sites.ipleiria.pt\/eclub\/wp-json\/wp\/v2\/pages\/163\/revisions"}],"predecessor-version":[{"id":168,"href":"https:\/\/sites.ipleiria.pt\/eclub\/wp-json\/wp\/v2\/pages\/163\/revisions\/168"}],"up":[{"embeddable":true,"href":"https:\/\/sites.ipleiria.pt\/eclub\/wp-json\/wp\/v2\/pages\/115"}],"wp:attachment":[{"href":"https:\/\/sites.ipleiria.pt\/eclub\/wp-json\/wp\/v2\/media?parent=163"}],"curies":[{"name":"wp","href":"https:\/\/api.w.org\/{rel}","templated":true}]}}