{"id":188,"date":"2012-12-26T17:36:12","date_gmt":"2012-12-26T17:36:12","guid":{"rendered":"http:\/\/sites.ipleiria.pt\/eclub\/?page_id=188"},"modified":"2012-12-26T17:39:58","modified_gmt":"2012-12-26T17:39:58","slug":"fonte-de-alimentacao-com-transformador","status":"publish","type":"page","link":"https:\/\/sites.ipleiria.pt\/eclub\/ideias-de-projectos\/fonte-de-alimentacao-com-transformador\/","title":{"rendered":"Fonte de alimenta\u00e7\u00e3o com transformador"},"content":{"rendered":"<p align=\"left\"><strong>Fonte de Alimenta\u00e7\u00e3o com Transformador<\/strong><\/p>\n<p align=\"left\"><strong>Autor:<\/strong> Jos\u00e9 Ribeiro\u00a0\u00a0\u00a0\u00a0\u00a0\u00a0\u00a0\u00a0\u00a0\u00a0\u00a0\u00a0\u00a0\u00a0\u00a0\u00a0\u00a0\u00a0\u00a0 <strong>Data:<\/strong> Dezembro 2012<\/p>\n<p align=\"left\"><strong>Resumo<\/strong> &#8211; Este projecto descreve a implementa\u00e7\u00e3o de uma fonte de alimenta\u00e7\u00e3o de +\/- 5V, +\/-12V e tens\u00e3o ajustavel, at\u00e9 30V. Neste <a href=\"http:\/\/sites.ipleiria.pt\/eclub\/files\/2012\/12\/Fonte-Esquema-Componentes.pdf\" target=\"_blank\">documento<\/a> encontra a lista de componentes, o esquem\u00e1tico do circuito e o respectivo PCB. N\u00e3o \u00e9 fornecida uma descri\u00e7\u00e3o detalhada do circuito uma vez que \u00e9\u00a0uma montagem bastante\u00a0simples &#8211;\u00a0inclui um transformador, uma ponte de rectifica\u00e7\u00e3o (d\u00edodos e condensadores) e reguladores de tens\u00e3o positivos (LM78xx) e negativos (LM79xx), nas suas configura\u00e7\u00f5es t\u00edpicas. Para mais informa\u00e7\u00e3o, consulte os datasheets destes reguladores!<\/p>\n<p align=\"left\">\u00a0Recursos: <a href=\"http:\/\/sites.ipleiria.pt\/eclub\/files\/2012\/12\/Fonte-PCB.pdf\" target=\"_blank\">PCB<\/a> da fonte e PCB da <a href=\"http:\/\/sites.ipleiria.pt\/eclub\/files\/2012\/12\/Fonte-PCB-LM338K.pdf\" target=\"_blank\">placa para o LM338K\u00a0<\/a><\/p>\n","protected":false},"excerpt":{"rendered":"<p>Fonte de Alimenta\u00e7\u00e3o com Transformador Autor: Jos\u00e9 Ribeiro\u00a0\u00a0\u00a0\u00a0\u00a0\u00a0\u00a0\u00a0\u00a0\u00a0\u00a0\u00a0\u00a0\u00a0\u00a0\u00a0\u00a0\u00a0\u00a0 Data: Dezembro 2012 Resumo &#8211; Este projecto descreve a implementa\u00e7\u00e3o de uma fonte de alimenta\u00e7\u00e3o de +\/- 5V, +\/-12V e tens\u00e3o ajustavel, at\u00e9 30V. Neste documento encontra a lista de componentes, o &hellip; <a href=\"https:\/\/sites.ipleiria.pt\/eclub\/ideias-de-projectos\/fonte-de-alimentacao-com-transformador\/\">Continue reading <span class=\"meta-nav\">&rarr;<\/span><\/a><\/p>\n","protected":false},"author":1176,"featured_media":0,"parent":115,"menu_order":3,"comment_status":"open","ping_status":"closed","template":"showcase.php","meta":{"footnotes":""},"class_list":["post-188","page","type-page","status-publish","hentry"],"_links":{"self":[{"href":"https:\/\/sites.ipleiria.pt\/eclub\/wp-json\/wp\/v2\/pages\/188","targetHints":{"allow":["GET"]}}],"collection":[{"href":"https:\/\/sites.ipleiria.pt\/eclub\/wp-json\/wp\/v2\/pages"}],"about":[{"href":"https:\/\/sites.ipleiria.pt\/eclub\/wp-json\/wp\/v2\/types\/page"}],"author":[{"embeddable":true,"href":"https:\/\/sites.ipleiria.pt\/eclub\/wp-json\/wp\/v2\/users\/1176"}],"replies":[{"embeddable":true,"href":"https:\/\/sites.ipleiria.pt\/eclub\/wp-json\/wp\/v2\/comments?post=188"}],"version-history":[{"count":4,"href":"https:\/\/sites.ipleiria.pt\/eclub\/wp-json\/wp\/v2\/pages\/188\/revisions"}],"predecessor-version":[{"id":194,"href":"https:\/\/sites.ipleiria.pt\/eclub\/wp-json\/wp\/v2\/pages\/188\/revisions\/194"}],"up":[{"embeddable":true,"href":"https:\/\/sites.ipleiria.pt\/eclub\/wp-json\/wp\/v2\/pages\/115"}],"wp:attachment":[{"href":"https:\/\/sites.ipleiria.pt\/eclub\/wp-json\/wp\/v2\/media?parent=188"}],"curies":[{"name":"wp","href":"https:\/\/api.w.org\/{rel}","templated":true}]}}