{"id":19,"date":"2012-11-25T23:57:36","date_gmt":"2012-11-25T23:57:36","guid":{"rendered":"http:\/\/sites.ipleiria.pt\/eclub\/?page_id=19"},"modified":"2012-12-26T15:54:38","modified_gmt":"2012-12-26T15:54:38","slug":"kit-analogica-e-amplificador","status":"publish","type":"page","link":"https:\/\/sites.ipleiria.pt\/eclub\/hardwaresoftware\/kits-sonigate\/kit-analogica-e-amplificador\/","title":{"rendered":"Kit Anal\u00f3gica e Amplificador"},"content":{"rendered":"<p style=\"text-align: justify\">O <a href=\"http:\/\/sites.ipleiria.pt\/eclub\/files\/2012\/11\/KitAnalogica.png\"><strong>Kit Anal\u00f3gica<\/strong><\/a> (<strong>13.92\u20ac<\/strong>) inclui diversos componentes \u00fateis para implementar os circuitos propostos nas aulas pr\u00e1ticas de Eletr\u00f3nica I, II e III. Este Kit inclui:<\/p>\n<ul>\n<li>1 Conjunto de 14 Trans\u00edstores PNP e NPN<\/li>\n<li>1 Potenci\u00f3metro Linear<\/li>\n<li>1 Conjunto de 24 D\u00edodos e D\u00edodos Zener<\/li>\n<li>1 Rel\u00e9 12V<\/li>\n<li>10 Amplificadores Operacionais LM741<\/li>\n<li>4 Multi-vibradores LM555<\/li>\n<li>1 Circuito Integrado TL494<\/li>\n<li>1 L\u00e2mpada de 12V<\/li>\n<\/ul>\n<p style=\"text-align: justify\">Podes tamb\u00e9m adquirir um <a href=\"http:\/\/sites.ipleiria.pt\/eclub\/files\/2012\/12\/KitAmplificador.png\"><strong>Kit Amplificador<\/strong> <\/a>(<strong>11.50\u20ac<\/strong>), com todos os componentes necess\u00e1rios \u00e0 implementa\u00e7\u00e3o do amplificador, desenvolvido na UC de Electr\u00f3nica 1.<\/p>\n","protected":false},"excerpt":{"rendered":"<p>O Kit Anal\u00f3gica (13.92\u20ac) inclui diversos componentes \u00fateis para implementar os circuitos propostos nas aulas pr\u00e1ticas de Eletr\u00f3nica I, II e III. Este Kit inclui: 1 Conjunto de 14 Trans\u00edstores PNP e NPN 1 Potenci\u00f3metro Linear 1 Conjunto de 24 &hellip; <a href=\"https:\/\/sites.ipleiria.pt\/eclub\/hardwaresoftware\/kits-sonigate\/kit-analogica-e-amplificador\/\">Continue reading <span class=\"meta-nav\">&rarr;<\/span><\/a><\/p>\n","protected":false},"author":1176,"featured_media":0,"parent":102,"menu_order":2,"comment_status":"open","ping_status":"open","template":"showcase.php","meta":{"footnotes":""},"class_list":["post-19","page","type-page","status-publish","hentry"],"_links":{"self":[{"href":"https:\/\/sites.ipleiria.pt\/eclub\/wp-json\/wp\/v2\/pages\/19","targetHints":{"allow":["GET"]}}],"collection":[{"href":"https:\/\/sites.ipleiria.pt\/eclub\/wp-json\/wp\/v2\/pages"}],"about":[{"href":"https:\/\/sites.ipleiria.pt\/eclub\/wp-json\/wp\/v2\/types\/page"}],"author":[{"embeddable":true,"href":"https:\/\/sites.ipleiria.pt\/eclub\/wp-json\/wp\/v2\/users\/1176"}],"replies":[{"embeddable":true,"href":"https:\/\/sites.ipleiria.pt\/eclub\/wp-json\/wp\/v2\/comments?post=19"}],"version-history":[{"count":13,"href":"https:\/\/sites.ipleiria.pt\/eclub\/wp-json\/wp\/v2\/pages\/19\/revisions"}],"predecessor-version":[{"id":158,"href":"https:\/\/sites.ipleiria.pt\/eclub\/wp-json\/wp\/v2\/pages\/19\/revisions\/158"}],"up":[{"embeddable":true,"href":"https:\/\/sites.ipleiria.pt\/eclub\/wp-json\/wp\/v2\/pages\/102"}],"wp:attachment":[{"href":"https:\/\/sites.ipleiria.pt\/eclub\/wp-json\/wp\/v2\/media?parent=19"}],"curies":[{"name":"wp","href":"https:\/\/api.w.org\/{rel}","templated":true}]}}