{"id":205,"date":"2012-12-30T22:47:39","date_gmt":"2012-12-30T22:47:39","guid":{"rendered":"http:\/\/sites.ipleiria.pt\/eclub\/?page_id=205"},"modified":"2015-05-18T14:43:46","modified_gmt":"2015-05-18T14:43:46","slug":"software-livre","status":"publish","type":"page","link":"https:\/\/sites.ipleiria.pt\/eclub\/hardwaresoftware\/software-livre\/","title":{"rendered":"Software Livre"},"content":{"rendered":"<p style=\"text-align: justify\"><strong>Saturn PCB Design Toolkit<\/strong> &#8211;<\/p>\n<p><img loading=\"lazy\" decoding=\"async\" class=\"alignright  wp-image-357\" style=\"color: #333333;font-style: normal;line-height: 24px\" src=\"http:\/\/sites.ipleiria.pt\/eclub\/files\/2012\/12\/saturn_imagem-300x252.gif\" alt=\"saturn_imagem\" width=\"210\" height=\"176\" srcset=\"https:\/\/sites.ipleiria.pt\/eclub\/files\/2012\/12\/saturn_imagem-300x252.gif 300w, https:\/\/sites.ipleiria.pt\/eclub\/files\/2012\/12\/saturn_imagem-357x300.gif 357w\" sizes=\"auto, (max-width: 210px) 100vw, 210px\" \/><\/p>\n<p style=\"text-align: justify\">O Saturn PCB Design Toolkit \u00e9 uma ferramenta muito \u00fatil para quem desenha placas de circuito impresso, pois permite o c\u00e1lculo de diversos par\u00e2metros, tais como as propriedades dos condutores, vias, fus\u00edveis, comprimento m\u00e1ximo dos condutores e muito mais. Tem tamb\u00e9m a vantagem de ser gratuito!<\/p>\n<p style=\"text-align: right\"><strong>Sugerido por:<\/strong> Jo\u00e3o Vieira<\/p>\n<p style=\"text-align: justify\"><strong>Component Organizer<\/strong> &#8211;\u00a0O <a href=\"http:\/\/3xbla.wordpress.com\/component-organizer\/\" target=\"_blank\">Component Organizer <\/a>\u00e9 uma simples aplica\u00e7\u00e3o de f\u00e1cil uso que permite organizar os teus componentes e cataloga-los principalmente por: nome, descri\u00e7\u00e3o, datasheet e stock. <a href=\"http:\/\/sites.ipleiria.pt\/eclub\/files\/2012\/12\/ComponentOrg.png\"><img loading=\"lazy\" decoding=\"async\" class=\" wp-image-265 alignright\" src=\"http:\/\/sites.ipleiria.pt\/eclub\/files\/2012\/12\/ComponentOrg-300x266.png\" alt=\"ComponentOrg\" width=\"210\" height=\"186\" srcset=\"https:\/\/sites.ipleiria.pt\/eclub\/files\/2012\/12\/ComponentOrg-300x266.png 300w, https:\/\/sites.ipleiria.pt\/eclub\/files\/2012\/12\/ComponentOrg-338x300.png 338w, https:\/\/sites.ipleiria.pt\/eclub\/files\/2012\/12\/ComponentOrg.png 693w\" sizes=\"auto, (max-width: 210px) 100vw, 210px\" \/><\/a><\/p>\n<p style=\"text-align: justify\">O objectivo principal \u00e9 evitar a pesquisa dodatasheet do mesmo componente v\u00e1rias vezes por n\u00e3o o ter guardado ou n\u00e3o saber onde est\u00e1. Sendo uma aplica\u00e7\u00e3o port\u00e1til \u00e9 poss\u00edvel coloca-la numa PEN drive ou no dropbox o que permite ter sempre os datasheets e o stock actualizados.E \u00e9 made in PORTUGAL!!!Faz o download <a href=\"http:\/\/www.mediafire.com\/?n2gppf89a96239b#!\" target=\"_blank\">aqui<\/a> ! Nota: Apenas testado em Windows 7.<\/p>\n<p style=\"text-align: right\"><strong>Sugerido por:<\/strong> Jo\u00e3o Vieira<\/p>\n<p style=\"text-align: justify\"><strong>EveryCircuit<\/strong> &#8211;\u00a0O EveryCircuit \u00e9 uma aplica\u00e7\u00e3o para Android que permite simular o funcionamento de circuitos el\u00e9ctricos. A grande vantagem desta aplica\u00e7\u00e3o comparativamente com outras ferramentas SPICE para PC (e.g., Multisim, LTspice, OrCad ou Pspice) \u00e9 a sua interatividade e mobilidade. Pois esta permite observar o funcionamento din\u00e2mico das grandezas recorrendo a anima\u00e7\u00f5es, em qualquer dispositivo Android. Faz o download <a href=\"https:\/\/play.google.com\/store\/apps\/details?id=com.everycircuit.free&amp;feature=search_result#?t=W251bGwsMSwxLDEsImNvbS5ldmVyeWNpcmN1aXQuZnJlZSJd\" target=\"_blank\">aqui<\/a> !<\/p>\n<p style=\"text-align: right\"><strong>Sugerido por:<\/strong> Bruno Feitor<\/p>\n<p style=\"text-align: justify\"><strong>LogiSim\u00a0<\/strong>&#8211;\u00a0O Logisim \u00e9 uma ferramenta educacional para a concep\u00e7\u00e3o e a simula\u00e7\u00e3o digital de circuitos l\u00f3gicos. Com uma interface simples e ferramentas para simular circuitos \u00e0 medida em que v\u00e3o sendo constru\u00eddos. O Logisim permite tamb\u00e9m uma aprendizagem dos conceitos mais b\u00e1sicos relacionados aos circuitos l\u00f3gicos.<\/p>\n<p style=\"text-align: justify\"><a href=\"http:\/\/sites.ipleiria.pt\/eclub\/files\/2012\/12\/imagem1.jpg\"><img loading=\"lazy\" decoding=\"async\" class=\"wp-image-233 alignright\" src=\"http:\/\/sites.ipleiria.pt\/eclub\/files\/2012\/12\/imagem1-300x221.jpg\" alt=\"imagem1\" width=\"144\" height=\"106\" srcset=\"https:\/\/sites.ipleiria.pt\/eclub\/files\/2012\/12\/imagem1-300x221.jpg 300w, https:\/\/sites.ipleiria.pt\/eclub\/files\/2012\/12\/imagem1-406x300.jpg 406w, https:\/\/sites.ipleiria.pt\/eclub\/files\/2012\/12\/imagem1.jpg 540w\" sizes=\"auto, (max-width: 144px) 100vw, 144px\" \/><\/a>Com a capacidade de construir circuitos maiores a partir de sub-circuitos menores, tra\u00e7ar liga\u00e7\u00f5es com um mero arrastar do rato, o Logisim pode ser usado para projectar e simular os mais diversos projectos do campo dos sistemas digitais.\u00a0A ferramenta inclui tamb\u00e9m um m\u00f3dulo de an\u00e1lise de combina\u00e7\u00f5es, que permite a convers\u00e3o simples entre circuitos, tabelas de verdade e express\u00f5es booleanas.<\/p>\n<p><img loading=\"lazy\" decoding=\"async\" class=\" wp-image-234 alignright\" style=\"color: #333333;font-style: normal;line-height: 24px\" src=\"http:\/\/sites.ipleiria.pt\/eclub\/files\/2012\/12\/imagem2-300x224.jpg\" alt=\"imagem2\" width=\"144\" height=\"107\" srcset=\"https:\/\/sites.ipleiria.pt\/eclub\/files\/2012\/12\/imagem2-300x224.jpg 300w, https:\/\/sites.ipleiria.pt\/eclub\/files\/2012\/12\/imagem2-401x300.jpg 401w, https:\/\/sites.ipleiria.pt\/eclub\/files\/2012\/12\/imagem2.jpg 539w\" sizes=\"auto, (max-width: 144px) 100vw, 144px\" \/><\/p>\n<p style=\"text-align: justify\">O Logisim \u00e9 um software gratuito, est\u00e1 dispon\u00edvel para Windows, MacOS\u00a0 e Linux, e tem inclusive uma vers\u00e3o em PT. Os circuitos podem ser posteriormente convertidos em imagens GIF, JPG e PNG para que possa usar nos mais diversos documentos.\u00a0De referir que esta aplica\u00e7\u00e3o necessita do Java 5 ou superior para que possa correr no seu sistema, estando dispon\u00edvel para Windows uma vers\u00e3o execut\u00e1vel. Podes fazer o download <a href=\"http:\/\/ozark.hendrix.edu\/~burch\/logisim\/pt\/download.html\">aqui<\/a> ou visitar a <a href=\"http:\/\/ozark.hendrix.edu\/~burch\/logisim\/pt\/index.html\">Homepage <\/a>do programa para consultares mais informa\u00e7\u00e3o.<\/p>\n<p style=\"text-align: right\"><strong>Sugerido por:<\/strong> Jo\u00e3o Vieira<\/p>\n<p style=\"text-align: justify\"><strong>DesignSpark<\/strong>&#8211;\u00a0Este \u00e9 um software profissional de desenho de esquem\u00e1ticos e PCBs, oferecido gratuitamente pela <a href=\"http:\/\/pt.rs-online.com\/web\/\">RS<\/a>. Oferece uma biblioteca de componentes muito vasta, com mais de 80000 componentes e footprints. Mais ainda, oferece a vantagem de produzir automaticamente listas de componentes com or\u00e7amento, atrav\u00e9s de uma liga\u00e7\u00e3o directa e transparente ao site da RS. <a href=\"http:\/\/www.designspark.com\/page\/designspark-pcb-home-page\">Aqui<\/a>, podes fazer o download e veres v\u00eddeos de demonstra\u00e7\u00e3o das potencialidades desta ferramenta.<\/p>\n<p style=\"text-align: right\"><strong><strong>Sugerido por<\/strong>:<\/strong>\u00a0Nuno Rodrigues<\/p>\n<p style=\"text-align: justify\"><strong>LTspice IV\u00a0<\/strong>&#8211;\u00a0Este software \u00e9 um simulador SPICE de alto desempenho, com captura de esquem\u00e1tico e visualizador de forma de onda, com modelos e ferramentas que facilitam a simula\u00e7\u00e3o de reguladores comutados. Neste pacote de software, foram inclu\u00eddos modelos macro para 80% dos reguladores comutados da Linear Technology, mais de 200 modelos de amplificadores operacionais, bem como resist\u00eancias,\u00a0trans\u00edstores\u00a0e modelos MOSFET. Faz o download <a href=\"http:\/\/www.linear.com\/designtools\/software\/#Timing\">aqui<\/a> e fica a conhecer tamb\u00e9m outros simuladores da Linear Technology que te podem ser \u00fateis, como \u00e9 o caso do fant\u00e1stico\u00a0FilterCAD para projecto e implementa\u00e7\u00e3o de filtros activos.<\/p>\n<p style=\"text-align: right\"><strong><strong>Sugerido por<\/strong>:<\/strong>\u00a0M\u00f3nica Figueiredo<\/p>\n<p style=\"text-align: justify\"><strong>ElectroDroid<\/strong> &#8211; O ElectroDroid \u00e9 uma poderosa cole\u00e7\u00e3o de ferramentas eletr\u00f3nicas e de refer\u00eancia:<br \/>\n\u2022 Descodificador c\u00f3digo de cores para resist\u00eancias e bobinas;<br \/>\n\u2022 Calcular: Lei de Ohm; react\u00e2ncia; divisores de tens\u00e3o; equivalente de resist\u00eancias, valor\/s\u00e9rie\/paralelo; carga do condensador; vida de uma bateria;largura de pista para PCB; resist\u00eancia para LED; queda de tens\u00e3o; filtros simples; dissipa\u00e7\u00e3o de calor; desenho de bobinas;<br \/>\n\u2022 Projetos com: LM317; NE555; amplificadores operacionais;<br \/>\n\u2022 Pin-out de v\u00e1rias portas (USB, serial, parallel, ethernet, SCART, DVI, HDMI, S-Video, VGA, FireWire, Jack, XLR, RCA, DMX, ATX, Molex, EIDE, SATA);<br \/>\n\u2022 Recursos v\u00e1rios (Tabela de resistividade; Tabela de condensadores e resist\u00eancias standard; C\u00f3digos de condensadores; Tamanho de fios AWG, SWG; Tabela de Ampacit\u00e2ncia; S\u00edmbolos e abreviaturas; S\u00edmbolos de esquem\u00e1ticos; Prefixos das unidades SI; Informa\u00e7\u00e3o de Bateria; L\u00f3gica e Teoremas de Boolean; Informa\u00e7\u00e3o e Pin-Out do 7400; c\u00f3digo ASII);<br \/>\n&#8230;e mais para vir! .Descarrega <a href=\"https:\/\/play.google.com\/store\/apps\/details?id=it.android.demi.elettronica&amp;feature=more_from_developer#?t=W251bGwsMSwyLDEwMiwiaXQuYW5kcm9pZC5kZW1pLmVsZXR0cm9uaWNhIl0.\">aqui<\/a> a aplica\u00e7\u00e3o gratuita para o teu Android.<\/p>\n<p style=\"text-align: right\"><strong><strong>Sugerido por<\/strong>:<\/strong>\u00a0Carlos Ferreira<\/p>\n<p style=\"text-align: justify\"><strong>PSPICE 9.1 student version<\/strong> &#8211; Este pacote de software livre permite projetar e simular o comportamento de circuitos de eletr\u00f3nica anal\u00f3gica e digital. Nesta <a href=\"http:\/\/www.electronics-lab.com\/downloads\/schematic\/013\/\">p\u00e1gina<\/a> podes fazer o download do software (28MB)\u00a0e tamb\u00e9m de alguns tutoriais. Mas h\u00e1 muito mais informa\u00e7\u00e3o noutras p\u00e1ginas &#8211; o PSPICE \u00e9 um dos pacotes de software mais populares para simula\u00e7\u00e3o de circuitos electr\u00f3nicos! Podes tamb\u00e9m descarregar a <a href=\"http:\/\/orcad.en.malavida.com\/\">vers\u00e3o demo <\/a>do OrCAD 16.3 (697.1 MB), que inclui o PSPICE e\u00a0outras ferramentas de desenho de esquem\u00e1tico e placas de circuito impresso. A limita\u00e7\u00e3o \u00e9 a complexidade m\u00e1xima\u00a0do circuito.<\/p>\n<p style=\"text-align: right\"><strong><strong>Sugerido por<\/strong>:<\/strong>\u00a0M\u00f3nica Figueiredo<\/p>\n<p style=\"text-align: justify\"><strong>Filter Wiz PRO<\/strong> &#8211; esta ferramenta permite dimensionar filtros activos de uma forma muito simples. Basta introduzires as caracter\u00edsticas desejadas e a aplica\u00e7\u00e3o desenha o circuito! Podes fazer o download <a href=\"http:\/\/www.electronics-lab.com\/downloads\/schematic\/011\/index.html\">aqui<\/a>.<\/p>\n<p style=\"text-align: right\"><strong><strong>Sugerido por<\/strong>:<\/strong>\u00a0M\u00f3nica Figueiredo<\/p>\n<p style=\"text-align: justify\"><strong>PCB\u00a0Artist<\/strong> &#8211; Este pacote de software livre permite desenhar esquem\u00e1ticos e placas de circuito impresso. Nesta <a href=\"http:\/\/www.4pcb.com\/free-pcb-layout-software\/\">p\u00e1gina <\/a>podes fazer o download e assistir a v\u00eddeos com tutoriais que te ensinam a usar o software.<\/p>\n<p style=\"text-align: right\"><strong><strong>Sugerido por<\/strong>:<\/strong>\u00a0Telmo Fernandes<\/p>\n<p style=\"text-align: justify\"><strong>Robot Program<\/strong> &#8211; Programa o teu robot virtual atrav\u00e9s de diagramas de fluxi e v\u00ea o robot em ac\u00e7\u00e3o! Descarrega este programa <a href=\"http:\/\/www.physicsbox.com\/indexrobotprogen.html\">aqui <\/a>e v\u00ea tamb\u00e9m os tutoriais dispon\u00edveis.<\/p>\n<p style=\"text-align: right\"><strong><strong>Sugerido por<\/strong>:<\/strong>\u00a0M\u00f3nica Figueiredo<\/p>\n<p style=\"text-align: justify\">Gostaste destes programas? Deixa aqui os teus coment\u00e1rios! Conheces outros pacotes de software livre que queiras divulgar? Manda um email para <a href=\"mailto:monica.figueiredo@ipleiria.pt\">monica.figueiredo@ipleiria.pt<\/a> com a informa\u00e7\u00e3o relevante e o link para o site de download. Partilha o que gostas!<\/p>\n<p>&nbsp;<\/p>\n","protected":false},"excerpt":{"rendered":"<p>Saturn PCB Design Toolkit &#8211; O Saturn PCB Design Toolkit \u00e9 uma ferramenta muito \u00fatil para quem desenha placas de circuito impresso, pois permite o c\u00e1lculo de diversos par\u00e2metros, tais como as propriedades dos condutores, vias, fus\u00edveis, comprimento m\u00e1ximo dos &hellip; <a href=\"https:\/\/sites.ipleiria.pt\/eclub\/hardwaresoftware\/software-livre\/\">Continue reading <span class=\"meta-nav\">&rarr;<\/span><\/a><\/p>\n","protected":false},"author":1176,"featured_media":0,"parent":403,"menu_order":6,"comment_status":"open","ping_status":"closed","template":"sidebar-page.php","meta":{"footnotes":""},"class_list":["post-205","page","type-page","status-publish","hentry"],"_links":{"self":[{"href":"https:\/\/sites.ipleiria.pt\/eclub\/wp-json\/wp\/v2\/pages\/205","targetHints":{"allow":["GET"]}}],"collection":[{"href":"https:\/\/sites.ipleiria.pt\/eclub\/wp-json\/wp\/v2\/pages"}],"about":[{"href":"https:\/\/sites.ipleiria.pt\/eclub\/wp-json\/wp\/v2\/types\/page"}],"author":[{"embeddable":true,"href":"https:\/\/sites.ipleiria.pt\/eclub\/wp-json\/wp\/v2\/users\/1176"}],"replies":[{"embeddable":true,"href":"https:\/\/sites.ipleiria.pt\/eclub\/wp-json\/wp\/v2\/comments?post=205"}],"version-history":[{"count":19,"href":"https:\/\/sites.ipleiria.pt\/eclub\/wp-json\/wp\/v2\/pages\/205\/revisions"}],"predecessor-version":[{"id":407,"href":"https:\/\/sites.ipleiria.pt\/eclub\/wp-json\/wp\/v2\/pages\/205\/revisions\/407"}],"up":[{"embeddable":true,"href":"https:\/\/sites.ipleiria.pt\/eclub\/wp-json\/wp\/v2\/pages\/403"}],"wp:attachment":[{"href":"https:\/\/sites.ipleiria.pt\/eclub\/wp-json\/wp\/v2\/media?parent=205"}],"curies":[{"name":"wp","href":"https:\/\/api.w.org\/{rel}","templated":true}]}}