{"id":215,"date":"2013-01-10T16:54:33","date_gmt":"2013-01-10T16:54:33","guid":{"rendered":"http:\/\/sites.ipleiria.pt\/eclub\/?page_id=215"},"modified":"2013-01-10T16:56:15","modified_gmt":"2013-01-10T16:56:15","slug":"quebra-cabecas","status":"publish","type":"page","link":"https:\/\/sites.ipleiria.pt\/eclub\/quebra-cabecas\/","title":{"rendered":"Quebra Cabe\u00e7as"},"content":{"rendered":"<p>Nesta p\u00e1gina propomos alguns quebra cabe\u00e7as! Consegues descobrir a solu\u00e7\u00e3o?<\/p>\n<p style=\"text-align: justify\"><strong>Sequ\u00eancia Secreta: <\/strong>Este circuito de electr\u00f3nica digital tem 4 bot\u00f5es de press\u00e3o (normalmente ao n\u00edvel l\u00f3gico baixo)\u00a0e uma buzina. Deves carregar nos bot\u00f5es por uma ordem espec\u00edfica, sem largar, para evitar ouvir uma buzinadela. Se\u00a0os bot\u00f5es forem pressionados\u00a0na ordem correcta, os quatro LEDs ficam acesos no final. Consegues descobrir a ordem correcta? Envia a tua solu\u00e7\u00e3o, explicando o teu racioc\u00ednio, e ser\u00e1 publicada aqui!<\/p>\n<p><a href=\"http:\/\/sites.ipleiria.pt\/eclub\/files\/2013\/01\/puzzle1.jpg\"><img loading=\"lazy\" decoding=\"async\" class=\"alignleft size-medium wp-image-217\" src=\"http:\/\/sites.ipleiria.pt\/eclub\/files\/2013\/01\/puzzle1-300x285.jpg\" alt=\"\" width=\"300\" height=\"285\" srcset=\"https:\/\/sites.ipleiria.pt\/eclub\/files\/2013\/01\/puzzle1-300x285.jpg 300w, https:\/\/sites.ipleiria.pt\/eclub\/files\/2013\/01\/puzzle1.jpg 400w\" sizes=\"auto, (max-width: 300px) 100vw, 300px\" \/><\/a><\/p>\n<p>&nbsp;<\/p>\n<p>&nbsp;<\/p>\n<p>&nbsp;<\/p>\n<p>&nbsp;<\/p>\n<p>&nbsp;<\/p>\n<p>&nbsp;<\/p>\n<p>&nbsp;<\/p>\n<p style=\"text-align: justify\"><strong>Resist\u00eancias 2D: <\/strong>Este circuito integra um n\u00famero infinito de resist\u00eancias iguais. Consegues descobrir o valor da resist\u00eancia equivalente entre os pontos A e B? Envia a tua solu\u00e7\u00e3o, explicando o teu racioc\u00ednio, e ser\u00e1 publicada aqui!<\/p>\n<p><a href=\"http:\/\/sites.ipleiria.pt\/eclub\/files\/2013\/01\/puzzle2.jpg\"><img loading=\"lazy\" decoding=\"async\" class=\"alignleft size-medium wp-image-221\" src=\"http:\/\/sites.ipleiria.pt\/eclub\/files\/2013\/01\/puzzle2-300x70.jpg\" alt=\"\" width=\"300\" height=\"70\" srcset=\"https:\/\/sites.ipleiria.pt\/eclub\/files\/2013\/01\/puzzle2-300x70.jpg 300w, https:\/\/sites.ipleiria.pt\/eclub\/files\/2013\/01\/puzzle2-500x118.jpg 500w, https:\/\/sites.ipleiria.pt\/eclub\/files\/2013\/01\/puzzle2.jpg 610w\" sizes=\"auto, (max-width: 300px) 100vw, 300px\" \/><\/a><\/p>\n<p>&nbsp;<\/p>\n<p>&nbsp;<\/p>\n<p>&nbsp;<\/p>\n<p style=\"text-align: justify\"><strong>Resist\u00eancias 3D: <\/strong>Este circuito integra um conjunto de resist\u00eancias iguais. Consegues descobrir o valor da resist\u00eancia equivalente entre os pontos A e B? Envia a tua solu\u00e7\u00e3o, explicando o teu racioc\u00ednio, e ser\u00e1 publicada aqui!<\/p>\n<p><a href=\"http:\/\/sites.ipleiria.pt\/eclub\/files\/2013\/01\/puzzle3.gif\"><img loading=\"lazy\" decoding=\"async\" class=\"alignleft size-medium wp-image-219\" src=\"http:\/\/sites.ipleiria.pt\/eclub\/files\/2013\/01\/puzzle3-300x264.gif\" alt=\"\" width=\"300\" height=\"264\" srcset=\"https:\/\/sites.ipleiria.pt\/eclub\/files\/2013\/01\/puzzle3-300x264.gif 300w, https:\/\/sites.ipleiria.pt\/eclub\/files\/2013\/01\/puzzle3.gif 328w\" sizes=\"auto, (max-width: 300px) 100vw, 300px\" \/><\/a><\/p>\n","protected":false},"excerpt":{"rendered":"<p>Nesta p\u00e1gina propomos alguns quebra cabe\u00e7as! Consegues descobrir a solu\u00e7\u00e3o? Sequ\u00eancia Secreta: Este circuito de electr\u00f3nica digital tem 4 bot\u00f5es de press\u00e3o (normalmente ao n\u00edvel l\u00f3gico baixo)\u00a0e uma buzina. Deves carregar nos bot\u00f5es por uma ordem espec\u00edfica, sem largar, para &hellip; <a href=\"https:\/\/sites.ipleiria.pt\/eclub\/quebra-cabecas\/\">Continue reading <span class=\"meta-nav\">&rarr;<\/span><\/a><\/p>\n","protected":false},"author":1176,"featured_media":0,"parent":0,"menu_order":7,"comment_status":"open","ping_status":"closed","template":"sidebar-page.php","meta":{"footnotes":""},"class_list":["post-215","page","type-page","status-publish","hentry"],"_links":{"self":[{"href":"https:\/\/sites.ipleiria.pt\/eclub\/wp-json\/wp\/v2\/pages\/215","targetHints":{"allow":["GET"]}}],"collection":[{"href":"https:\/\/sites.ipleiria.pt\/eclub\/wp-json\/wp\/v2\/pages"}],"about":[{"href":"https:\/\/sites.ipleiria.pt\/eclub\/wp-json\/wp\/v2\/types\/page"}],"author":[{"embeddable":true,"href":"https:\/\/sites.ipleiria.pt\/eclub\/wp-json\/wp\/v2\/users\/1176"}],"replies":[{"embeddable":true,"href":"https:\/\/sites.ipleiria.pt\/eclub\/wp-json\/wp\/v2\/comments?post=215"}],"version-history":[{"count":6,"href":"https:\/\/sites.ipleiria.pt\/eclub\/wp-json\/wp\/v2\/pages\/215\/revisions"}],"predecessor-version":[{"id":226,"href":"https:\/\/sites.ipleiria.pt\/eclub\/wp-json\/wp\/v2\/pages\/215\/revisions\/226"}],"wp:attachment":[{"href":"https:\/\/sites.ipleiria.pt\/eclub\/wp-json\/wp\/v2\/media?parent=215"}],"curies":[{"name":"wp","href":"https:\/\/api.w.org\/{rel}","templated":true}]}}