{"id":241,"date":"2013-03-13T22:48:14","date_gmt":"2013-03-13T22:48:14","guid":{"rendered":"http:\/\/sites.ipleiria.pt\/eclub\/?page_id=241"},"modified":"2013-03-13T22:51:53","modified_gmt":"2013-03-13T22:51:53","slug":"emissor-fm","status":"publish","type":"page","link":"https:\/\/sites.ipleiria.pt\/eclub\/ideias-de-projectos\/emissor-fm\/","title":{"rendered":"Emissor FM"},"content":{"rendered":"<p><strong>Emissor de FM<\/strong><\/p>\n<p><strong>Autor:<\/strong>\u00a0Jo\u00e3o Vieira\u00a0\u00a0\u00a0\u00a0\u00a0\u00a0\u00a0\u00a0\u00a0\u00a0\u00a0\u00a0 <strong>Data:<\/strong>\u00a0Mar\u00e7o 2013\u00a0\u00a0\u00a0\u00a0\u00a0\u00a0\u00a0\u00a0\u00a0\u00a0\u00a0\u00a0 <strong>Contacto:<\/strong> <a href=\"mailto:2120142@my.ipleiria.pt\">2120142@my.ipleiria.pt<\/a><\/p>\n<p><strong>Resumo<\/strong> &#8211; Emissor Fm com a alimenta\u00e7\u00e3o via usb e entrada jack, ideal p<a href=\"http:\/\/sites.ipleiria.pt\/eclub\/files\/2013\/03\/EmissorFM_HPIM1447.jpg\"><img loading=\"lazy\" decoding=\"async\" class=\"wp-image-242 alignright\" alt=\"EmissorFM_HPIM1447\" src=\"http:\/\/sites.ipleiria.pt\/eclub\/files\/2013\/03\/EmissorFM_HPIM1447-300x225.jpg\" width=\"240\" height=\"180\" srcset=\"https:\/\/sites.ipleiria.pt\/eclub\/files\/2013\/03\/EmissorFM_HPIM1447-300x225.jpg 300w, https:\/\/sites.ipleiria.pt\/eclub\/files\/2013\/03\/EmissorFM_HPIM1447-1024x768.jpg 1024w, https:\/\/sites.ipleiria.pt\/eclub\/files\/2013\/03\/EmissorFM_HPIM1447-400x300.jpg 400w\" sizes=\"auto, (max-width: 240px) 100vw, 240px\" \/><\/a>ara carros com r\u00e1dios antigos que n\u00e3o tenham entrada usb para puderes ouvir facilmente a tua m\u00fasica, a alimenta\u00e7\u00e3o pode ser feita a partir do isqueiro do carro com um adaptador de tens\u00e3o com entrada usb. A frequ\u00eancia a emitir \u00e9 regulada com o condensador vari\u00e1vel.<\/p>\n<p>\u00a0Podes ver em baixo o esquem\u00e1tico e PCBs utilizados! E funciona!<\/p>\n<p><a href=\"http:\/\/sites.ipleiria.pt\/eclub\/files\/2013\/03\/EmissorFM_usbtransmissorfm2.jpg\"><img loading=\"lazy\" decoding=\"async\" class=\"alignleft size-medium wp-image-243\" alt=\"EmissorFM_usbtransmissorfm2\" src=\"http:\/\/sites.ipleiria.pt\/eclub\/files\/2013\/03\/EmissorFM_usbtransmissorfm2-300x175.jpg\" width=\"300\" height=\"175\" srcset=\"https:\/\/sites.ipleiria.pt\/eclub\/files\/2013\/03\/EmissorFM_usbtransmissorfm2-300x175.jpg 300w, https:\/\/sites.ipleiria.pt\/eclub\/files\/2013\/03\/EmissorFM_usbtransmissorfm2-500x292.jpg 500w, https:\/\/sites.ipleiria.pt\/eclub\/files\/2013\/03\/EmissorFM_usbtransmissorfm2.jpg 640w\" sizes=\"auto, (max-width: 300px) 100vw, 300px\" \/><\/a><a href=\"http:\/\/sites.ipleiria.pt\/eclub\/files\/2013\/03\/EmissorFM_usbtransmissorfmpci.jpg\"><img loading=\"lazy\" decoding=\"async\" class=\"alignleft size-medium wp-image-244\" alt=\"EmissorFM_usbtransmissorfmpci\" src=\"http:\/\/sites.ipleiria.pt\/eclub\/files\/2013\/03\/EmissorFM_usbtransmissorfmpci-213x300.jpg\" width=\"213\" height=\"300\" srcset=\"https:\/\/sites.ipleiria.pt\/eclub\/files\/2013\/03\/EmissorFM_usbtransmissorfmpci-213x300.jpg 213w, https:\/\/sites.ipleiria.pt\/eclub\/files\/2013\/03\/EmissorFM_usbtransmissorfmpci.jpg 284w\" sizes=\"auto, (max-width: 213px) 100vw, 213px\" \/><\/a><\/p>\n","protected":false},"excerpt":{"rendered":"<p>Emissor de FM Autor:\u00a0Jo\u00e3o Vieira\u00a0\u00a0\u00a0\u00a0\u00a0\u00a0\u00a0\u00a0\u00a0\u00a0\u00a0\u00a0 Data:\u00a0Mar\u00e7o 2013\u00a0\u00a0\u00a0\u00a0\u00a0\u00a0\u00a0\u00a0\u00a0\u00a0\u00a0\u00a0 Contacto: 2120142@my.ipleiria.pt Resumo &#8211; Emissor Fm com a alimenta\u00e7\u00e3o via usb e entrada jack, ideal para carros com r\u00e1dios antigos que n\u00e3o tenham entrada usb para puderes ouvir facilmente a tua m\u00fasica, a &hellip; <a href=\"https:\/\/sites.ipleiria.pt\/eclub\/ideias-de-projectos\/emissor-fm\/\">Continue reading <span class=\"meta-nav\">&rarr;<\/span><\/a><\/p>\n","protected":false},"author":1176,"featured_media":0,"parent":115,"menu_order":0,"comment_status":"open","ping_status":"closed","template":"showcase.php","meta":{"footnotes":""},"class_list":["post-241","page","type-page","status-publish","hentry"],"_links":{"self":[{"href":"https:\/\/sites.ipleiria.pt\/eclub\/wp-json\/wp\/v2\/pages\/241","targetHints":{"allow":["GET"]}}],"collection":[{"href":"https:\/\/sites.ipleiria.pt\/eclub\/wp-json\/wp\/v2\/pages"}],"about":[{"href":"https:\/\/sites.ipleiria.pt\/eclub\/wp-json\/wp\/v2\/types\/page"}],"author":[{"embeddable":true,"href":"https:\/\/sites.ipleiria.pt\/eclub\/wp-json\/wp\/v2\/users\/1176"}],"replies":[{"embeddable":true,"href":"https:\/\/sites.ipleiria.pt\/eclub\/wp-json\/wp\/v2\/comments?post=241"}],"version-history":[{"count":6,"href":"https:\/\/sites.ipleiria.pt\/eclub\/wp-json\/wp\/v2\/pages\/241\/revisions"}],"predecessor-version":[{"id":250,"href":"https:\/\/sites.ipleiria.pt\/eclub\/wp-json\/wp\/v2\/pages\/241\/revisions\/250"}],"up":[{"embeddable":true,"href":"https:\/\/sites.ipleiria.pt\/eclub\/wp-json\/wp\/v2\/pages\/115"}],"wp:attachment":[{"href":"https:\/\/sites.ipleiria.pt\/eclub\/wp-json\/wp\/v2\/media?parent=241"}],"curies":[{"name":"wp","href":"https:\/\/api.w.org\/{rel}","templated":true}]}}