{"id":268,"date":"2013-04-29T11:14:36","date_gmt":"2013-04-29T11:14:36","guid":{"rendered":"http:\/\/sites.ipleiria.pt\/eclub\/?page_id=268"},"modified":"2013-04-29T11:19:16","modified_gmt":"2013-04-29T11:19:16","slug":"fonte-de-alimentacao-low-cost","status":"publish","type":"page","link":"https:\/\/sites.ipleiria.pt\/eclub\/circuitos-propostos\/fonte-de-alimentacao-low-cost\/","title":{"rendered":"Fonte de Alimenta\u00e7\u00e3o Low Cost"},"content":{"rendered":"<p align=\"left\"><strong>Fonte de Alimenta\u00e7\u00e3o Low Cost<\/strong><\/p>\n<p align=\"left\"><strong>Autor:<\/strong>\u00a0M\u00f3nica Figueiredo \u00a0 \u00a0 \u00a0 \u00a0 \u00a0\u00a0<strong>Data:<\/strong>\u00a0Abril2013\u00a0\u00a0\u00a0 \u00a0\u00a0\u00a0\u00a0\u00a0\u00a0\u00a0<strong>Contacto:<\/strong>\u00a0monica.figueiredo@ipleiria.pt<\/p>\n<p style=\"text-align: justify\"><strong>Resumo<\/strong>\u00a0&#8211; Para montar um laborat\u00f3rio de electr\u00f3nica em casa, \u00e9 fundamental dispor de uma fonte de alimenta\u00e7\u00e3o.<\/p>\n<p><a style=\"font-style: normal;line-height: 24px;text-decoration: underline;text-align: justify\" href=\"http:\/\/sites.ipleiria.pt\/eclub\/files\/2013\/04\/Fonte_Fechada.jpg\"><img loading=\"lazy\" decoding=\"async\" class=\"wp-image-273 alignright\" style=\"border-color: #bbbbbb;margin-top: 0.4em;background-color: #eeeeee\" alt=\"Fonte_Fechada\" src=\"http:\/\/sites.ipleiria.pt\/eclub\/files\/2013\/04\/Fonte_Fechada-300x225.jpg\" width=\"240\" height=\"180\" srcset=\"https:\/\/sites.ipleiria.pt\/eclub\/files\/2013\/04\/Fonte_Fechada-300x225.jpg 300w, https:\/\/sites.ipleiria.pt\/eclub\/files\/2013\/04\/Fonte_Fechada-400x300.jpg 400w, https:\/\/sites.ipleiria.pt\/eclub\/files\/2013\/04\/Fonte_Fechada.jpg 640w\" sizes=\"auto, (max-width: 240px) 100vw, 240px\" \/><\/a>Uma vez que quase todos n\u00f3s temos em casa um ou mais PCs antigos que j\u00e1 n\u00e3o utilizamos, podemos reconverter a fonte de alimenta\u00e7\u00e3o do PC numa fonte de alimenta\u00e7\u00e3o de tens\u00f5es sim\u00e9tricas. Com pequenas modifica\u00e7\u00f5es, podes facilmente construir uma fonte sim\u00e9trica de -12V\/+12V (\u00fatil para montagens de electr\u00f3nica anal\u00f3gica) e uma fonte de 5V (\u00fatil para montagens de electr\u00f3nica digital). Eu segui as instru\u00e7\u00f5es dispon\u00edveis <a href=\"http:\/\/web2.murraystate.edu\/andy.batts\/ps\/powersupply.htm\">aqui <\/a>e j\u00e1 tenho a minha!<\/p>\n<p>&nbsp;<\/p>\n<p><img loading=\"lazy\" decoding=\"async\" class=\"wp-image-272 alignright\" style=\"border-color: #bbbbbb;background-color: #eeeeee\" alt=\"Fonte_Aberta\" src=\"http:\/\/sites.ipleiria.pt\/eclub\/files\/2013\/04\/Fonte_Aberta-300x225.jpg\" width=\"240\" height=\"180\" srcset=\"https:\/\/sites.ipleiria.pt\/eclub\/files\/2013\/04\/Fonte_Aberta-300x225.jpg 300w, https:\/\/sites.ipleiria.pt\/eclub\/files\/2013\/04\/Fonte_Aberta-400x300.jpg 400w, https:\/\/sites.ipleiria.pt\/eclub\/files\/2013\/04\/Fonte_Aberta.jpg 640w\" sizes=\"auto, (max-width: 240px) 100vw, 240px\" \/><\/p>\n<p style=\"text-align: justify\">As altera\u00e7\u00f5es s\u00e3o muito simples! Os cabos s\u00e3o quase todos para cortar e isolar. S\u00f3 vais precisar de tr\u00eas cabos vermelhos (5V), um amarelo (-12V), um azul (+12V), tr\u00eas pretos (Gnd) e um verde (ON\/OFF). Um dos pares vermelho\/preto e o cabo verde servem para ligar o LED, quando a fonte est\u00e1 ON. O outro, serve para ligar \u00e0 resist\u00eancia de carga (necess\u00e1ria para a fonte funcionar). Esta<br \/>\nresist\u00eancia vai aquecer um pouco, por isso resolvi encosta-la ao dissipador, mesmo por baixo da ventoinha!<\/p>\n<p style=\"text-align: justify\"><span style=\"color: #1b8be0\">\u00a0<\/span><\/p>\n<p><a href=\"http:\/\/sites.ipleiria.pt\/eclub\/files\/2013\/04\/Detalhe_Resistencia.jpg\"><img loading=\"lazy\" decoding=\"async\" class=\"wp-image-271 alignright\" alt=\"Detalhe_Resistencia\" src=\"http:\/\/sites.ipleiria.pt\/eclub\/files\/2013\/04\/Detalhe_Resistencia-300x225.jpg\" width=\"240\" height=\"180\" srcset=\"https:\/\/sites.ipleiria.pt\/eclub\/files\/2013\/04\/Detalhe_Resistencia-300x225.jpg 300w, https:\/\/sites.ipleiria.pt\/eclub\/files\/2013\/04\/Detalhe_Resistencia-400x300.jpg 400w, https:\/\/sites.ipleiria.pt\/eclub\/files\/2013\/04\/Detalhe_Resistencia.jpg 640w\" sizes=\"auto, (max-width: 240px) 100vw, 240px\" \/><\/a><\/p>\n<p style=\"text-align: justify\"><a href=\"http:\/\/sites.ipleiria.pt\/eclub\/files\/2013\/04\/Detalhe_Ligacoes.jpg\"><img loading=\"lazy\" decoding=\"async\" class=\"wp-image-270 alignright\" alt=\"Detalhe_Ligacoes\" src=\"http:\/\/sites.ipleiria.pt\/eclub\/files\/2013\/04\/Detalhe_Ligacoes-300x225.jpg\" width=\"240\" height=\"180\" srcset=\"https:\/\/sites.ipleiria.pt\/eclub\/files\/2013\/04\/Detalhe_Ligacoes-300x225.jpg 300w, https:\/\/sites.ipleiria.pt\/eclub\/files\/2013\/04\/Detalhe_Ligacoes-400x300.jpg 400w, https:\/\/sites.ipleiria.pt\/eclub\/files\/2013\/04\/Detalhe_Ligacoes.jpg 640w\" sizes=\"auto, (max-width: 240px) 100vw, 240px\" \/><\/a>De qualquer forma \u00e9 sempre melhor confirmares com um mult\u00edmetro as tens\u00f5es porque as cores podem variar com o fabricante das fontes. Para a fonte funcionar \u00e9 sempre necess\u00e1rio fazer uma liga\u00e7\u00e3o entre o fio verde e um fio preto.\u00a0Podes adquirir o material necess\u00e1rio na Sonigate (Kit Power Source) ou reutilizar componentes que tenha em casa (h\u00e1 sempre um\u00a0electrodom\u00e9stico avariado em casa, de onde possas retirar o interruptor ou o LED&#8230;)<\/p>\n","protected":false},"excerpt":{"rendered":"<p>Fonte de Alimenta\u00e7\u00e3o Low Cost Autor:\u00a0M\u00f3nica Figueiredo \u00a0 \u00a0 \u00a0 \u00a0 \u00a0\u00a0Data:\u00a0Abril2013\u00a0\u00a0\u00a0 \u00a0\u00a0\u00a0\u00a0\u00a0\u00a0\u00a0Contacto:\u00a0monica.figueiredo@ipleiria.pt Resumo\u00a0&#8211; Para montar um laborat\u00f3rio de electr\u00f3nica em casa, \u00e9 fundamental dispor de uma fonte de alimenta\u00e7\u00e3o. Uma vez que quase todos n\u00f3s temos em casa um &hellip; <a href=\"https:\/\/sites.ipleiria.pt\/eclub\/circuitos-propostos\/fonte-de-alimentacao-low-cost\/\">Continue reading <span class=\"meta-nav\">&rarr;<\/span><\/a><\/p>\n","protected":false},"author":1176,"featured_media":0,"parent":113,"menu_order":1,"comment_status":"open","ping_status":"closed","template":"showcase.php","meta":{"footnotes":""},"class_list":["post-268","page","type-page","status-publish","hentry"],"_links":{"self":[{"href":"https:\/\/sites.ipleiria.pt\/eclub\/wp-json\/wp\/v2\/pages\/268","targetHints":{"allow":["GET"]}}],"collection":[{"href":"https:\/\/sites.ipleiria.pt\/eclub\/wp-json\/wp\/v2\/pages"}],"about":[{"href":"https:\/\/sites.ipleiria.pt\/eclub\/wp-json\/wp\/v2\/types\/page"}],"author":[{"embeddable":true,"href":"https:\/\/sites.ipleiria.pt\/eclub\/wp-json\/wp\/v2\/users\/1176"}],"replies":[{"embeddable":true,"href":"https:\/\/sites.ipleiria.pt\/eclub\/wp-json\/wp\/v2\/comments?post=268"}],"version-history":[{"count":8,"href":"https:\/\/sites.ipleiria.pt\/eclub\/wp-json\/wp\/v2\/pages\/268\/revisions"}],"predecessor-version":[{"id":280,"href":"https:\/\/sites.ipleiria.pt\/eclub\/wp-json\/wp\/v2\/pages\/268\/revisions\/280"}],"up":[{"embeddable":true,"href":"https:\/\/sites.ipleiria.pt\/eclub\/wp-json\/wp\/v2\/pages\/113"}],"wp:attachment":[{"href":"https:\/\/sites.ipleiria.pt\/eclub\/wp-json\/wp\/v2\/media?parent=268"}],"curies":[{"name":"wp","href":"https:\/\/api.w.org\/{rel}","templated":true}]}}