{"id":28,"date":"2012-11-25T23:58:52","date_gmt":"2012-11-25T23:58:52","guid":{"rendered":"http:\/\/sites.ipleiria.pt\/eclub\/?page_id=28"},"modified":"2012-12-03T11:26:47","modified_gmt":"2012-12-03T11:26:47","slug":"kit-micro","status":"publish","type":"page","link":"https:\/\/sites.ipleiria.pt\/eclub\/hardwaresoftware\/kits-sonigate\/kit-micro\/","title":{"rendered":"Kit Micro"},"content":{"rendered":"<p>O <a href=\"http:\/\/sites.ipleiria.pt\/eclub\/files\/2012\/11\/KitMicro.png\"><strong>Kit Micro<\/strong><\/a> (<strong>8.39\u20ac<\/strong>) inclui diversos componentes \u00fateis para implementar um circuito eletr\u00f3nico com o microprocessador PIC18F4520. Este Kit inclui:<\/p>\n<ul>\n<li>1 PIC 18F4520<\/li>\n<li>1 Cristal a 10MHz<\/li>\n<li>2 Condensadores cer\u00e2micos de 22pF<\/li>\n<li>1 Sensor de Temperatura com interface SPI<\/li>\n<\/ul>\n","protected":false},"excerpt":{"rendered":"<p>O Kit Micro (8.39\u20ac) inclui diversos componentes \u00fateis para implementar um circuito eletr\u00f3nico com o microprocessador PIC18F4520. Este Kit inclui: 1 PIC 18F4520 1 Cristal a 10MHz 2 Condensadores cer\u00e2micos de 22pF 1 Sensor de Temperatura com interface SPI<\/p>\n","protected":false},"author":1176,"featured_media":0,"parent":102,"menu_order":4,"comment_status":"open","ping_status":"open","template":"showcase.php","meta":{"footnotes":""},"class_list":["post-28","page","type-page","status-publish","hentry"],"_links":{"self":[{"href":"https:\/\/sites.ipleiria.pt\/eclub\/wp-json\/wp\/v2\/pages\/28","targetHints":{"allow":["GET"]}}],"collection":[{"href":"https:\/\/sites.ipleiria.pt\/eclub\/wp-json\/wp\/v2\/pages"}],"about":[{"href":"https:\/\/sites.ipleiria.pt\/eclub\/wp-json\/wp\/v2\/types\/page"}],"author":[{"embeddable":true,"href":"https:\/\/sites.ipleiria.pt\/eclub\/wp-json\/wp\/v2\/users\/1176"}],"replies":[{"embeddable":true,"href":"https:\/\/sites.ipleiria.pt\/eclub\/wp-json\/wp\/v2\/comments?post=28"}],"version-history":[{"count":6,"href":"https:\/\/sites.ipleiria.pt\/eclub\/wp-json\/wp\/v2\/pages\/28\/revisions"}],"predecessor-version":[{"id":108,"href":"https:\/\/sites.ipleiria.pt\/eclub\/wp-json\/wp\/v2\/pages\/28\/revisions\/108"}],"up":[{"embeddable":true,"href":"https:\/\/sites.ipleiria.pt\/eclub\/wp-json\/wp\/v2\/pages\/102"}],"wp:attachment":[{"href":"https:\/\/sites.ipleiria.pt\/eclub\/wp-json\/wp\/v2\/media?parent=28"}],"curies":[{"name":"wp","href":"https:\/\/api.w.org\/{rel}","templated":true}]}}