{"id":288,"date":"2013-04-29T13:57:34","date_gmt":"2013-04-29T13:57:34","guid":{"rendered":"http:\/\/sites.ipleiria.pt\/eclub\/?page_id=288"},"modified":"2013-04-29T14:03:44","modified_gmt":"2013-04-29T14:03:44","slug":"conversor-de-formato","status":"publish","type":"page","link":"https:\/\/sites.ipleiria.pt\/eclub\/circuitos-propostos\/conversor-de-formato\/","title":{"rendered":"Conversor de Formato"},"content":{"rendered":"<p align=\"left\"><strong>Conversor de Formato com L\u00f3gica Combinacional<\/strong><\/p>\n<p align=\"left\"><strong>Autor:<\/strong>\u00a0M\u00f3nica Figueiredo \u00a0 \u00a0 \u00a0 \u00a0 \u00a0\u00a0<strong>Data:<\/strong>\u00a0Abril2013\u00a0\u00a0\u00a0 \u00a0\u00a0\u00a0\u00a0\u00a0\u00a0\u00a0<strong>Contacto:<\/strong>\u00a0monica.figueiredo@ipleiria.pt<\/p>\n<p style=\"text-align: justify\"><strong>Resumo<\/strong>\u00a0&#8211; O circuito aqui proposto permite obter o c\u00f3digo bin\u00e1rio para um n\u00famero decimal positivo ou negativo, entre 0 e 9. O resultado pode ser visto num conjunto de LEDs, num dos quatro formatos mais habituais:<\/p>\n<ul>\n<li><span style=\"line-height: 15px\">Sinal e Valor Absoluto<\/span><\/li>\n<li>Complementos para um<\/li>\n<li>Complementos para dois<\/li>\n<li>Bin\u00e1rio deslocado<\/li>\n<\/ul>\n<p style=\"text-align: justify\">O circuito \u00e9 apresentado no esquema ao lado. Ele foi implementado com o simulador Logisim, que \u00e9 gratu\u00edto (v\u00ea mais info <a href=\"http:\/\/sites.ipleiria.pt\/eclub\/software-livre\/\">aqui<\/a>), usando apenas circuitos de l\u00f3gica combinacional. Se quiseres o ficheiro com o projecto j\u00e1 feito basta que me envies um email! Tenho todo o gosto em disponibilizar. Se n\u00e3o, m\u00e3o \u00e0 obra! Ser\u00e1 que consegues?<a href=\"http:\/\/sites.ipleiria.pt\/eclub\/files\/2013\/04\/Conversor_Top.jpg\"><img loading=\"lazy\" decoding=\"async\" class=\"alignleft size-full wp-image-289\" alt=\"Conversor_Top\" src=\"http:\/\/sites.ipleiria.pt\/eclub\/files\/2013\/04\/Conversor_Top.jpg\" width=\"926\" height=\"694\" srcset=\"https:\/\/sites.ipleiria.pt\/eclub\/files\/2013\/04\/Conversor_Top.jpg 926w, https:\/\/sites.ipleiria.pt\/eclub\/files\/2013\/04\/Conversor_Top-300x224.jpg 300w, https:\/\/sites.ipleiria.pt\/eclub\/files\/2013\/04\/Conversor_Top-400x300.jpg 400w\" sizes=\"auto, (max-width: 926px) 100vw, 926px\" \/><\/a><\/p>\n<p style=\"text-align: justify\">Os circuitos U1, U2, E3 e U4 foram feitos em esquem\u00e1ticos separados. Mostro aqui figuras de cada um deles para veres como foram implementados. Podes tamb\u00e9m tentar montar este circuito em placa branca (breadboard). Basta que te desloques ao centro de electr\u00f3nica para pedir o material e<br \/>\no acesso ao Laborat\u00f3rio de Apoio.\u00a0Bom trabalho!<\/p>\n<p><a href=\"http:\/\/sites.ipleiria.pt\/eclub\/files\/2013\/04\/Conversor_U2.jpg\"><img loading=\"lazy\" decoding=\"async\" class=\"alignleft size-medium wp-image-291\" alt=\"Conversor_U2\" src=\"http:\/\/sites.ipleiria.pt\/eclub\/files\/2013\/04\/Conversor_U2-300x175.jpg\" width=\"300\" height=\"175\" srcset=\"https:\/\/sites.ipleiria.pt\/eclub\/files\/2013\/04\/Conversor_U2-300x175.jpg 300w, https:\/\/sites.ipleiria.pt\/eclub\/files\/2013\/04\/Conversor_U2-500x292.jpg 500w, https:\/\/sites.ipleiria.pt\/eclub\/files\/2013\/04\/Conversor_U2.jpg 692w\" sizes=\"auto, (max-width: 300px) 100vw, 300px\" \/><\/a> <a href=\"http:\/\/sites.ipleiria.pt\/eclub\/files\/2013\/04\/Conversor_U3.jpg\"><img loading=\"lazy\" decoding=\"async\" class=\"alignleft size-medium wp-image-292\" alt=\"Conversor_U3\" src=\"http:\/\/sites.ipleiria.pt\/eclub\/files\/2013\/04\/Conversor_U3-300x245.jpg\" width=\"300\" height=\"245\" srcset=\"https:\/\/sites.ipleiria.pt\/eclub\/files\/2013\/04\/Conversor_U3-300x245.jpg 300w, https:\/\/sites.ipleiria.pt\/eclub\/files\/2013\/04\/Conversor_U3-366x300.jpg 366w, https:\/\/sites.ipleiria.pt\/eclub\/files\/2013\/04\/Conversor_U3.jpg 689w\" sizes=\"auto, (max-width: 300px) 100vw, 300px\" \/><\/a> <a href=\"http:\/\/sites.ipleiria.pt\/eclub\/files\/2013\/04\/Conversor_U4.jpg\"><img loading=\"lazy\" decoding=\"async\" class=\"alignleft size-medium wp-image-293\" alt=\"Conversor_U4\" src=\"http:\/\/sites.ipleiria.pt\/eclub\/files\/2013\/04\/Conversor_U4-300x152.jpg\" width=\"300\" height=\"152\" srcset=\"https:\/\/sites.ipleiria.pt\/eclub\/files\/2013\/04\/Conversor_U4-300x152.jpg 300w, https:\/\/sites.ipleiria.pt\/eclub\/files\/2013\/04\/Conversor_U4-500x253.jpg 500w, https:\/\/sites.ipleiria.pt\/eclub\/files\/2013\/04\/Conversor_U4.jpg 605w\" sizes=\"auto, (max-width: 300px) 100vw, 300px\" \/><\/a> <a href=\"http:\/\/sites.ipleiria.pt\/eclub\/files\/2013\/04\/Conversor_U1.jpg\"><img loading=\"lazy\" decoding=\"async\" class=\"alignleft size-medium wp-image-290\" alt=\"Conversor_U1\" src=\"http:\/\/sites.ipleiria.pt\/eclub\/files\/2013\/04\/Conversor_U1-300x174.jpg\" width=\"300\" height=\"174\" srcset=\"https:\/\/sites.ipleiria.pt\/eclub\/files\/2013\/04\/Conversor_U1-300x174.jpg 300w, https:\/\/sites.ipleiria.pt\/eclub\/files\/2013\/04\/Conversor_U1-500x290.jpg 500w, https:\/\/sites.ipleiria.pt\/eclub\/files\/2013\/04\/Conversor_U1.jpg 645w\" sizes=\"auto, (max-width: 300px) 100vw, 300px\" \/><\/a><\/p>\n<p style=\"text-align: justify\">.<\/p>\n","protected":false},"excerpt":{"rendered":"<p>Conversor de Formato com L\u00f3gica Combinacional Autor:\u00a0M\u00f3nica Figueiredo \u00a0 \u00a0 \u00a0 \u00a0 \u00a0\u00a0Data:\u00a0Abril2013\u00a0\u00a0\u00a0 \u00a0\u00a0\u00a0\u00a0\u00a0\u00a0\u00a0Contacto:\u00a0monica.figueiredo@ipleiria.pt Resumo\u00a0&#8211; O circuito aqui proposto permite obter o c\u00f3digo bin\u00e1rio para um n\u00famero decimal positivo ou negativo, entre 0 e 9. O resultado pode ser visto &hellip; <a href=\"https:\/\/sites.ipleiria.pt\/eclub\/circuitos-propostos\/conversor-de-formato\/\">Continue reading <span class=\"meta-nav\">&rarr;<\/span><\/a><\/p>\n","protected":false},"author":1176,"featured_media":0,"parent":113,"menu_order":2,"comment_status":"open","ping_status":"closed","template":"showcase.php","meta":{"footnotes":""},"class_list":["post-288","page","type-page","status-publish","hentry"],"_links":{"self":[{"href":"https:\/\/sites.ipleiria.pt\/eclub\/wp-json\/wp\/v2\/pages\/288","targetHints":{"allow":["GET"]}}],"collection":[{"href":"https:\/\/sites.ipleiria.pt\/eclub\/wp-json\/wp\/v2\/pages"}],"about":[{"href":"https:\/\/sites.ipleiria.pt\/eclub\/wp-json\/wp\/v2\/types\/page"}],"author":[{"embeddable":true,"href":"https:\/\/sites.ipleiria.pt\/eclub\/wp-json\/wp\/v2\/users\/1176"}],"replies":[{"embeddable":true,"href":"https:\/\/sites.ipleiria.pt\/eclub\/wp-json\/wp\/v2\/comments?post=288"}],"version-history":[{"count":10,"href":"https:\/\/sites.ipleiria.pt\/eclub\/wp-json\/wp\/v2\/pages\/288\/revisions"}],"predecessor-version":[{"id":306,"href":"https:\/\/sites.ipleiria.pt\/eclub\/wp-json\/wp\/v2\/pages\/288\/revisions\/306"}],"up":[{"embeddable":true,"href":"https:\/\/sites.ipleiria.pt\/eclub\/wp-json\/wp\/v2\/pages\/113"}],"wp:attachment":[{"href":"https:\/\/sites.ipleiria.pt\/eclub\/wp-json\/wp\/v2\/media?parent=288"}],"curies":[{"name":"wp","href":"https:\/\/api.w.org\/{rel}","templated":true}]}}