{"id":366,"date":"2014-10-10T13:50:01","date_gmt":"2014-10-10T13:50:01","guid":{"rendered":"http:\/\/sites.ipleiria.pt\/eclub\/?page_id=366"},"modified":"2014-10-10T13:58:03","modified_gmt":"2014-10-10T13:58:03","slug":"projectos-arduino","status":"publish","type":"page","link":"https:\/\/sites.ipleiria.pt\/eclub\/ideias-de-projectos\/projectos-arduino\/","title":{"rendered":"Projectos Arduino"},"content":{"rendered":"<p><strong>Smartphone diz On\/Off via Bluetooth ao\u00a0Arduino<\/strong><\/p>\n<p align=\"left\"><strong>Autor:<\/strong>\u00a0Fabr\u00edcio Ferreira \u00a0 \u00a0 \u00a0 \u00a0 \u00a0\u00a0<strong>Data:<\/strong>\u00a0Outubro\u00a02014 \u00a0 \u00a0 \u00a0 \u00a0 \u00a0\u00a0<strong>Contacto:<\/strong>\u00a0<a href=\"https:\/\/email.ipleiria.pt\/owa\/redir.aspx?C=-mytJfi_oEOdmJU8y6JaO3bwPCAEuNFI7-O2GXcOm46W_KrZoXeFfOVF9qZaF6f54GdPrcIw03w.&amp;URL=mailto%3a2120738%40my.ipleiria.pt\">2120738@my.ipleiria.pt<\/a><\/p>\n<p align=\"left\"><a href=\"http:\/\/sites.ipleiria.pt\/eclub\/files\/2014\/10\/Arduino_Proj1.jpeg\"><img loading=\"lazy\" decoding=\"async\" class=\"alignleft wp-image-374 size-thumbnail\" src=\"http:\/\/sites.ipleiria.pt\/eclub\/files\/2014\/10\/Arduino_Proj1-150x150.jpeg\" alt=\"Arduino_Proj1\" width=\"150\" height=\"150\" \/><\/a><\/p>\n<p style=\"text-align: justify\"><strong>Resumo<\/strong> &#8211; Neste <a href=\"http:\/\/sites.ipleiria.pt\/eclub\/files\/2014\/10\/Aergia_Bluetooth_Android_App_EClub.pdf\">tutorial<\/a> \u00e9 explorado os b\u00e1sicos para colocar um Android Smartphone a comunicar com o Arduino via bluetooth. Uma simples solu\u00e7\u00e3o de enviar um comando on\/off a partir de uma App que corre em Android para um terminal de Bluethooth que por sua vez esta ligado ao Arduino.\u00a0O comando enviado poder\u00e1 servir para activar uma rotina que ir\u00e1 comutar um rel\u00e9 (ver tutorial de relays), acender um LED, ligar o sistema de som, ect..<\/p>\n<h1 class=\"entry-title\"><\/h1>\n<p>&nbsp;<\/p>\n<p><strong>POWER LED DRIVER \u2013 Uma Fonte de corrente por menos de 1 Euro<\/strong><\/p>\n<p align=\"left\"><strong>Autor:<\/strong>\u00a0Fabr\u00edcio Ferreira \u00a0 \u00a0 \u00a0 \u00a0 \u00a0\u00a0<strong>Data:<\/strong>\u00a0Outubro\u00a02014 \u00a0 \u00a0 \u00a0 \u00a0 \u00a0\u00a0<strong>Contacto:<\/strong>\u00a0<a href=\"https:\/\/email.ipleiria.pt\/owa\/redir.aspx?C=-mytJfi_oEOdmJU8y6JaO3bwPCAEuNFI7-O2GXcOm46W_KrZoXeFfOVF9qZaF6f54GdPrcIw03w.&amp;URL=mailto%3a2120738%40my.ipleiria.pt\">2120738@my.ipleiria.pt<\/a><\/p>\n<p align=\"left\"><a href=\"http:\/\/sites.ipleiria.pt\/eclub\/files\/2014\/10\/Arduino_Proj2.jpeg\"><img loading=\"lazy\" decoding=\"async\" class=\"alignright size-thumbnail wp-image-375\" src=\"http:\/\/sites.ipleiria.pt\/eclub\/files\/2014\/10\/Arduino_Proj2-150x150.jpeg\" alt=\"Arduino_Proj2\" width=\"150\" height=\"150\" \/><\/a><\/p>\n<p style=\"text-align: justify\"><strong>Resumo<\/strong> &#8211; Existem numerosas formas de alimentar um \u201cPower LED\u201d\u00a0e qualquer iniciante em electr\u00f3nica facilmente consegue obter na web v\u00e1rias montagens e estrat\u00e9gias para o efeito. Muitas passar\u00e3o pela utiliza\u00e7\u00e3o de uma simples resist\u00eancia em s\u00e9rie com o LED, outras fazem uso de reguladores de tens\u00e3o com recurso ao integrado LM317 ou do 7812 (ver tutorial controlador de tens\u00e3o). Neste <a href=\"http:\/\/sites.ipleiria.pt\/eclub\/files\/2014\/10\/Aergia_Power_LED_1Euro_EClub.pdf\">tutorial<\/a>\u00a0\u00e9 explorada uma outra solu\u00e7\u00e3o que faz uso de \u201crealimenta\u00e7\u00e3o negativa\u201d.<\/p>\n<h1 class=\"entry-title\"><\/h1>\n<p>&nbsp;<\/p>\n<p><strong>Aergia Arduino\u00a0\u2013 O Arduino pregui\u00e7oso que aguenta 12 meses a\u00a0pilhas<\/strong><\/p>\n<p align=\"left\"><strong>Autor:<\/strong>\u00a0Fabr\u00edcio Ferreira \u00a0 \u00a0 \u00a0 \u00a0 \u00a0\u00a0<strong>Data:<\/strong>\u00a0Outubro\u00a02014 \u00a0 \u00a0 \u00a0 \u00a0 \u00a0\u00a0<strong>Contacto:<\/strong>\u00a0<a href=\"https:\/\/email.ipleiria.pt\/owa\/redir.aspx?C=-mytJfi_oEOdmJU8y6JaO3bwPCAEuNFI7-O2GXcOm46W_KrZoXeFfOVF9qZaF6f54GdPrcIw03w.&amp;URL=mailto%3a2120738%40my.ipleiria.pt\">2120738@my.ipleiria.pt<\/a><\/p>\n<p align=\"left\"><a href=\"http:\/\/sites.ipleiria.pt\/eclub\/files\/2014\/10\/Arduino_Proj3.jpeg\"><img loading=\"lazy\" decoding=\"async\" class=\"alignleft size-thumbnail wp-image-376\" src=\"http:\/\/sites.ipleiria.pt\/eclub\/files\/2014\/10\/Arduino_Proj3-150x150.jpeg\" alt=\"Arduino_Proj3\" width=\"150\" height=\"150\" srcset=\"https:\/\/sites.ipleiria.pt\/eclub\/files\/2014\/10\/Arduino_Proj3-150x150.jpeg 150w, https:\/\/sites.ipleiria.pt\/eclub\/files\/2014\/10\/Arduino_Proj3-303x300.jpeg 303w\" sizes=\"auto, (max-width: 150px) 100vw, 150px\" \/><\/a><\/p>\n<p style=\"text-align: justify\"><strong>Resumo<\/strong> &#8211; O Arduino Uno, que inclui um regulador de tens\u00e3o, USB interface e alguns LEDs consome demasiada energia para poder ser utilizado como uma solu\u00e7\u00e3o port\u00e1til alimentado apenas a pilhas. O Arduino Uno apresenta um consumo elevad\u00edssimo! Mesmo sem estar a fazer nada.\u00a0Neste <a href=\"http:\/\/sites.ipleiria.pt\/eclub\/files\/2014\/10\/Aergia_Arduino_EClub.pdf\">tutorial<\/a>\u00a0\u00e9 explicada uma\u00a0solu\u00e7\u00e3o para este problema.\u00a0Baptizei esta solu\u00e7\u00e3o como \u201cAergia Arduino\u201d em honra da deusa grega da pregui\u00e7a e do \u00f3cio.<\/p>\n","protected":false},"excerpt":{"rendered":"<p>Smartphone diz On\/Off via Bluetooth ao\u00a0Arduino Autor:\u00a0Fabr\u00edcio Ferreira \u00a0 \u00a0 \u00a0 \u00a0 \u00a0\u00a0Data:\u00a0Outubro\u00a02014 \u00a0 \u00a0 \u00a0 \u00a0 \u00a0\u00a0Contacto:\u00a02120738@my.ipleiria.pt Resumo &#8211; Neste tutorial \u00e9 explorado os b\u00e1sicos para colocar um Android Smartphone a comunicar com o Arduino via bluetooth. Uma simples &hellip; <a href=\"https:\/\/sites.ipleiria.pt\/eclub\/ideias-de-projectos\/projectos-arduino\/\">Continue reading <span class=\"meta-nav\">&rarr;<\/span><\/a><\/p>\n","protected":false},"author":1176,"featured_media":0,"parent":115,"menu_order":0,"comment_status":"open","ping_status":"closed","template":"showcase.php","meta":{"footnotes":""},"class_list":["post-366","page","type-page","status-publish","hentry"],"_links":{"self":[{"href":"https:\/\/sites.ipleiria.pt\/eclub\/wp-json\/wp\/v2\/pages\/366","targetHints":{"allow":["GET"]}}],"collection":[{"href":"https:\/\/sites.ipleiria.pt\/eclub\/wp-json\/wp\/v2\/pages"}],"about":[{"href":"https:\/\/sites.ipleiria.pt\/eclub\/wp-json\/wp\/v2\/types\/page"}],"author":[{"embeddable":true,"href":"https:\/\/sites.ipleiria.pt\/eclub\/wp-json\/wp\/v2\/users\/1176"}],"replies":[{"embeddable":true,"href":"https:\/\/sites.ipleiria.pt\/eclub\/wp-json\/wp\/v2\/comments?post=366"}],"version-history":[{"count":13,"href":"https:\/\/sites.ipleiria.pt\/eclub\/wp-json\/wp\/v2\/pages\/366\/revisions"}],"predecessor-version":[{"id":386,"href":"https:\/\/sites.ipleiria.pt\/eclub\/wp-json\/wp\/v2\/pages\/366\/revisions\/386"}],"up":[{"embeddable":true,"href":"https:\/\/sites.ipleiria.pt\/eclub\/wp-json\/wp\/v2\/pages\/115"}],"wp:attachment":[{"href":"https:\/\/sites.ipleiria.pt\/eclub\/wp-json\/wp\/v2\/media?parent=366"}],"curies":[{"name":"wp","href":"https:\/\/api.w.org\/{rel}","templated":true}]}}