{"id":10,"date":"2021-06-23T16:38:56","date_gmt":"2021-06-23T16:38:56","guid":{"rendered":"https:\/\/sites.ipleiria.pt\/emda\/?page_id=10"},"modified":"2022-06-13T10:00:36","modified_gmt":"2022-06-13T10:00:36","slug":"agenda-para-2021","status":"publish","type":"page","link":"https:\/\/sites.ipleiria.pt\/emda\/agenda-para-2021\/","title":{"rendered":"Agenda 2021"},"content":{"rendered":"\n<p>Os encontros realizam-se na segunda quarta-feira de cada m\u00eas, <strong>entre as 18:00 e as 19:30<\/strong>, <span style=\"text-decoration: underline\">hora de Portugal Continental<\/span>. <br>Os encontros realizam-se remotamente e s\u00e3o emitidos em direto no <a rel=\"noreferrer noopener\" href=\"https:\/\/www.youtube.com\/channel\/UCicjl7ixf_h8DbjhO5C_WrA\" target=\"_blank\">canal da ESECS-Polit\u00e9cnico de Leiria do YouTube<\/a>. O p\u00fablico pode assistir ao evento na sala Zoom ou no canal do YouTube.<br>Cada encontro combina dois momentos: 30 minutos para a apresenta\u00e7\u00e3o e 45 minutos para a discuss\u00e3o. Os encontros t\u00eam a dura\u00e7\u00e3o m\u00e1xima de 1 hora e 30 minutos.<\/p>\n\n\n\n<div class=\"wp-block-group\"><div class=\"wp-block-group__inner-container is-layout-flow wp-block-group-is-layout-flow\">\n<div class=\"wp-block-columns are-vertically-aligned-center is-layout-flex wp-container-core-columns-is-layout-1 wp-block-columns-is-layout-flex\">\n<div class=\"wp-block-column is-vertically-aligned-center is-layout-flow wp-block-column-is-layout-flow\" style=\"flex-basis:100%\">\n<figure class=\"wp-block-table alignleft is-style-regular\"><table><tbody><tr><td class=\"has-text-align-left\" data-align=\"left\"><\/td><td>Nome do apresentador e t\u00edtulo da apresenta\u00e7\u00e3o<\/td><td class=\"has-text-align-center\" data-align=\"center\"><\/td><\/tr><tr><td class=\"has-text-align-left\" data-align=\"left\">14 de JULHO, 18h00-19h30<br><strong>EMDA 1<\/strong><\/td><td><strong>Miguel Moiteiro Marques<\/strong>:<br><strong>&#8220;O g\u00e9nero disserta\u00e7\u00e3o de mestrado em Portugal: propriedades estruturais, estil\u00edsticas e tem\u00e1ticas de textos das \u00e1reas das ci\u00eancias e das humanidades&#8221;<\/strong> <br>                                  <a href=\"https:\/\/sites.ipleiria.pt\/emda\/emda-1\/\" data-type=\"page\" data-id=\"296\">Leia mais informa\u00e7\u00e3o sobre o EMDA 1<\/a><br><br>                                 *V\u00cdDEO* <a rel=\"noreferrer noopener\" href=\"https:\/\/www.youtube.com\/watch?v=hP2dFgj-ZU8&amp;t=12s\" data-type=\"URL\" data-id=\"https:\/\/www.youtube.com\/watch?v=hP2dFgj-ZU8&amp;t=12s\" target=\"_blank\">Veja e partilhe a grava\u00e7\u00e3o do EMDA 1<\/a> <\/td><td class=\"has-text-align-center\" data-align=\"center\"><\/td><\/tr><tr><td class=\"has-text-align-left\" data-align=\"left\">13 de OUTUBRO, 18h00-19h30<br><strong>EMDA 2<\/strong><\/td><td><strong>Lu Gao:<\/strong><br><strong>&#8220;A posi\u00e7\u00e3o autoral (<em>stance<\/em>) de aluno-autores universit\u00e1rios em ensaios acad\u00e9micos&#8221;<\/strong><br>                                   <a href=\"https:\/\/sites.ipleiria.pt\/emda\/emda-2-13-de-outubro-de-2021\/\" data-type=\"page\" data-id=\"358\">Leia mais informa\u00e7\u00e3o sobre o EMDA 2<\/a><br>                        <br>                                 *V\u00cdDEO* <a rel=\"noreferrer noopener\" href=\"https:\/\/www.youtube.com\/watch?v=901Dcyd4OaE\" data-type=\"URL\" data-id=\"https:\/\/www.youtube.com\/watch?v=901Dcyd4OaE\" target=\"_blank\">Veja e partilhe a grava\u00e7\u00e3o do EMDA 2<\/a><\/td><td class=\"has-text-align-center\" data-align=\"center\"><\/td><\/tr><tr><td class=\"has-text-align-left\" data-align=\"left\">10 de NOVEMBRO, 18h00-19h30<br><strong>EMDA 3<\/strong><\/td><td><strong>Gilberto Milice:<\/strong><br><strong>&#8220;Did\u00e1tica da leitura no contexto de inclus\u00e3o em Mo\u00e7ambique: concep\u00e7\u00f5es lingu\u00edsticas e pr\u00e1ticas metodol\u00f3gicas&#8221;<\/strong><br>                                   <a href=\"https:\/\/sites.ipleiria.pt\/emda\/emda-3-10-de-novembro-de-2021\/\" data-type=\"page\" data-id=\"421\">Leia mais informa\u00e7\u00e3o sobre o EMDA 3<\/a><br>                                  <br>                                  *V\u00cdDEO* <a href=\"https:\/\/www.youtube.com\/watch?v=Dufaxuqyfis&amp;t=4499s\" data-type=\"URL\" data-id=\"https:\/\/www.youtube.com\/watch?v=Dufaxuqyfis&amp;t=4499s\">Veja e partilhe a grava\u00e7\u00e3o do EMDA 3<\/a><\/td><td class=\"has-text-align-center\" data-align=\"center\"><\/td><\/tr><tr><td class=\"has-text-align-left\" data-align=\"left\">15 de DEZEMBRO, 18h00-19h30<br><strong>EMDA 4<\/strong><\/td><td><strong>Ana Sofia Pinto:<\/strong><br><strong>&#8220;Mecanismos de reformula\u00e7\u00e3o no discurso acad\u00e9mico&#8221;<\/strong><br>                                   <a href=\"https:\/\/sites.ipleiria.pt\/emda\/emda-4-15-de-dezembro-de-2021\/\" data-type=\"page\" data-id=\"462\">Leia mais informa\u00e7\u00e3o sobre o EMDA 4<\/a><br><br>                                   *V\u00cdDEO* <a href=\"https:\/\/www.youtube.com\/watch?v=ee05lRWarZ0\" data-type=\"URL\" data-id=\"https:\/\/www.youtube.com\/watch?v=ee05lRWarZ0\">Veja e partilhe a grava\u00e7\u00e3o do EMDA 4<\/a><\/td><td class=\"has-text-align-center\" data-align=\"center\"><\/td><\/tr><\/tbody><\/table><\/figure>\n\n\n\n<p><em>*O grupo do DPDA aceita, em perman\u00eancia, <a href=\"https:\/\/sites.ipleiria.pt\/emda\/orientacoes-para-a-submissao-de-propostas\/\" data-type=\"page\" data-id=\"14\">propostas para apresenta\u00e7\u00e3o<\/a>.&nbsp;<\/em><\/p>\n<\/div>\n<\/div>\n<\/div><\/div>\n\n\n\n<p><strong>Apoios<\/strong><\/p>\n\n\n\n<p>A divulga\u00e7\u00e3o e realiza\u00e7\u00e3o dos encontros conta com o apoio da ESECS-Polit\u00e9cnico de Leiria, nomeadamente:<\/p>\n\n\n\n<ul class=\"wp-block-list\"><li>Centro de Recursos Audiovisuais<\/li><li>Centro de Recursos de Multim\u00e9dia<\/li><li>Gabinete de Rela\u00e7\u00f5es P\u00fablicas e Coopera\u00e7\u00e3o Internacional<\/li><li>Servi\u00e7os Inform\u00e1ticos<\/li><\/ul>\n\n\n\n<p class=\"has-light-gray-background-color has-background\">A participa\u00e7\u00e3o na sala zoom tem como pressuposto a\u00a0aceita\u00e7\u00e3o do registo de som e imagem. Em alternativa, \u00e9 poss\u00edvel assistir \u00e0 emiss\u00e3o em direto no\u00a0<a rel=\"noreferrer noopener\" href=\"https:\/\/www.youtube.com\/channel\/UCicjl7ixf_h8DbjhO5C_WrA\" target=\"_blank\">canal da ESECS-Polit\u00e9cnico de Leiria do YouTube<\/a>. <br>Todas as edi\u00e7\u00f5es dos EMDA ficar\u00e3o acess\u00edveis na lista de v\u00eddeos do\u00a0<a rel=\"noreferrer noopener\" href=\"https:\/\/www.youtube.com\/channel\/UCicjl7ixf_h8DbjhO5C_WrA\" target=\"_blank\">canal da ESECS-Polit\u00e9cnico de Leiria do YouTube<\/a>\u00a0e no\u00a0<a href=\"https:\/\/sites.ipleiria.pt\/emda\/encontros-realizados\/\" data-type=\"page\" data-id=\"12\">s\u00edtio do evento<\/a>, para visualiza\u00e7\u00e3o pelo p\u00fablico em geral.<\/p>\n\n\n\n<p><\/p>\n\n\n\n<p class=\"has-white-color has-text-color\">mmmmmmmmmmmmmmmmmmmmmmmmmmmmmmmmmmmmmmmmmmmmmmmmmmmmmmmmmmmmmmmmmmmmmmmmmmmmmmmmmmmmmmmmmmmmmmmmmmmmmmmmmmmmmmmmmmmmmmmmmmmmmmmmmmmmmmmmmmmmmmmmmmmmmmmmmmmmmmmmmmmmmmmmmmmmmmmmmmmmmmmmmmm<\/p>\n\n\n\n<figure class=\"wp-block-image size-full is-resized\"><img fetchpriority=\"high\" decoding=\"async\" src=\"https:\/\/sites.ipleiria.pt\/emda\/files\/2021\/07\/logotipos.001-1-e1625577648547.jpeg\" alt=\"\" class=\"wp-image-252\" width=\"1024\" height=\"89\" srcset=\"https:\/\/sites.ipleiria.pt\/emda\/files\/2021\/07\/logotipos.001-1-e1625577648547.jpeg 1024w, https:\/\/sites.ipleiria.pt\/emda\/files\/2021\/07\/logotipos.001-1-e1625577648547-300x26.jpeg 300w, https:\/\/sites.ipleiria.pt\/emda\/files\/2021\/07\/logotipos.001-1-e1625577648547-768x67.jpeg 768w, https:\/\/sites.ipleiria.pt\/emda\/files\/2021\/07\/logotipos.001-1-e1625577648547-624x54.jpeg 624w\" sizes=\"(max-width: 1024px) 100vw, 1024px\" \/><\/figure>\n\n\n\n<p class=\"has-white-color has-text-color\">Este par\u00e1grafo serve para empurrar a barra dos logotipos para baixo. Este par\u00e1grafo serve para empurrar a barra dos logotipos para baixo. Este par\u00e1grafo serve para empurrar a barra dos logotipos para baixo.<\/p>\n","protected":false},"excerpt":{"rendered":"<p>Os encontros realizam-se na segunda quarta-feira de cada m\u00eas, entre as 18:00 e as 19:30, hora de Portugal Continental. Os encontros realizam-se remotamente e s\u00e3o emitidos em direto no canal da ESECS-Polit\u00e9cnico de Leiria do YouTube. O p\u00fablico pode assistir ao evento na sala Zoom ou no canal do YouTube.Cada encontro combina dois momentos: 30 [&hellip;]<\/p>\n","protected":false},"author":5223,"featured_media":0,"parent":0,"menu_order":0,"comment_status":"closed","ping_status":"closed","template":"","meta":{"footnotes":""},"class_list":["post-10","page","type-page","status-publish","hentry"],"_links":{"self":[{"href":"https:\/\/sites.ipleiria.pt\/emda\/wp-json\/wp\/v2\/pages\/10","targetHints":{"allow":["GET"]}}],"collection":[{"href":"https:\/\/sites.ipleiria.pt\/emda\/wp-json\/wp\/v2\/pages"}],"about":[{"href":"https:\/\/sites.ipleiria.pt\/emda\/wp-json\/wp\/v2\/types\/page"}],"author":[{"embeddable":true,"href":"https:\/\/sites.ipleiria.pt\/emda\/wp-json\/wp\/v2\/users\/5223"}],"replies":[{"embeddable":true,"href":"https:\/\/sites.ipleiria.pt\/emda\/wp-json\/wp\/v2\/comments?post=10"}],"version-history":[{"count":83,"href":"https:\/\/sites.ipleiria.pt\/emda\/wp-json\/wp\/v2\/pages\/10\/revisions"}],"predecessor-version":[{"id":735,"href":"https:\/\/sites.ipleiria.pt\/emda\/wp-json\/wp\/v2\/pages\/10\/revisions\/735"}],"wp:attachment":[{"href":"https:\/\/sites.ipleiria.pt\/emda\/wp-json\/wp\/v2\/media?parent=10"}],"curies":[{"name":"wp","href":"https:\/\/api.w.org\/{rel}","templated":true}]}}