{"id":1016,"date":"2023-10-27T09:24:10","date_gmt":"2023-10-27T09:24:10","guid":{"rendered":"https:\/\/sites.ipleiria.pt\/emda\/?page_id=1016"},"modified":"2024-06-25T07:57:35","modified_gmt":"2024-06-25T07:57:35","slug":"agenda-2024-semestre-1","status":"publish","type":"page","link":"https:\/\/sites.ipleiria.pt\/emda\/agenda-2024-semestre-1\/","title":{"rendered":"Agenda 2024 &#8211; semestre 1"},"content":{"rendered":"\n<p>Os EMDA realizam-se sempre entre as 18h e as 19h30 \u2013 hor\u00e1rio de Portugal continental.<\/p>\n\n\n\n<figure class=\"wp-block-table is-style-regular\"><table><tbody><tr><td><\/td><td>Nome do apresentador e t\u00edtulo da apresenta\u00e7\u00e3o<\/td><\/tr><tr><td>22 de JANEIRO<br><strong>EMDA 18<\/strong><\/td><td>AVALIA\u00c7\u00c3O DO PROCESSO DE APRENDIZAGEM DO PORTUGU\u00caS NO ENSINO SECUND\u00c1RIO GERAL EM MO\u00c7AMBIQUE: APRESENTA\u00c7\u00c3O DOS RESULTADOS PRELIMINARES DE UM PROJECTO<br><strong>Carlito A. Companhia, Nelson Ernesto, Osvaldo Faquir&nbsp;e Leonarda Menezes<\/strong><br><br><a href=\"https:\/\/sites.ipleiria.pt\/emda\/emda-18-22-de-janeiro-de-2024\/\" data-type=\"page\" data-id=\"1085\">Leia mais informa\u00e7\u00e3o sobre o EMDA18<\/a>  <\/td><\/tr><tr><td>19 de FEVEREIRO<br><strong>EMDA 19<\/strong><\/td><td>O ensaio nas pr\u00e1ticas textuais acad\u00e9micas em Mo\u00e7ambique: (im)possibilidades de identifica\u00e7\u00e3o de par\u00e2metros do g\u00e9nero<br><strong>Marta Sitoe<\/strong><br><br><a href=\"https:\/\/sites.ipleiria.pt\/emda\/emda-19-19-de-fevereiro-de-2024\/\" data-type=\"page\" data-id=\"1128\">Leia mais informa\u00e7\u00e3o sobre o EMDA19<\/a> <\/td><\/tr><tr><td>22 de ABRIL<br><strong>EMDA 20<\/strong><\/td><td>Pr\u00e1ticas de escrita no Ensino Secund\u00e1rio no contexto de Cabo Verde<br><strong>Maria Goreti Varela Freire Silva<\/strong><br><br><a href=\"https:\/\/sites.ipleiria.pt\/emda\/emda-20-18-de-marco-de-2024\/\">Leia mais informa\u00e7\u00e3o sobre o EMDA20<\/a> <\/td><\/tr><tr><td>20 de MAIO<br><strong>EMDA 21<\/strong><\/td><td>Par\u00e2metros textuais de um <em>corpus<\/em> de textos do g\u00e9nero resumo de monografia<br><strong>\u00c2ngelo Am\u00e9rico Mauai<\/strong><br><br><a href=\"https:\/\/sites.ipleiria.pt\/emda\/emda-22-20-de-maio-de-2024\/\" data-type=\"page\" data-id=\"1186\">Leia mais informa\u00e7\u00e3o sobre o EMDA21<\/a> | <em><a href=\"https:\/\/videoconf-colibri.zoom.us\/j\/95546911950?pwd=Tkh1Rm5uQzJUeHZnelo5M214VEFJdz09\">Liga\u00e7\u00e3o para sala zoom do EMDA 21<\/a><\/em><\/td><\/tr><tr><td>24 de JUNHO <strong>EMDA 17*22<\/strong><\/td><td><em>*Nova edi\u00e7\u00e3o da proposta de apresenta\u00e7\u00e3o do EMDA17, interrompida por problemas t\u00e9cnicos.*<br><\/em>Didatiza\u00e7\u00e3o da escrita no contexto mo\u00e7ambicano segundo a abordagem genol\u00f3gica da Escola de Sydney<br><strong>Em\u00edlia Marrengula<\/strong><br><br><a href=\"https:\/\/sites.ipleiria.pt\/emda\/emda-17-11-de-dezembro-de-2023\/\">Leia mais informa\u00e7\u00e3o sobre o EMDA 17 <\/a><\/td><\/tr><tr><td><\/td><td><\/td><\/tr><\/tbody><\/table><\/figure>\n","protected":false},"excerpt":{"rendered":"<p>Os EMDA realizam-se sempre entre as 18h e as 19h30 \u2013 hor\u00e1rio de Portugal continental. Nome do apresentador e t\u00edtulo da apresenta\u00e7\u00e3o 22 de JANEIROEMDA 18 AVALIA\u00c7\u00c3O DO PROCESSO DE APRENDIZAGEM DO PORTUGU\u00caS NO ENSINO SECUND\u00c1RIO GERAL EM MO\u00c7AMBIQUE: APRESENTA\u00c7\u00c3O DOS RESULTADOS PRELIMINARES DE UM PROJECTOCarlito A. Companhia, Nelson Ernesto, Osvaldo Faquir&nbsp;e Leonarda Menezes Leia [&hellip;]<\/p>\n","protected":false},"author":3183,"featured_media":0,"parent":0,"menu_order":0,"comment_status":"closed","ping_status":"closed","template":"","meta":{"footnotes":""},"class_list":["post-1016","page","type-page","status-publish","hentry"],"_links":{"self":[{"href":"https:\/\/sites.ipleiria.pt\/emda\/wp-json\/wp\/v2\/pages\/1016","targetHints":{"allow":["GET"]}}],"collection":[{"href":"https:\/\/sites.ipleiria.pt\/emda\/wp-json\/wp\/v2\/pages"}],"about":[{"href":"https:\/\/sites.ipleiria.pt\/emda\/wp-json\/wp\/v2\/types\/page"}],"author":[{"embeddable":true,"href":"https:\/\/sites.ipleiria.pt\/emda\/wp-json\/wp\/v2\/users\/3183"}],"replies":[{"embeddable":true,"href":"https:\/\/sites.ipleiria.pt\/emda\/wp-json\/wp\/v2\/comments?post=1016"}],"version-history":[{"count":44,"href":"https:\/\/sites.ipleiria.pt\/emda\/wp-json\/wp\/v2\/pages\/1016\/revisions"}],"predecessor-version":[{"id":1261,"href":"https:\/\/sites.ipleiria.pt\/emda\/wp-json\/wp\/v2\/pages\/1016\/revisions\/1261"}],"wp:attachment":[{"href":"https:\/\/sites.ipleiria.pt\/emda\/wp-json\/wp\/v2\/media?parent=1016"}],"curies":[{"name":"wp","href":"https:\/\/api.w.org\/{rel}","templated":true}]}}