{"id":1085,"date":"2024-01-13T14:03:03","date_gmt":"2024-01-13T14:03:03","guid":{"rendered":"https:\/\/sites.ipleiria.pt\/emda\/?page_id=1085"},"modified":"2024-01-22T17:42:43","modified_gmt":"2024-01-22T17:42:43","slug":"emda-18-22-de-janeiro-de-2024","status":"publish","type":"page","link":"https:\/\/sites.ipleiria.pt\/emda\/emda-18-22-de-janeiro-de-2024\/","title":{"rendered":"EMDA 18 &#8211; 22 de janeiro de 2024"},"content":{"rendered":"\n<h2 class=\"wp-block-heading\">Os apresentadores<\/h2>\n\n\n\n<p><strong>Carlito A. Companhia; Nelson Ernesto; Osvaldo Faquir&nbsp;e Leonarda Menezes<br><\/strong>(Universidade Eduardo Mondlane)<\/p>\n\n\n\n<div class=\"wp-block-columns is-layout-flex wp-container-core-columns-is-layout-1 wp-block-columns-is-layout-flex\">\n<div class=\"wp-block-column is-layout-flow wp-block-column-is-layout-flow\">\n<figure class=\"wp-block-image size-full is-style-rounded\"><img fetchpriority=\"high\" decoding=\"async\" width=\"689\" height=\"817\" src=\"https:\/\/sites.ipleiria.pt\/emda\/files\/2024\/01\/E3D49822-67A9-40FA-89DD-1D5E0A36832E.png\" alt=\"\" class=\"wp-image-1104\" srcset=\"https:\/\/sites.ipleiria.pt\/emda\/files\/2024\/01\/E3D49822-67A9-40FA-89DD-1D5E0A36832E.png 689w, https:\/\/sites.ipleiria.pt\/emda\/files\/2024\/01\/E3D49822-67A9-40FA-89DD-1D5E0A36832E-253x300.png 253w, https:\/\/sites.ipleiria.pt\/emda\/files\/2024\/01\/E3D49822-67A9-40FA-89DD-1D5E0A36832E-624x740.png 624w\" sizes=\"(max-width: 689px) 100vw, 689px\" \/><figcaption class=\"wp-element-caption\">Carlito A. Companhia<\/figcaption><\/figure>\n\n\n\n<p><\/p>\n<\/div>\n\n\n\n<div class=\"wp-block-column is-layout-flow wp-block-column-is-layout-flow\">\n<figure class=\"wp-block-image size-medium is-style-default\"><img decoding=\"async\" width=\"200\" height=\"300\" src=\"https:\/\/sites.ipleiria.pt\/emda\/files\/2024\/01\/3018B1F6-164E-402F-9B58-BA1C9B3B3984-200x300.png\" alt=\"\" class=\"wp-image-1109\" srcset=\"https:\/\/sites.ipleiria.pt\/emda\/files\/2024\/01\/3018B1F6-164E-402F-9B58-BA1C9B3B3984-200x300.png 200w, https:\/\/sites.ipleiria.pt\/emda\/files\/2024\/01\/3018B1F6-164E-402F-9B58-BA1C9B3B3984-683x1024.png 683w, https:\/\/sites.ipleiria.pt\/emda\/files\/2024\/01\/3018B1F6-164E-402F-9B58-BA1C9B3B3984-768x1152.png 768w, https:\/\/sites.ipleiria.pt\/emda\/files\/2024\/01\/3018B1F6-164E-402F-9B58-BA1C9B3B3984-1024x1536.png 1024w, https:\/\/sites.ipleiria.pt\/emda\/files\/2024\/01\/3018B1F6-164E-402F-9B58-BA1C9B3B3984-624x936.png 624w, https:\/\/sites.ipleiria.pt\/emda\/files\/2024\/01\/3018B1F6-164E-402F-9B58-BA1C9B3B3984.png 1206w\" sizes=\"(max-width: 200px) 100vw, 200px\" \/><figcaption class=\"wp-element-caption\">Osvaldo Faquir<\/figcaption><\/figure>\n<\/div>\n\n\n\n<div class=\"wp-block-column is-layout-flow wp-block-column-is-layout-flow\">\n<figure class=\"wp-block-image size-full is-style-rounded\"><img decoding=\"async\" width=\"351\" height=\"422\" src=\"https:\/\/sites.ipleiria.pt\/emda\/files\/2024\/01\/Leonarda_Meneses.png\" alt=\"\" class=\"wp-image-1106\" srcset=\"https:\/\/sites.ipleiria.pt\/emda\/files\/2024\/01\/Leonarda_Meneses.png 351w, https:\/\/sites.ipleiria.pt\/emda\/files\/2024\/01\/Leonarda_Meneses-250x300.png 250w\" sizes=\"(max-width: 351px) 100vw, 351px\" \/><figcaption class=\"wp-element-caption\">Leonarda Menezes<\/figcaption><\/figure>\n\n\n\n<p><\/p>\n<\/div>\n\n\n\n<div class=\"wp-block-column is-layout-flow wp-block-column-is-layout-flow\"><\/div>\n<\/div>\n\n\n\n<p><em>As notas biogr\u00e1ficas podem ser lidas no final desta p\u00e1gina.<\/em><\/p>\n\n\n\n<h2 class=\"wp-block-heading\">A apresenta\u00e7\u00e3o<\/h2>\n\n\n\n<h4 class=\"wp-block-heading\">T\u00edtulo da apresenta\u00e7\u00e3o<\/h4>\n\n\n\n<p>AVALIA\u00c7\u00c3O DO PROCESSO DE APRENDIZAGEM DO PORTUGU\u00caS NO ENSINO SECUND\u00c1RIO GERAL EM MO\u00c7AMBIQUE: APRESENTA\u00c7\u00c3O DOS RESULTADOS PRELIMINARES DE UM PROJECTO<\/p>\n\n\n\n<h4 class=\"wp-block-heading\">Resumo<\/h4>\n\n\n\n<p>O&nbsp;projecto&nbsp;\u201cAvalia\u00e7\u00e3o do processo de ensino-aprendizagem do portugu\u00eas no Ensino Secund\u00e1rio Geral em Mo\u00e7ambique\u201d tem&nbsp;os seguintes&nbsp;objectivos:&nbsp;(i)&nbsp;descrever o perfil de compet\u00eancias dos&nbsp;alunos&nbsp;ao n\u00edvel da gram\u00e1tica, leitura e escrita e (ii)&nbsp;analisar as&nbsp;cren\u00e7as&nbsp;dos professores e alunos em rela\u00e7\u00e3o ao ensino destas componentes.&nbsp;Tendo em vista alcan\u00e7ar estes&nbsp;objectivos, do ponto de vista metodol\u00f3gico&nbsp;recorreu-se a&nbsp;um&nbsp;<em>corpus<\/em>&nbsp;escrito&nbsp;semi-espont\u00e2neo&nbsp;constitu\u00eddo a partir de&nbsp;redac\u00e7\u00f5es&nbsp;elaboradas por 180 alunos da 8\u00aa a 12 \u00aa classe das prov\u00edncias de Cabo Delgado, Zamb\u00e9zia, Manica, Inhambane, Maputo-Cidade e Maputo-Prov\u00edncia (30 alunos por prov\u00edncia,&nbsp;6 alunos por classe), incluindo&nbsp;question\u00e1rios&nbsp;administrados a estes mesmos alunos e a 60 professores de l\u00edngua portuguesa das mesmas prov\u00edncias (10 professores por prov\u00edncia).<\/p>\n\n\n\n<p>Os resultados&nbsp;preliminares&nbsp;deste estudo mostram que (ia)&nbsp;as principais \u00e1reas cr\u00edticas do conhecimento gramatical dos alunos do ESG em Mo\u00e7ambique&nbsp;incluem a sintaxe e os fen\u00f3menos de interface&nbsp;l\u00e9xico-sintaxe e&nbsp;morfo-sintaxe, sendo esta \u00faltima a mais&nbsp;afectada; (ib)&nbsp;os erros de ortografia dos alunos do ESG distribuem-se em tr\u00eas grandes categorias nomeadamente&nbsp;erros f\u00f3nicos,&nbsp;grafem\u00e1ticos&nbsp;e morfol\u00f3gicos, sendo a primeira categoria a mais&nbsp;afectada&nbsp;e que&nbsp;(ii)&nbsp;os professores e alunos do ESG tendem a possuir cren\u00e7as diferenciadas em rela\u00e7\u00e3o&nbsp;ao ensino e aprendizagem da gram\u00e1tica, da leitura e&nbsp;da escrita.<\/p>\n\n\n\n<p><strong>PALAVRAS-CHAVE:<\/strong> Avalia\u00e7\u00e3o; Ensino-Aprendizagem; Portugu\u00eas; Ensino&nbsp;Secund\u00e1rio; Mo\u00e7ambique.<\/p>\n\n\n\n<hr class=\"wp-block-separator has-alpha-channel-opacity\" \/>\n\n\n\n<h2 class=\"wp-block-heading\">Notas biogr\u00e1ficas dos apresentadores<\/h2>\n\n\n\n<div class=\"wp-block-columns is-layout-flex wp-container-core-columns-is-layout-3 wp-block-columns-is-layout-flex\">\n<div class=\"wp-block-column is-layout-flow wp-block-column-is-layout-flow\" style=\"flex-basis:33.33%\">\n<figure class=\"wp-block-image size-full\"><img loading=\"lazy\" decoding=\"async\" width=\"689\" height=\"817\" src=\"https:\/\/sites.ipleiria.pt\/emda\/files\/2024\/01\/E3D49822-67A9-40FA-89DD-1D5E0A36832E-1.png\" alt=\"\" class=\"wp-image-1112\" srcset=\"https:\/\/sites.ipleiria.pt\/emda\/files\/2024\/01\/E3D49822-67A9-40FA-89DD-1D5E0A36832E-1.png 689w, https:\/\/sites.ipleiria.pt\/emda\/files\/2024\/01\/E3D49822-67A9-40FA-89DD-1D5E0A36832E-1-253x300.png 253w, https:\/\/sites.ipleiria.pt\/emda\/files\/2024\/01\/E3D49822-67A9-40FA-89DD-1D5E0A36832E-1-624x740.png 624w\" sizes=\"(max-width: 689px) 100vw, 689px\" \/><figcaption class=\"wp-element-caption\">Carlito A. Companhia<\/figcaption><\/figure>\n\n\n\n<p><\/p>\n<\/div>\n\n\n\n<div class=\"wp-block-column is-layout-flow wp-block-column-is-layout-flow\" style=\"flex-basis:66.66%\">\n<p>Carlito Ant\u00f3nio Companhia \u00e9&nbsp;Doutorado em Lingu\u00edstica pela Universidade Eduardo&nbsp;Mondlane&nbsp;(Mo\u00e7ambique) e&nbsp;Professor Auxiliar no Departamento de L\u00ednguas da Faculdade de Letras e Ci\u00eancias Sociais&nbsp;da mesma Universidade.&nbsp;Leccionadisciplinas de gradua\u00e7\u00e3o e p\u00f3s-gradua\u00e7\u00e3o.&nbsp;Tem participado&nbsp;em diferentes&nbsp;projectos&nbsp;de investiga\u00e7\u00e3o&nbsp;como investigador principal&nbsp;e Assistente de investiga\u00e7\u00e3o&nbsp;na Faculdade Letras e Ci\u00eancias Sociais e no Instituto Nacional&nbsp;do Desenvolvimento da Educa\u00e7\u00e3o. Publica&nbsp;artigos relacionados com as&nbsp;suas \u00e1reas de interesse&nbsp;nomeadamente Aquisi\u00e7\u00e3o e Ensino do Portugu\u00eas e Estudos de Tradu\u00e7\u00e3o.<\/p>\n\n\n\n<div class=\"wp-block-columns is-layout-flex wp-container-core-columns-is-layout-2 wp-block-columns-is-layout-flex\">\n<div class=\"wp-block-column is-layout-flow wp-block-column-is-layout-flow\" style=\"flex-basis:33.33%\"><\/div>\n\n\n\n<div class=\"wp-block-column is-layout-flow wp-block-column-is-layout-flow\" style=\"flex-basis:66.66%\"><\/div>\n<\/div>\n<\/div>\n<\/div>\n\n\n\n<div class=\"wp-block-columns is-layout-flex wp-container-core-columns-is-layout-4 wp-block-columns-is-layout-flex\">\n<div class=\"wp-block-column is-layout-flow wp-block-column-is-layout-flow\" style=\"flex-basis:33.33%\">\n<figure class=\"wp-block-image size-large\"><img loading=\"lazy\" decoding=\"async\" width=\"683\" height=\"1024\" src=\"https:\/\/sites.ipleiria.pt\/emda\/files\/2024\/01\/3018B1F6-164E-402F-9B58-BA1C9B3B3984-1-683x1024.png\" alt=\"\" class=\"wp-image-1114\" srcset=\"https:\/\/sites.ipleiria.pt\/emda\/files\/2024\/01\/3018B1F6-164E-402F-9B58-BA1C9B3B3984-1-683x1024.png 683w, https:\/\/sites.ipleiria.pt\/emda\/files\/2024\/01\/3018B1F6-164E-402F-9B58-BA1C9B3B3984-1-200x300.png 200w, https:\/\/sites.ipleiria.pt\/emda\/files\/2024\/01\/3018B1F6-164E-402F-9B58-BA1C9B3B3984-1-768x1152.png 768w, https:\/\/sites.ipleiria.pt\/emda\/files\/2024\/01\/3018B1F6-164E-402F-9B58-BA1C9B3B3984-1-1024x1536.png 1024w, https:\/\/sites.ipleiria.pt\/emda\/files\/2024\/01\/3018B1F6-164E-402F-9B58-BA1C9B3B3984-1-624x936.png 624w, https:\/\/sites.ipleiria.pt\/emda\/files\/2024\/01\/3018B1F6-164E-402F-9B58-BA1C9B3B3984-1.png 1206w\" sizes=\"(max-width: 683px) 100vw, 683px\" \/><figcaption class=\"wp-element-caption\">Osvaldo Faquir<\/figcaption><\/figure>\n\n\n\n<p><\/p>\n<\/div>\n\n\n\n<div class=\"wp-block-column is-layout-flow wp-block-column-is-layout-flow\" style=\"flex-basis:66.66%\">\n<p>Osvaldo Carlos Guirrugo Faquir, Doutorado em Lingu\u00edstica, especializa\u00e7\u00e3o em Lingu\u00edstica Aplicada. \u00c9 Professor Auxiliar na Faculdade de Letras e Ci\u00eancias Sociais da Universidade Eduardo Mondlane em Mo\u00e7ambique. Tem como \u00e1reas de interesse a Escrita Acad\u00e9mica, a Lingu\u00edstica Descritiva das L\u00ednguas Bantu. Actualmente, participa em equipas de pesquisa em Mo\u00e7ambique, Portugal e Brasil, nomeadamente (i) nos Projectos \u201cEscrita Acad\u00e9mica\u201d, sob al\u00e7ada da C\u00e1tedra de L\u00edngua Portuguesa L\u00edngua Segunda e L\u00edngua Estrangeira e \u201cAvalia\u00e7\u00e3o do processo de ensino-aprendizagem do Portugu\u00eas em Mo\u00e7ambique\u201d, ambos da Faculdade de Letras e Ci\u00eancias Social da &nbsp;Universidade Eduardo Mondlane, (ii) no Projecto Discurso Acad\u00e9mico, sob al\u00e7ada de CELGA-ILTEC da Universidade de Coimbra \u2013 Coimbra, Portugal. Escreveu, em co-autoria, o livro intitulado Relat\u00f3rio do III \u2013 Semin\u00e1rio sobre a Padroniza\u00e7\u00e3o de L\u00ednguas Mo\u00e7ambicanas. \u00c9 ainda autor de v\u00e1rios artigos na \u00e1rea de Escrita Acad\u00e9mica publicados em Mo\u00e7ambique, Portugal e Brasil.<\/p>\n<\/div>\n<\/div>\n\n\n\n<div class=\"wp-block-columns is-layout-flex wp-container-core-columns-is-layout-5 wp-block-columns-is-layout-flex\">\n<div class=\"wp-block-column is-layout-flow wp-block-column-is-layout-flow\" style=\"flex-basis:33.33%\">\n<figure class=\"wp-block-image size-full\"><img loading=\"lazy\" decoding=\"async\" width=\"351\" height=\"422\" src=\"https:\/\/sites.ipleiria.pt\/emda\/files\/2024\/01\/Leonarda_Meneses-1.png\" alt=\"\" class=\"wp-image-1115\" srcset=\"https:\/\/sites.ipleiria.pt\/emda\/files\/2024\/01\/Leonarda_Meneses-1.png 351w, https:\/\/sites.ipleiria.pt\/emda\/files\/2024\/01\/Leonarda_Meneses-1-250x300.png 250w\" sizes=\"(max-width: 351px) 100vw, 351px\" \/><figcaption class=\"wp-element-caption\">Leonarda Menezes<\/figcaption><\/figure>\n<\/div>\n\n\n\n<div class=\"wp-block-column is-layout-flow wp-block-column-is-layout-flow\" style=\"flex-basis:66.66%\">\n<p>Chamo-me Leonarda Jacinto Jos\u00e9 Maria Menezes, sou docente e investigadora da Universidade Eduardo Mondlane, Chefe de Sec\u00e7\u00e3o de Portugu\u00eas, docente das disciplinas de Portugu\u00eas I,II,III e IV, T\u00e9cnicas de Express\u00e3o e Comunica\u00e7\u00e3o Oral e Escrita e ainda leciono outras disciplinas como T\u00e9cnicas de Comunica\u00e7\u00e3o Avan\u00e7ada e Portugu\u00eas Jur\u00eddico ao n\u00edvel de gradua\u00e7\u00e3o e, ao n\u00edvel de mestrado e doutoramento em Lingu\u00edstica, as disciplinas de T\u00f3picos de Bilinguismo e Educa\u00e7\u00e3o bilingue, Semin\u00e1rio Avan\u00e7ado de Especialidade. Como actividades de Extens\u00e3o dou o m\u00f3dulo Perturba\u00e7\u00f5es da Linguagem, Comunica\u00e7\u00e3o e Fala em Contexto Escolar, no curso de doutoramento em educa\u00e7\u00e3o com especializa\u00e7\u00e3o em educa\u00e7\u00e3o inclusiva e pedagogia diferenciada. Fiz o Doutorado em Letras e Lingu\u00edstica em 2013, na Universidade Federal da Bahia, Brasil, o Mestrado em Did\u00e1ctica de L\u00ednguas, Portugu\u00eas L\u00edngua n\u00e3o Materna, na Universidade de Aveiro, Portugal e Gradua\u00e7\u00e3o em Ensino de Portugu\u00eas, na Universidade Pedag\u00f3gica em Maputo. A minha \u00e1rea de investiga\u00e7\u00e3o \u00e9 Descri\u00e7\u00e3o e an\u00e1lise Lingu\u00edstica e Linha de Pesquisa \u00e9 Aquisi\u00e7\u00e3o e Ensino de Portugu\u00eas. Meus trabalhos enfocam a quest\u00e3o da literacia, particularmente a quest\u00e3o das interfer\u00eancias lingu\u00edsticas provenientes das l\u00ednguas bantu no portugu\u00eas l\u00edngua estrangeira, nos alunos de educa\u00e7\u00e3o bilingue, das zonas rurais de Mo\u00e7ambique e tamb\u00e9m fa\u00e7o pesquisas de acordo com a linha de pesquisa, ensino de portugu\u00eas l\u00edngua segunda e l\u00edngua estrangeira. Tenho um livro publicado e outro em prepara\u00e7\u00e3o. Publiquei artigos em revistas de especialidade e com revis\u00e3o de pares.<\/p>\n<\/div>\n<\/div>\n","protected":false},"excerpt":{"rendered":"<p>Os apresentadores Carlito A. Companhia; Nelson Ernesto; Osvaldo Faquir&nbsp;e Leonarda Menezes(Universidade Eduardo Mondlane) As notas biogr\u00e1ficas podem ser lidas no final desta p\u00e1gina. A apresenta\u00e7\u00e3o T\u00edtulo da apresenta\u00e7\u00e3o AVALIA\u00c7\u00c3O DO PROCESSO DE APRENDIZAGEM DO PORTUGU\u00caS NO ENSINO SECUND\u00c1RIO GERAL EM MO\u00c7AMBIQUE: APRESENTA\u00c7\u00c3O DOS RESULTADOS PRELIMINARES DE UM PROJECTO Resumo O&nbsp;projecto&nbsp;\u201cAvalia\u00e7\u00e3o do processo de ensino-aprendizagem do [&hellip;]<\/p>\n","protected":false},"author":3183,"featured_media":0,"parent":0,"menu_order":0,"comment_status":"closed","ping_status":"closed","template":"","meta":{"footnotes":""},"class_list":["post-1085","page","type-page","status-publish","hentry"],"_links":{"self":[{"href":"https:\/\/sites.ipleiria.pt\/emda\/wp-json\/wp\/v2\/pages\/1085","targetHints":{"allow":["GET"]}}],"collection":[{"href":"https:\/\/sites.ipleiria.pt\/emda\/wp-json\/wp\/v2\/pages"}],"about":[{"href":"https:\/\/sites.ipleiria.pt\/emda\/wp-json\/wp\/v2\/types\/page"}],"author":[{"embeddable":true,"href":"https:\/\/sites.ipleiria.pt\/emda\/wp-json\/wp\/v2\/users\/3183"}],"replies":[{"embeddable":true,"href":"https:\/\/sites.ipleiria.pt\/emda\/wp-json\/wp\/v2\/comments?post=1085"}],"version-history":[{"count":12,"href":"https:\/\/sites.ipleiria.pt\/emda\/wp-json\/wp\/v2\/pages\/1085\/revisions"}],"predecessor-version":[{"id":1120,"href":"https:\/\/sites.ipleiria.pt\/emda\/wp-json\/wp\/v2\/pages\/1085\/revisions\/1120"}],"wp:attachment":[{"href":"https:\/\/sites.ipleiria.pt\/emda\/wp-json\/wp\/v2\/media?parent=1085"}],"curies":[{"name":"wp","href":"https:\/\/api.w.org\/{rel}","templated":true}]}}