{"id":1262,"date":"2024-06-25T08:00:40","date_gmt":"2024-06-25T08:00:40","guid":{"rendered":"https:\/\/sites.ipleiria.pt\/emda\/?page_id=1262"},"modified":"2025-11-14T13:46:43","modified_gmt":"2025-11-14T13:46:43","slug":"breve-pausa","status":"publish","type":"page","link":"https:\/\/sites.ipleiria.pt\/emda\/","title":{"rendered":"Apresenta\u00e7\u00e3o"},"content":{"rendered":"\n<figure class=\"wp-block-image size-full\"><img fetchpriority=\"high\" decoding=\"async\" width=\"998\" height=\"280\" src=\"https:\/\/sites.ipleiria.pt\/emda\/files\/2025\/11\/asasasa.png\" alt=\"\" class=\"wp-image-1396\" srcset=\"https:\/\/sites.ipleiria.pt\/emda\/files\/2025\/11\/asasasa.png 998w, https:\/\/sites.ipleiria.pt\/emda\/files\/2025\/11\/asasasa-300x84.png 300w, https:\/\/sites.ipleiria.pt\/emda\/files\/2025\/11\/asasasa-768x215.png 768w, https:\/\/sites.ipleiria.pt\/emda\/files\/2025\/11\/asasasa-624x175.png 624w\" sizes=\"(max-width: 998px) 100vw, 998px\" \/><\/figure>\n\n\n\n<p>Somos um grupo de investigadores interessados na descri\u00e7\u00e3o e an\u00e1lise do discurso e das pr\u00e1ticas discursivas acad\u00e9micas em l\u00edngua portuguesa.<\/p>\n\n\n\n<p>Cri\u00e1mos os EMDA como um espa\u00e7o aberto de debate e di\u00e1logo sobre trabalhos em curso neste dom\u00ednio.<br>Os EMDA s\u00e3o um lugar de encontro e de partilha, onde as pequenas ideias, explorat\u00f3rias, sujeitas \u00e0 discuss\u00e3o, ganham brilho e vigor.<br>Os EMDA acontecem uma vez por m\u00eas, em ambiente virtual, numa sess\u00e3o Team e carregados no canal YouTube da ESECS-Polit\u00e9cnico de Leiria.<br>Os EMDA est\u00e3o abertos a todos os que queiram juntar-se e contribuir com a apresenta\u00e7\u00e3o dos seus trabalhos e ideias.<\/p>\n\n\n\n<p>Esperamos por todos!<\/p>\n\n\n\n<figure class=\"wp-block-image size-full\"><img decoding=\"async\" width=\"982\" height=\"81\" src=\"https:\/\/sites.ipleiria.pt\/emda\/files\/2025\/11\/dsdsd.png\" alt=\"\" class=\"wp-image-1398\" srcset=\"https:\/\/sites.ipleiria.pt\/emda\/files\/2025\/11\/dsdsd.png 982w, https:\/\/sites.ipleiria.pt\/emda\/files\/2025\/11\/dsdsd-300x25.png 300w, https:\/\/sites.ipleiria.pt\/emda\/files\/2025\/11\/dsdsd-768x63.png 768w, https:\/\/sites.ipleiria.pt\/emda\/files\/2025\/11\/dsdsd-624x51.png 624w\" sizes=\"(max-width: 982px) 100vw, 982px\" \/><\/figure>\n\n\n\n<p><\/p>\n","protected":false},"excerpt":{"rendered":"<p>Somos um grupo de investigadores interessados na descri\u00e7\u00e3o e an\u00e1lise do discurso e das pr\u00e1ticas discursivas acad\u00e9micas em l\u00edngua portuguesa. Cri\u00e1mos os EMDA como um espa\u00e7o aberto de debate e di\u00e1logo sobre trabalhos em curso neste dom\u00ednio.Os EMDA s\u00e3o um lugar de encontro e de partilha, onde as pequenas ideias, explorat\u00f3rias, sujeitas \u00e0 discuss\u00e3o, ganham [&hellip;]<\/p>\n","protected":false},"author":3183,"featured_media":0,"parent":0,"menu_order":0,"comment_status":"closed","ping_status":"closed","template":"","meta":{"footnotes":""},"class_list":["post-1262","page","type-page","status-publish","hentry"],"_links":{"self":[{"href":"https:\/\/sites.ipleiria.pt\/emda\/wp-json\/wp\/v2\/pages\/1262","targetHints":{"allow":["GET"]}}],"collection":[{"href":"https:\/\/sites.ipleiria.pt\/emda\/wp-json\/wp\/v2\/pages"}],"about":[{"href":"https:\/\/sites.ipleiria.pt\/emda\/wp-json\/wp\/v2\/types\/page"}],"author":[{"embeddable":true,"href":"https:\/\/sites.ipleiria.pt\/emda\/wp-json\/wp\/v2\/users\/3183"}],"replies":[{"embeddable":true,"href":"https:\/\/sites.ipleiria.pt\/emda\/wp-json\/wp\/v2\/comments?post=1262"}],"version-history":[{"count":6,"href":"https:\/\/sites.ipleiria.pt\/emda\/wp-json\/wp\/v2\/pages\/1262\/revisions"}],"predecessor-version":[{"id":1399,"href":"https:\/\/sites.ipleiria.pt\/emda\/wp-json\/wp\/v2\/pages\/1262\/revisions\/1399"}],"wp:attachment":[{"href":"https:\/\/sites.ipleiria.pt\/emda\/wp-json\/wp\/v2\/media?parent=1262"}],"curies":[{"name":"wp","href":"https:\/\/api.w.org\/{rel}","templated":true}]}}