{"id":1284,"date":"2024-11-13T17:54:34","date_gmt":"2024-11-13T17:54:34","guid":{"rendered":"https:\/\/sites.ipleiria.pt\/emda\/?page_id=1284"},"modified":"2024-11-18T12:07:26","modified_gmt":"2024-11-18T12:07:26","slug":"agenda-2024-semestre-1-2","status":"publish","type":"page","link":"https:\/\/sites.ipleiria.pt\/emda\/agenda-2024-semestre-1-2\/","title":{"rendered":"Agenda 2024 &#8211; semestre 2"},"content":{"rendered":"\n<figure class=\"wp-block-table\"><table><tbody><tr><td>\ufeff<\/td><td>Nome do apresentador e t\u00edtulo da apresenta\u00e7\u00e3o<\/td><\/tr><tr><td>28 de NOVEMBRO<br><strong>EMDA 23<\/strong><\/td><td>A ESCRITA DO G\u00caNERO PROJETO DE PESQUISA:<br>REFLEX\u00d5ES SOBRE A APROPRIA\u00c7\u00c3O E MOBILIZA\u00c7\u00c3O DOS SABERES<br><strong>FATIHA DECHICHA PARAHYBA<\/strong><br><a href=\"https:\/\/sites.ipleiria.pt\/emda\/emda-23-28-de-novembro-de-2024\/\" data-type=\"page\" data-id=\"1186\">Leia mais informa\u00e7\u00e3o sobre o EMDA23<\/a><\/td><\/tr><\/tbody><\/table><\/figure>\n\n\n\n<p><\/p>\n","protected":false},"excerpt":{"rendered":"<p>\ufeff Nome do apresentador e t\u00edtulo da apresenta\u00e7\u00e3o 28 de NOVEMBROEMDA 23 A ESCRITA DO G\u00caNERO PROJETO DE PESQUISA:REFLEX\u00d5ES SOBRE A APROPRIA\u00c7\u00c3O E MOBILIZA\u00c7\u00c3O DOS SABERESFATIHA DECHICHA PARAHYBALeia mais informa\u00e7\u00e3o sobre o EMDA23<\/p>\n","protected":false},"author":102,"featured_media":0,"parent":0,"menu_order":0,"comment_status":"closed","ping_status":"closed","template":"","meta":{"footnotes":""},"class_list":["post-1284","page","type-page","status-publish","hentry"],"_links":{"self":[{"href":"https:\/\/sites.ipleiria.pt\/emda\/wp-json\/wp\/v2\/pages\/1284","targetHints":{"allow":["GET"]}}],"collection":[{"href":"https:\/\/sites.ipleiria.pt\/emda\/wp-json\/wp\/v2\/pages"}],"about":[{"href":"https:\/\/sites.ipleiria.pt\/emda\/wp-json\/wp\/v2\/types\/page"}],"author":[{"embeddable":true,"href":"https:\/\/sites.ipleiria.pt\/emda\/wp-json\/wp\/v2\/users\/102"}],"replies":[{"embeddable":true,"href":"https:\/\/sites.ipleiria.pt\/emda\/wp-json\/wp\/v2\/comments?post=1284"}],"version-history":[{"count":6,"href":"https:\/\/sites.ipleiria.pt\/emda\/wp-json\/wp\/v2\/pages\/1284\/revisions"}],"predecessor-version":[{"id":1318,"href":"https:\/\/sites.ipleiria.pt\/emda\/wp-json\/wp\/v2\/pages\/1284\/revisions\/1318"}],"wp:attachment":[{"href":"https:\/\/sites.ipleiria.pt\/emda\/wp-json\/wp\/v2\/media?parent=1284"}],"curies":[{"name":"wp","href":"https:\/\/api.w.org\/{rel}","templated":true}]}}