{"id":1323,"date":"2025-01-06T15:01:14","date_gmt":"2025-01-06T15:01:14","guid":{"rendered":"https:\/\/sites.ipleiria.pt\/emda\/?page_id=1323"},"modified":"2025-01-06T15:15:54","modified_gmt":"2025-01-06T15:15:54","slug":"agenda-2025-semestre-1","status":"publish","type":"page","link":"https:\/\/sites.ipleiria.pt\/emda\/agenda-2025-semestre-1\/","title":{"rendered":"Agenda 2025 &#8211; semestre 1"},"content":{"rendered":"\n<p>Os EMDA realizam-se sempre entre as 14h30 e as 1h30 \u2013 hor\u00e1rio de Portugal continental.<\/p>\n\n\n\n<figure class=\"wp-block-table is-style-regular\"><table><tbody><tr><td><\/td><td>Nome do apresentador e t\u00edtulo da apresenta\u00e7\u00e3o<\/td><\/tr><tr><td>16 de JANEIRO<br><strong>EMDA 24<\/strong><\/td><td>O ensino do eixo oralidade no est\u00e1gio supervisionado: (des)continuidades entre os trabalhos prescrito, real e representado<br><strong>Antonio Na\u00e9liton do Nascimento<\/strong><br><br><a href=\"https:\/\/sites.ipleiria.pt\/emda\/emda-24-16-de-janeiro-de-2025\/\">Leia mais informa\u00e7\u00e3o sobre o EMDA24  <\/a><\/td><\/tr><tr><td><\/td><td><\/td><\/tr><\/tbody><\/table><\/figure>\n","protected":false},"excerpt":{"rendered":"<p>Os EMDA realizam-se sempre entre as 14h30 e as 1h30 \u2013 hor\u00e1rio de Portugal continental. Nome do apresentador e t\u00edtulo da apresenta\u00e7\u00e3o 16 de JANEIROEMDA 24 O ensino do eixo oralidade no est\u00e1gio supervisionado: (des)continuidades entre os trabalhos prescrito, real e representadoAntonio Na\u00e9liton do Nascimento Leia mais informa\u00e7\u00e3o sobre o EMDA24<\/p>\n","protected":false},"author":5911,"featured_media":0,"parent":0,"menu_order":0,"comment_status":"closed","ping_status":"closed","template":"","meta":{"footnotes":""},"class_list":["post-1323","page","type-page","status-publish","hentry"],"_links":{"self":[{"href":"https:\/\/sites.ipleiria.pt\/emda\/wp-json\/wp\/v2\/pages\/1323","targetHints":{"allow":["GET"]}}],"collection":[{"href":"https:\/\/sites.ipleiria.pt\/emda\/wp-json\/wp\/v2\/pages"}],"about":[{"href":"https:\/\/sites.ipleiria.pt\/emda\/wp-json\/wp\/v2\/types\/page"}],"author":[{"embeddable":true,"href":"https:\/\/sites.ipleiria.pt\/emda\/wp-json\/wp\/v2\/users\/5911"}],"replies":[{"embeddable":true,"href":"https:\/\/sites.ipleiria.pt\/emda\/wp-json\/wp\/v2\/comments?post=1323"}],"version-history":[{"count":2,"href":"https:\/\/sites.ipleiria.pt\/emda\/wp-json\/wp\/v2\/pages\/1323\/revisions"}],"predecessor-version":[{"id":1333,"href":"https:\/\/sites.ipleiria.pt\/emda\/wp-json\/wp\/v2\/pages\/1323\/revisions\/1333"}],"wp:attachment":[{"href":"https:\/\/sites.ipleiria.pt\/emda\/wp-json\/wp\/v2\/media?parent=1323"}],"curies":[{"name":"wp","href":"https:\/\/api.w.org\/{rel}","templated":true}]}}