{"id":1342,"date":"2025-03-18T18:01:55","date_gmt":"2025-03-18T18:01:55","guid":{"rendered":"https:\/\/sites.ipleiria.pt\/emda\/?page_id=1342"},"modified":"2025-11-13T19:32:30","modified_gmt":"2025-11-13T19:32:30","slug":"agenda-2025-semestre-2","status":"publish","type":"page","link":"https:\/\/sites.ipleiria.pt\/emda\/agenda-2025-semestre-2\/","title":{"rendered":"Agenda 2025 &#8211; semestre 2"},"content":{"rendered":"\n<p id=\"block-e7a22335-7195-466b-ac58-922b27460dd1\">Os EMDA realizam-se sempre entre as 14h30 e as 1h30 \u2013 hor\u00e1rio de Portugal continental.<\/p>\n\n\n\n<figure class=\"wp-block-table\"><table><tbody><tr><td>\ufeff<\/td><td>Nome da apresentadora e t\u00edtulo da apresenta\u00e7\u00e3o<\/td><\/tr><tr><td>27 de MAR\u00c7O<br><strong>EMDA 25<\/strong><\/td><td><br><em>Mapeamento de rela\u00e7\u00f5es discursivas e diagn\u00f3stico de \u00e1reas cr\u00edticas em textos de opini\u00e3o de estudantes universit\u00e1rios portugueses&nbsp;<\/em><br><strong>Ana Margarida Gaspar Sobral Sim\u00f5es<\/strong><a href=\"https:\/\/sites.ipleiria.pt\/emda\/emda-25-28-de-marco-de-2025\/\"><strong>&nbsp;<\/strong>Leia mais informa\u00e7\u00e3o sobre o EMDA25<\/a><\/td><\/tr><tr><td>20 de NOVEMBRO<br><strong>EMDA 26<\/strong><\/td><td><em>O discurso acad\u00eamico no trabalho de conclus\u00e3o final do Mestrado Profissional: Um recorte quantitativo sob as perspectivas docente e discente\u00a0<\/em><br><strong><strong>Simone Cunha<\/strong><\/strong> <a href=\"https:\/\/sites.ipleiria.pt\/emda\/emda-26-20-de-novembro-de-2025\/\"><strong>\u00a0<\/strong>Leia mais informa\u00e7\u00e3o sobre o EMDA26<\/a><\/td><\/tr><\/tbody><\/table><\/figure>\n\n\n\n<p>\ufeff<\/p>\n\n\n\n<p><\/p>\n","protected":false},"excerpt":{"rendered":"<p>Os EMDA realizam-se sempre entre as 14h30 e as 1h30 \u2013 hor\u00e1rio de Portugal continental. \ufeff Nome da apresentadora e t\u00edtulo da apresenta\u00e7\u00e3o 27 de MAR\u00c7OEMDA 25 Mapeamento de rela\u00e7\u00f5es discursivas e diagn\u00f3stico de \u00e1reas cr\u00edticas em textos de opini\u00e3o de estudantes universit\u00e1rios portugueses&nbsp;Ana Margarida Gaspar Sobral Sim\u00f5es&nbsp;Leia mais informa\u00e7\u00e3o sobre o EMDA25 20 de [&hellip;]<\/p>\n","protected":false},"author":102,"featured_media":0,"parent":0,"menu_order":0,"comment_status":"closed","ping_status":"closed","template":"","meta":{"footnotes":""},"class_list":["post-1342","page","type-page","status-publish","hentry"],"_links":{"self":[{"href":"https:\/\/sites.ipleiria.pt\/emda\/wp-json\/wp\/v2\/pages\/1342","targetHints":{"allow":["GET"]}}],"collection":[{"href":"https:\/\/sites.ipleiria.pt\/emda\/wp-json\/wp\/v2\/pages"}],"about":[{"href":"https:\/\/sites.ipleiria.pt\/emda\/wp-json\/wp\/v2\/types\/page"}],"author":[{"embeddable":true,"href":"https:\/\/sites.ipleiria.pt\/emda\/wp-json\/wp\/v2\/users\/102"}],"replies":[{"embeddable":true,"href":"https:\/\/sites.ipleiria.pt\/emda\/wp-json\/wp\/v2\/comments?post=1342"}],"version-history":[{"count":7,"href":"https:\/\/sites.ipleiria.pt\/emda\/wp-json\/wp\/v2\/pages\/1342\/revisions"}],"predecessor-version":[{"id":1391,"href":"https:\/\/sites.ipleiria.pt\/emda\/wp-json\/wp\/v2\/pages\/1342\/revisions\/1391"}],"wp:attachment":[{"href":"https:\/\/sites.ipleiria.pt\/emda\/wp-json\/wp\/v2\/media?parent=1342"}],"curies":[{"name":"wp","href":"https:\/\/api.w.org\/{rel}","templated":true}]}}