{"id":1346,"date":"2025-03-18T18:08:11","date_gmt":"2025-03-18T18:08:11","guid":{"rendered":"https:\/\/sites.ipleiria.pt\/emda\/?page_id=1346"},"modified":"2025-03-20T15:03:58","modified_gmt":"2025-03-20T15:03:58","slug":"emda-25-27-de-marco-de-2025","status":"publish","type":"page","link":"https:\/\/sites.ipleiria.pt\/emda\/emda-25-27-de-marco-de-2025\/","title":{"rendered":"EMDA 25 &#8211; 27 de mar\u00e7o de 2025"},"content":{"rendered":"\n<p id=\"block-424e39ad-2fed-45f3-b827-b01dd3c8f678\"><a href=\"https:\/\/videoconf-colibri.zoom.us\/j\/92338072874?pwd=CVNiaTPfOnVDt1yvCWp2bS0qU1Rire.1\">Clique aqui para entrar na sala zoom do EMDA 25.<\/a><\/p>\n\n\n\n<h2 class=\"wp-block-heading\" id=\"block-582842bd-a311-4f81-b74f-1cad839347bf\">A apresentadora<\/h2>\n\n\n\n<div class=\"wp-block-columns is-layout-flex wp-container-core-columns-is-layout-1 wp-block-columns-is-layout-flex\">\n<div class=\"wp-block-column is-layout-flow wp-block-column-is-layout-flow\" style=\"flex-basis:33.33%\">\n<figure class=\"wp-block-image size-full is-resized is-style-rounded\"><img fetchpriority=\"high\" decoding=\"async\" width=\"945\" height=\"720\" src=\"http:\/\/sites.ipleiria.pt\/emda\/files\/2025\/03\/Foto.jpg\" alt=\"\" class=\"wp-image-1347\" style=\"width:197px;height:auto\" srcset=\"https:\/\/sites.ipleiria.pt\/emda\/files\/2025\/03\/Foto.jpg 945w, https:\/\/sites.ipleiria.pt\/emda\/files\/2025\/03\/Foto-300x229.jpg 300w, https:\/\/sites.ipleiria.pt\/emda\/files\/2025\/03\/Foto-768x585.jpg 768w, https:\/\/sites.ipleiria.pt\/emda\/files\/2025\/03\/Foto-624x475.jpg 624w\" sizes=\"(max-width: 945px) 100vw, 945px\" \/><figcaption class=\"wp-element-caption\"><br><br>&nbsp;Ana Margarida Sim\u00f5es&nbsp;<\/figcaption><\/figure>\n<\/div>\n\n\n\n<div class=\"wp-block-column is-layout-flow wp-block-column-is-layout-flow\" style=\"flex-basis:66.66%\">\n<p><strong>Ana Margarida Sim\u00f5es<\/strong><br>Estudante do doutoramento em Lingu\u00edstica (especialidade de Lingu\u00edstica Educacional) na Faculdade de Letras da Universidade de Lisboa&nbsp; Professora Assistente Convidada na Faculdade de Letras da Universidade de Coimbra<\/p>\n\n\n\n<p><strong>Nota biogr\u00e1fica<\/strong><br>Ana Margarida Sim\u00f5es \u00e9, desde 2022, Professora Assistente Convidada na Faculdade de Letras da Universidade de Coimbra, onde leciona nos cursos de Portugu\u00eas para estrangeiros. Encontra-se no \u00faltimo ano do doutoramento&nbsp;em Lingu\u00edstica, na especialidade de Lingu\u00edstica Educacional, da Faculdade de Letras da Universidade de Lisboa. Concluiu, em 2018, a licenciatura em L\u00ednguas Modernas na Faculdade de Letras da Universidade de Coimbra, na variante de Alem\u00e3o e Espanhol com menor em Portugu\u00eas e \u00e9 mestre em Ensino de Portugu\u00eas e de Espanhol no 3.\u00ba ciclo do Ensino B\u00e1sico e no Ensino Secund\u00e1rio pela mesma institui\u00e7\u00e3o. Tem trabalhado no ensino de Portugu\u00eas L\u00edngua Materna e Portugu\u00eas L\u00edngua Estrangeira, bem como de l\u00edngua espanhola, e tem focado a sua investiga\u00e7\u00e3o nas \u00e1reas da Lingu\u00edstica Educacional, da Sem\u00e2ntica e da Lingu\u00edstica Textual.<\/p>\n<\/div>\n<\/div>\n\n\n\n<p id=\"block-1138a590-d1e8-4485-8c10-cf240c455636\"><br><\/p>\n\n\n\n<h2 class=\"wp-block-heading\" id=\"block-9b8db72a-07e5-48ee-8120-51cbd076e9e0\">A apresenta\u00e7\u00e3o<\/h2>\n\n\n\n<p id=\"block-5e161619-00d1-4fca-be33-188960f01f05\"><strong>T\u00edtulo:<\/strong><br>Mapeamento de rela\u00e7\u00f5es discursivas e diagn\u00f3stico de \u00e1reas cr\u00edticas em textos de opini\u00e3o de estudantes universit\u00e1rios portugueses<em>&nbsp;<\/em><\/p>\n\n\n\n<hr class=\"wp-block-separator has-alpha-channel-opacity\" id=\"block-512cf828-bf69-49f5-beb7-d305d66fe26f\"\/>\n\n\n\n<p id=\"block-4fa9a388-2e02-47c3-8e20-6138eb000dad\"><strong>Resumo<\/strong><\/p>\n\n\n\n<p>&nbsp;Esta comunica\u00e7\u00e3o resulta de um trabalho de investiga\u00e7\u00e3o ainda em curso no \u00e2mbito de um doutoramento em Lingu\u00edstica Educacional e tem como objetivos (i) apresentar um mapeamento das rela\u00e7\u00f5es discursivas utilizadas em textos de opini\u00e3o num <em>corpus <\/em>de escrita acad\u00e9mica e (ii) identificar os pontos fortes e as \u00e1reas cr\u00edticas dessas produ\u00e7\u00f5es ao n\u00edvel da coes\u00e3o interfr\u00e1sica e da coer\u00eancia textual, de modo a diagnosticar as \u00e1reas em que uma interven\u00e7\u00e3o intencional durante a forma\u00e7\u00e3o acad\u00e9mica \u00e9 priorit\u00e1ria.&nbsp;<\/p>\n\n\n\n<p>V\u00e1rios trabalhos t\u00eam mostrado que uma das \u00e1reas cr\u00edticas da escrita acad\u00e9mica dos estudantes universit\u00e1rios portugueses consiste na falta de coes\u00e3o e de coer\u00eancia dos seus textos (cf., e. o. Silva, Santos &amp; Sitoe, 2019; Lopes &amp; Carapinha, 2019), par\u00e2metros nos quais as rela\u00e7\u00f5es discursivas assumem um papel central. Elas podem ser estabelecidas explicitamente atrav\u00e9s de um conector (<em>porque<\/em>, <em>uma vez que<\/em>, <em>embora<\/em>, \u2026) ou de uma express\u00e3o lingu\u00edstica alternativa (<em>motivo pelo qual, raz\u00e3o pela qual<\/em>\u2026) ou podem estar impl\u00edcitas no texto, exigindo que os leitores as infiram a partir do contexto e do seu conhecimento do mundo (Prasad et al., 2006).&nbsp;<\/p>\n\n\n\n<p>Embora o discurso acad\u00e9mico seja, ainda, uma \u00e1rea disciplinar em constru\u00e7\u00e3o, existe j\u00e1 alguma investiga\u00e7\u00e3o sobre a escrita de estudantes universit\u00e1rios portugueses. No entanto, encontrava-se por fazer um mapeamento das rela\u00e7\u00f5es discursivas utilizadas. Nesta comunica\u00e7\u00e3o, um primeiro contributo nesse sentido \u00e9 propiciado atrav\u00e9s da an\u00e1lise de cinquenta textos de opini\u00e3o do Corpus of Portuguese Undergraduates\u2019 Texts (cf. Cardoso et al., 2014). A escolha deste g\u00e9nero textual espec\u00edfico tem em considera\u00e7\u00e3o o facto de os estudantes continuarem a revelar fragilidades na argumenta\u00e7\u00e3o (Costa, 2022).&nbsp;<\/p>\n\n\n\n<p>Para a an\u00e1lise lingu\u00edstica do <em>corpus<\/em>, recorreu-se a uma metodologia mista. Por um lado, uma abordagem quantitativa permite um mapeamento rigoroso das rela\u00e7\u00f5es discursivas usadas, possibilitando o tratamento estat\u00edstico dos tipos (expl\u00edcita, impl\u00edcita\u2026) e dos valores sem\u00e2nticos (causa, concess\u00e3o, finalidade\u2026) das rela\u00e7\u00f5es discursivas presentes nos textos. Por outro lado, uma abordagem de natureza qualitativa facilita a compreens\u00e3o do contexto de ocorr\u00eancia dessas rela\u00e7\u00f5es e permite problematizar os usos de determinadas rela\u00e7\u00f5es ou marcadores discursivos que uma an\u00e1lise apenas quantitativa n\u00e3o viabilizaria.&nbsp;<\/p>\n\n\n\n<p>Um dos resultados que interessa discutir diz respeito a uma preval\u00eancia significativa de rela\u00e7\u00f5es expl\u00edcitas que contrasta com o que a an\u00e1lise de <em>corpora <\/em>com textos de falantes adultos proficientes tem vindo a revelar (cf. Mendes &amp; Lejeune, 2022), nos quais as rela\u00e7\u00f5es impl\u00edcitas s\u00e3o muito mais frequentes. Outros aspetos a problematizar s\u00e3o os casos de erros e inadequa\u00e7\u00f5es no uso de conectores, a coocorr\u00eancia de conectores, o uso repetido de conectores com e sem prop\u00f3sito estil\u00edstico e o recurso a mecanismos de coes\u00e3o interfr\u00e1sica alternativos.&nbsp;<\/p>\n\n\n\n<p>Partindo deste mapeamento e do diagn\u00f3stico de \u00e1reas cr\u00edticas associadas \u00e0 coes\u00e3o e \u00e0 coer\u00eancia textuais, \u00e9 poss\u00edvel a planifica\u00e7\u00e3o de atividades did\u00e1ticas que deem resposta a uma fragilidade da escrita acad\u00e9mica que poder\u00e1 ser transversal a v\u00e1rios n\u00edveis de escolaridade e, inclusivamente, a outros g\u00e9neros textuais.<\/p>\n\n\n\n<p id=\"block-e9d5a9e3-60e0-40f7-87a6-0bf32785f2cd\"><strong>Palavras-chave:<\/strong> &nbsp;escrita acad\u00e9mica, rela\u00e7\u00f5es discursivas, coer\u00eancia textual.&nbsp;<\/p>\n\n\n\n<p id=\"block-119ef0b2-e86d-4cdb-aba3-7fe4e74bc9e5\"><strong>Refer\u00eancias<\/strong><\/p>\n\n\n\n<p>Cardoso, A., Magro, C., Braz, J. &amp; Nunes, T. (2014). CUTe: Corpus of Portuguese Undergraduates&#8217; Texts &#8211; Um recurso para a investiga\u00e7\u00e3o em escrita acad\u00e9mica em portugu\u00eas. In A. Moreno, F. Silva, I. Fal\u00e9, I. Pereira &amp; J. Veloso (Eds.), <em>XXIX Encontro Nacional da Associa\u00e7\u00e3o Portuguesa de Lingu\u00edstica &#8211; Textos Selecionados <\/em>(pp. 169-184). Associa\u00e7\u00e3o Portuguesa de Lingu\u00edstica.&nbsp;<\/p>\n\n\n\n<p>Costa, A. L. (2022). Nas margens da escrita acad\u00e9mica. <em>Revista de Estudos Lingu\u00edsticos da do Porto <\/em>N.\u00ba Especial (1). 55-78 https:\/\/doi.org\/\/10.21747\/16466195\/ling2022v1a3&nbsp;<\/p>\n\n\n\n<p>Lopes, A. C. M. &amp; Carapinha, C. (2019). Trabalhar sobre o texto na aula de Portugu\u00eas. In A. Lu\u00eds, A. Nunes; C. Mello; J. Carecho &amp; A. I. Ribeiro (Eds.), <em>A forma\u00e7\u00e3o inicial de professores nas Humanidades \u2013 Reflex\u00f5es did\u00e1ticas <\/em>(pp. 399-415). Imprensa da Universidade de Coimbra.&nbsp;<\/p>\n\n\n\n<p>Mendes, A., &amp; Lejeune, P. (2022). CRPC-DB \u2013 A Discourse Bank for Portuguese. In <em>Computational Processing of the Portuguese Language PROPOR 2022 <\/em>(pp. 79-89). Springer. http:\/\/hdl.handle.net\/10451\/54255&nbsp;<\/p>\n\n\n\n<p>Prasad, R., Miltsakaki, E., Dinesh, N., Lee, A., Joshi, A. &amp; Webber, B. (2006). <em>The Penn Discourse TreeBank 1.0 Annotation manual<\/em>. University of Pennsylvania. https:\/\/catalog.ldc.upenn.edu\/docs\/LDC2008T05\/papers\/pdtb-1.0-annotation manual.pdf&nbsp;<\/p>\n\n\n\n<p>Silva, P. N. da, Santos, J. V., Sitoe, M. (2019). Itiner\u00e1rios de escrita acad\u00e9mica no ensino superior: Um projeto de investiga\u00e7\u00e3o aplicada sobre textos e g\u00e9neros. In F. Caels, L. F. Barbeiro &amp; J. V. Santos (Eds.), <em>Discurso Acad\u00e9mico: Uma \u00c1rea Disciplinar em Constru\u00e7\u00e3o <\/em>(pp. 265- 286). CELTA-ILETEC-Universidade de Coimbra. ESECS \u2013 Polit\u00e9cnico de Leiria.&nbsp;<\/p>\n\n\n\n<figure class=\"wp-block-image size-large\" id=\"block-1512b979-615c-49c1-ad06-074fea0b87d7\"><img decoding=\"async\" width=\"724\" height=\"1024\" src=\"http:\/\/sites.ipleiria.pt\/emda\/files\/2025\/03\/EMDA-SEM25-4-724x1024.png\" alt=\"\" class=\"wp-image-1372\" srcset=\"https:\/\/sites.ipleiria.pt\/emda\/files\/2025\/03\/EMDA-SEM25-4-724x1024.png 724w, https:\/\/sites.ipleiria.pt\/emda\/files\/2025\/03\/EMDA-SEM25-4-212x300.png 212w, https:\/\/sites.ipleiria.pt\/emda\/files\/2025\/03\/EMDA-SEM25-4-768x1086.png 768w, https:\/\/sites.ipleiria.pt\/emda\/files\/2025\/03\/EMDA-SEM25-4-624x883.png 624w, https:\/\/sites.ipleiria.pt\/emda\/files\/2025\/03\/EMDA-SEM25-4.png 842w\" sizes=\"(max-width: 724px) 100vw, 724px\" \/><\/figure>\n","protected":false},"excerpt":{"rendered":"<p>Clique aqui para entrar na sala zoom do EMDA 25. A apresentadora Ana Margarida Sim\u00f5esEstudante do doutoramento em Lingu\u00edstica (especialidade de Lingu\u00edstica Educacional) na Faculdade de Letras da Universidade de Lisboa&nbsp; Professora Assistente Convidada na Faculdade de Letras da Universidade de Coimbra Nota biogr\u00e1ficaAna Margarida Sim\u00f5es \u00e9, desde 2022, Professora Assistente Convidada na Faculdade de [&hellip;]<\/p>\n","protected":false},"author":102,"featured_media":0,"parent":0,"menu_order":0,"comment_status":"closed","ping_status":"closed","template":"","meta":{"footnotes":""},"class_list":["post-1346","page","type-page","status-publish","hentry"],"_links":{"self":[{"href":"https:\/\/sites.ipleiria.pt\/emda\/wp-json\/wp\/v2\/pages\/1346","targetHints":{"allow":["GET"]}}],"collection":[{"href":"https:\/\/sites.ipleiria.pt\/emda\/wp-json\/wp\/v2\/pages"}],"about":[{"href":"https:\/\/sites.ipleiria.pt\/emda\/wp-json\/wp\/v2\/types\/page"}],"author":[{"embeddable":true,"href":"https:\/\/sites.ipleiria.pt\/emda\/wp-json\/wp\/v2\/users\/102"}],"replies":[{"embeddable":true,"href":"https:\/\/sites.ipleiria.pt\/emda\/wp-json\/wp\/v2\/comments?post=1346"}],"version-history":[{"count":8,"href":"https:\/\/sites.ipleiria.pt\/emda\/wp-json\/wp\/v2\/pages\/1346\/revisions"}],"predecessor-version":[{"id":1373,"href":"https:\/\/sites.ipleiria.pt\/emda\/wp-json\/wp\/v2\/pages\/1346\/revisions\/1373"}],"wp:attachment":[{"href":"https:\/\/sites.ipleiria.pt\/emda\/wp-json\/wp\/v2\/media?parent=1346"}],"curies":[{"name":"wp","href":"https:\/\/api.w.org\/{rel}","templated":true}]}}