{"id":1382,"date":"2025-11-13T19:25:03","date_gmt":"2025-11-13T19:25:03","guid":{"rendered":"https:\/\/sites.ipleiria.pt\/emda\/?page_id=1382"},"modified":"2025-11-14T13:43:02","modified_gmt":"2025-11-14T13:43:02","slug":"emda-26-20-de-novembro-de-2025","status":"publish","type":"page","link":"https:\/\/sites.ipleiria.pt\/emda\/emda-26-20-de-novembro-de-2025\/","title":{"rendered":"EMDA 26 &#8211; 20 de novembro de 2025"},"content":{"rendered":"\n<p id=\"block-424e39ad-2fed-45f3-b827-b01dd3c8f678\"><a href=\"https:\/\/eur02.safelinks.protection.outlook.com\/ap\/t-59584e83\/?url=https%3A%2F%2Fteams.microsoft.com%2Fl%2Fmeetup-join%2F19%253ameeting_MDA5YTQyNmQtZGNhZi00OGMyLWE2NWItMjkxMDliOTM0YWU3%2540thread.v2%2F0%3Fcontext%3D%257b%2522Tid%2522%253a%2522536b85ad-a448-4186-a9af-e3ccad3302c5%2522%252c%2522Oid%2522%253a%25227994bd60-5ea8-49dc-85bb-d8bd42973cb8%2522%257d&amp;data=05%7C02%7Cjoao.pinheiro%40ipleiria.pt%7C4bed407a0cba4bee020808de212f4922%7C536b85ada4484186a9afe3ccad3302c5%7C0%7C0%7C638984684183355940%7CUnknown%7CTWFpbGZsb3d8eyJFbXB0eU1hcGkiOnRydWUsIlYiOiIwLjAuMDAwMCIsIlAiOiJXaW4zMiIsIkFOIjoiTWFpbCIsIldUIjoyfQ%3D%3D%7C0%7C%7C%7C&amp;sdata=267klCt5czR2QotzLLKf6ELAuWPd3lELlzY6tsyEbvA%3D&amp;reserved=0\">Clique aqui para entrar na sala Teams do EMDA 26.<\/a><\/p>\n\n\n\n<h2 class=\"wp-block-heading\" id=\"block-582842bd-a311-4f81-b74f-1cad839347bf\">A apresentadora<\/h2>\n\n\n\n<div class=\"wp-block-columns is-layout-flex wp-container-core-columns-is-layout-1 wp-block-columns-is-layout-flex\">\n<div class=\"wp-block-column is-layout-flow wp-block-column-is-layout-flow\" style=\"flex-basis:33.33%\">\n<figure class=\"wp-block-image size-full is-resized is-style-rounded\"><img fetchpriority=\"high\" decoding=\"async\" width=\"827\" height=\"1279\" src=\"http:\/\/sites.ipleiria.pt\/emda\/files\/2025\/11\/Simone-Cunha.jpg\" alt=\"\" class=\"wp-image-1383\" style=\"width:197px;height:auto\" srcset=\"https:\/\/sites.ipleiria.pt\/emda\/files\/2025\/11\/Simone-Cunha.jpg 827w, https:\/\/sites.ipleiria.pt\/emda\/files\/2025\/11\/Simone-Cunha-194x300.jpg 194w, https:\/\/sites.ipleiria.pt\/emda\/files\/2025\/11\/Simone-Cunha-662x1024.jpg 662w, https:\/\/sites.ipleiria.pt\/emda\/files\/2025\/11\/Simone-Cunha-768x1188.jpg 768w, https:\/\/sites.ipleiria.pt\/emda\/files\/2025\/11\/Simone-Cunha-624x965.jpg 624w\" sizes=\"(max-width: 827px) 100vw, 827px\" \/><figcaption class=\"wp-element-caption\"><br><br>&nbsp;<strong>Simone Cunha<\/strong>&nbsp;<\/figcaption><\/figure>\n<\/div>\n\n\n\n<div class=\"wp-block-column is-layout-flow wp-block-column-is-layout-flow\" style=\"flex-basis:66.66%\">\n<p><strong><strong>Simone Cunha<\/strong><\/strong><\/p>\n\n\n\n<p><strong>Nota biogr\u00e1fica<\/strong><br>Licenciada em Letras &#8211; Portugu\u00eas\/Ingl\u00eas, pela Universidade Federal de Pernambuco (UFPE); especialista em L\u00edngua Portuguesa: oralidade e escrita, pela UNOESTE; mestra em Estudos de L\u00edngua Portuguesa e doutoranda em Estudos Portugueses &#8211; Lingu\u00edstica, pela Universidade Aberta (UAb), em Portugal, atualmente \u00e9 revisora de textos na Universidade Federal de Campina Grande (UFCG). Desenvolve pesquisas na \u00e1rea de Lingu\u00edstica, com \u00eanfase em Filosofia da Linguagem, Pragm\u00e1tica e An\u00e1lise do Discurso, tratando de temas como dialogismo, discurso acad\u00eamico, letramento acad\u00eamico e forma\u00e7\u00e3o docente no ensino superior.<\/p>\n<\/div>\n<\/div>\n\n\n\n<p id=\"block-1138a590-d1e8-4485-8c10-cf240c455636\"><br><\/p>\n\n\n\n<h2 class=\"wp-block-heading\" id=\"block-9b8db72a-07e5-48ee-8120-51cbd076e9e0\">A apresenta\u00e7\u00e3o<\/h2>\n\n\n\n<p id=\"block-5e161619-00d1-4fca-be33-188960f01f05\"><strong>T\u00edtulo:<\/strong><br>O discurso acad\u00eamico no trabalho de conclus\u00e3o final do Mestrado Profissional: Um recorte quantitativo sob as perspectivas docente e discente<em>&nbsp;<\/em><\/p>\n\n\n\n<hr class=\"wp-block-separator has-alpha-channel-opacity\" id=\"block-512cf828-bf69-49f5-beb7-d305d66fe26f\"\/>\n\n\n\n<p id=\"block-4fa9a388-2e02-47c3-8e20-6138eb000dad\"><strong>Resumo<\/strong><\/p>\n\n\n\n<p>Este trabalho \u00e9 um recorte de uma pesquisa de doutorado em desenvolvimento, voltada para a compreens\u00e3o, com base multite\u00f3rica, do g\u00eanero \u201ctrabalho de conclus\u00e3o final\u201d (TCF), exigido para a obten\u00e7\u00e3o do grau de mestre em cursos de mestrado profissional, e estreitamente relacionada com as no\u00e7\u00f5es de texto e discurso, al\u00e9m de g\u00eaneros acad\u00eamicos conexos. A investiga\u00e7\u00e3o em curso tem como objetivo fundamentar, de forma teoricamente consistente, a hip\u00f3tese levantada de que o TCF \u00e9 um g\u00eanero em emerg\u00eancia no dom\u00ednio discursivo acad\u00eamico. Nesse sentido, o arcabou\u00e7o multite\u00f3rico fundamental se constitui de autores da Lingu\u00edstica do Texto e do Discurso, da Teoria dos G\u00eaneros e do discurso acad\u00eamico. Metodologicamente, este trabalho cinge-se \u00e0 pesquisa de abordagem qualitativa e quantitativa, de car\u00e1ter bibliogr\u00e1fico e documental, focado nas respostas a um question\u00e1rio on-line, al\u00e9m de produ\u00e7\u00f5es textuais situadas em contextos espec\u00edficos de produ\u00e7\u00e3o, circula\u00e7\u00e3o e recep\u00e7\u00e3o. Assim, considerando que a investiga\u00e7\u00e3o est\u00e1 em andamento, apresentamos, como resultado parcial, os dados provenientes da pesquisa quantitativa, realizada atrav\u00e9s de question\u00e1rios on-line, direcionados a docentes e discentes de diversos cursos de mestrado profissional, a fim de compreender as respectivas percep\u00e7\u00f5es e desafios para sua elabora\u00e7\u00e3o. Esta pesquisa apresenta, portanto, uma abordagem complexa e inovadora para mapear uma tem\u00e1tica que ainda n\u00e3o foi analisada em estudos anteriores da Lingu\u00edstica, buscando promover a literacia em ambiente acad\u00eamico, em um processo de apropria\u00e7\u00e3o de pr\u00e1ticas linguageiras concernentes \u00e0s especificidades do g\u00eanero em quest\u00e3o, com respeito \u00e0s subjetividades de autoria, inerentes aos interlocutores que participam do fazer enunciativo e dial\u00f3gico.<\/p>\n\n\n\n<p><\/p>\n\n\n\n<p id=\"block-e9d5a9e3-60e0-40f7-87a6-0bf32785f2cd\"><strong>Palavras-chave:<\/strong> &nbsp;discurso acad\u00eamico, emerg\u00eancia de g\u00eanero discursivo, trabalho de conclus\u00e3o, abordagem multite\u00f3rica, literacia acad\u00eamica.&nbsp;<\/p>\n\n\n\n<p id=\"block-119ef0b2-e86d-4cdb-aba3-7fe4e74bc9e5\"><strong>Refer\u00eancias<\/strong><\/p>\n\n\n\n<p>Bakhtin, M. (1997 [1979]).&nbsp;<strong>Est\u00e9tica&nbsp;da cria\u00e7\u00e3o&nbsp;verbal<\/strong>. Martins Fontes.<\/p>\n\n\n\n<p>Bazerman, Ch., Little, J., Bethel, L., Chavkin, T., Fouquette, D., &amp; Garufis, J. (2005).&nbsp;<strong>Reference guide to Writing Across the Curriculum<\/strong>. Parlor Press.<\/p>\n\n\n\n<p>Bezerra, B. G., &amp; Pereira, M. L. dos. S. (2020). Apreens\u00e3o&nbsp;e emerg\u00eancia&nbsp;de g\u00eaneros acad\u00eamicos: O trabalho final do PROFLetras.&nbsp;<strong>D.E.L.T.A.<\/strong>&nbsp;36(4), 1-24.<\/p>\n\n\n\n<p>Bronckart, J-P. (2006).&nbsp;<strong>Atividade&nbsp;de linguagem, discurso&nbsp;e desenvolvimento humano<\/strong>. Mercado das Letras.<\/p>\n\n\n\n<p>CAPES. Coordena\u00e7\u00e3o&nbsp;de Aperfei\u00e7oamento&nbsp;de Pessoal&nbsp;de N\u00edvel Superior. (2019a).&nbsp;<strong>Portaria&nbsp;n. 60, de 20 de mar\u00e7o&nbsp;de 2019<\/strong>. Disp\u00f5e sobre&nbsp;o mestrado&nbsp;e doutorado profissionais, no \u00e2mbito&nbsp;da Coordena\u00e7\u00e3o&nbsp;de Aperfei\u00e7oamento&nbsp;de Pessoal&nbsp;de N\u00edvel Superior \u2013 CAPES. GAB\/CAPES.<\/p>\n\n\n\n<p>CAPES. Coordena\u00e7\u00e3o&nbsp;de Aperfei\u00e7oamento&nbsp;de Pessoal&nbsp;de N\u00edvel Superior. (2019b).&nbsp;<strong>Mestrado Profissional: o que \u00e9?<\/strong><\/p>\n\n\n\n<p>Miller, C. R. (2016). Genre innovation: Evolution, emergence, or something else?&nbsp;<strong>The Journal of Media Innovations<\/strong>, 3(2), 4-19.<\/p>\n\n\n\n<p>Schneuwly, B., &amp; Dolz, J. (1999). Os g\u00eaneros escolares. Das pr\u00e1ticas&nbsp;de linguagem aos objetos&nbsp;de ensino (trad.).&nbsp;<strong>Revista&nbsp;Brasileira de Educa\u00e7\u00e3o<\/strong>, 11, 5-16.<\/p>\n\n\n\n<figure class=\"wp-block-image size-large\"><img decoding=\"async\" width=\"724\" height=\"1024\" src=\"https:\/\/sites.ipleiria.pt\/emda\/files\/2025\/11\/EMDA-26_Cartaz-724x1024.png\" alt=\"\" class=\"wp-image-1393\" srcset=\"https:\/\/sites.ipleiria.pt\/emda\/files\/2025\/11\/EMDA-26_Cartaz-724x1024.png 724w, https:\/\/sites.ipleiria.pt\/emda\/files\/2025\/11\/EMDA-26_Cartaz-212x300.png 212w, https:\/\/sites.ipleiria.pt\/emda\/files\/2025\/11\/EMDA-26_Cartaz-768x1086.png 768w, https:\/\/sites.ipleiria.pt\/emda\/files\/2025\/11\/EMDA-26_Cartaz-1086x1536.png 1086w, https:\/\/sites.ipleiria.pt\/emda\/files\/2025\/11\/EMDA-26_Cartaz-1448x2048.png 1448w, https:\/\/sites.ipleiria.pt\/emda\/files\/2025\/11\/EMDA-26_Cartaz-624x882.png 624w\" sizes=\"(max-width: 724px) 100vw, 724px\" \/><\/figure>\n","protected":false},"excerpt":{"rendered":"<p>Clique aqui para entrar na sala Teams do EMDA 26. A apresentadora Simone Cunha Nota biogr\u00e1ficaLicenciada em Letras &#8211; Portugu\u00eas\/Ingl\u00eas, pela Universidade Federal de Pernambuco (UFPE); especialista em L\u00edngua Portuguesa: oralidade e escrita, pela UNOESTE; mestra em Estudos de L\u00edngua Portuguesa e doutoranda em Estudos Portugueses &#8211; Lingu\u00edstica, pela Universidade Aberta (UAb), em Portugal, atualmente [&hellip;]<\/p>\n","protected":false},"author":102,"featured_media":0,"parent":0,"menu_order":0,"comment_status":"closed","ping_status":"closed","template":"","meta":{"footnotes":""},"class_list":["post-1382","page","type-page","status-publish","hentry"],"_links":{"self":[{"href":"https:\/\/sites.ipleiria.pt\/emda\/wp-json\/wp\/v2\/pages\/1382","targetHints":{"allow":["GET"]}}],"collection":[{"href":"https:\/\/sites.ipleiria.pt\/emda\/wp-json\/wp\/v2\/pages"}],"about":[{"href":"https:\/\/sites.ipleiria.pt\/emda\/wp-json\/wp\/v2\/types\/page"}],"author":[{"embeddable":true,"href":"https:\/\/sites.ipleiria.pt\/emda\/wp-json\/wp\/v2\/users\/102"}],"replies":[{"embeddable":true,"href":"https:\/\/sites.ipleiria.pt\/emda\/wp-json\/wp\/v2\/comments?post=1382"}],"version-history":[{"count":4,"href":"https:\/\/sites.ipleiria.pt\/emda\/wp-json\/wp\/v2\/pages\/1382\/revisions"}],"predecessor-version":[{"id":1394,"href":"https:\/\/sites.ipleiria.pt\/emda\/wp-json\/wp\/v2\/pages\/1382\/revisions\/1394"}],"wp:attachment":[{"href":"https:\/\/sites.ipleiria.pt\/emda\/wp-json\/wp\/v2\/media?parent=1382"}],"curies":[{"name":"wp","href":"https:\/\/api.w.org\/{rel}","templated":true}]}}