{"id":14,"date":"2021-06-23T16:40:50","date_gmt":"2021-06-23T16:40:50","guid":{"rendered":"https:\/\/sites.ipleiria.pt\/emda\/?page_id=14"},"modified":"2021-07-24T10:41:56","modified_gmt":"2021-07-24T10:41:56","slug":"orientacoes-para-a-submissao-de-propostas","status":"publish","type":"page","link":"https:\/\/sites.ipleiria.pt\/emda\/orientacoes-para-a-submissao-de-propostas\/","title":{"rendered":"Submiss\u00e3o de propostas"},"content":{"rendered":"\n<p>O grupo do DPDA aceita, <strong>em perman\u00eancia<\/strong>, propostas para apresenta\u00e7\u00e3o. Aceitam-se propostas relativas a trabalhos em curso ou recentemente conclu\u00eddos.<\/p>\n\n\n\n<p>As propostas dever\u00e3o ser enviadas para o endere\u00e7o <a href=\"mailto:emda.dpda@gmail.com\">emda.dpda@gmail.com<\/a> e incluir os seguintes elementos:<\/p>\n\n\n\n<ul class=\"wp-block-list\"><li>o nome e a filia\u00e7\u00e3o do autor<\/li><li>o t\u00edtulo da proposta de apresenta\u00e7\u00e3o<\/li><li>duas a tr\u00eas palavras-chave<\/li><li>o resumo da proposta, com extens\u00e3o compreendida entre 300 a 500 palavras, contendo a enuncia\u00e7\u00e3o de: contexto, objetivo(s), referencial te\u00f3rico, metodologia(s), an\u00e1lise(s), refer\u00eancias bibliogr\u00e1ficas fundamentais (m\u00e1ximo 10)<\/li><\/ul>\n\n\n\n<p>O grupo do DPDA reserva-se o direito de recusar as propostas que n\u00e3o se enquadrem nos objetivos tra\u00e7ados para os EMDA.<\/p>\n\n\n\n<figure class=\"wp-block-image size-large is-resized\"><img fetchpriority=\"high\" decoding=\"async\" src=\"http:\/\/sites.ipleiria.pt\/emda\/files\/2021\/07\/logotipos.001-1-e1625577648547.jpeg\" alt=\"\" class=\"wp-image-252\" width=\"828\" height=\"71\" srcset=\"https:\/\/sites.ipleiria.pt\/emda\/files\/2021\/07\/logotipos.001-1-e1625577648547.jpeg 1024w, https:\/\/sites.ipleiria.pt\/emda\/files\/2021\/07\/logotipos.001-1-e1625577648547-300x26.jpeg 300w, https:\/\/sites.ipleiria.pt\/emda\/files\/2021\/07\/logotipos.001-1-e1625577648547-768x67.jpeg 768w, https:\/\/sites.ipleiria.pt\/emda\/files\/2021\/07\/logotipos.001-1-e1625577648547-624x54.jpeg 624w\" sizes=\"(max-width: 828px) 100vw, 828px\" \/><\/figure>\n\n\n\n<p class=\"has-white-color has-text-color\">Este par\u00e1grafo serve para empurrar a barra dos logotipos para baixo. Este par\u00e1grafo serve para empurrar a barra dos logotipos para baixo. Este par\u00e1grafo serve para empurrar a barra dos logotipos para baixo.<\/p>\n","protected":false},"excerpt":{"rendered":"<p>O grupo do DPDA aceita, em perman\u00eancia, propostas para apresenta\u00e7\u00e3o. Aceitam-se propostas relativas a trabalhos em curso ou recentemente conclu\u00eddos. As propostas dever\u00e3o ser enviadas para o endere\u00e7o emda.dpda@gmail.com e incluir os seguintes elementos: o nome e a filia\u00e7\u00e3o do autor o t\u00edtulo da proposta de apresenta\u00e7\u00e3o duas a tr\u00eas palavras-chave o resumo da proposta, [&hellip;]<\/p>\n","protected":false},"author":5223,"featured_media":0,"parent":0,"menu_order":0,"comment_status":"closed","ping_status":"closed","template":"","meta":{"footnotes":""},"class_list":["post-14","page","type-page","status-publish","hentry"],"_links":{"self":[{"href":"https:\/\/sites.ipleiria.pt\/emda\/wp-json\/wp\/v2\/pages\/14","targetHints":{"allow":["GET"]}}],"collection":[{"href":"https:\/\/sites.ipleiria.pt\/emda\/wp-json\/wp\/v2\/pages"}],"about":[{"href":"https:\/\/sites.ipleiria.pt\/emda\/wp-json\/wp\/v2\/types\/page"}],"author":[{"embeddable":true,"href":"https:\/\/sites.ipleiria.pt\/emda\/wp-json\/wp\/v2\/users\/5223"}],"replies":[{"embeddable":true,"href":"https:\/\/sites.ipleiria.pt\/emda\/wp-json\/wp\/v2\/comments?post=14"}],"version-history":[{"count":13,"href":"https:\/\/sites.ipleiria.pt\/emda\/wp-json\/wp\/v2\/pages\/14\/revisions"}],"predecessor-version":[{"id":412,"href":"https:\/\/sites.ipleiria.pt\/emda\/wp-json\/wp\/v2\/pages\/14\/revisions\/412"}],"wp:attachment":[{"href":"https:\/\/sites.ipleiria.pt\/emda\/wp-json\/wp\/v2\/media?parent=14"}],"curies":[{"name":"wp","href":"https:\/\/api.w.org\/{rel}","templated":true}]}}