{"id":1409,"date":"2026-04-20T15:57:33","date_gmt":"2026-04-20T15:57:33","guid":{"rendered":"https:\/\/sites.ipleiria.pt\/emda\/?page_id=1409"},"modified":"2026-04-20T16:23:45","modified_gmt":"2026-04-20T16:23:45","slug":"agenda-2026-semestre-1","status":"publish","type":"page","link":"https:\/\/sites.ipleiria.pt\/emda\/agenda-2026-semestre-1\/","title":{"rendered":"Agenda 2026 &#8211; semestre 1"},"content":{"rendered":"\n<p id=\"block-c0aa66f3-81ec-43cd-946d-5ef7a395f9c8\">Os EMDA realizam-se sempre entre as 14h30 e as 1h30 \u2013 hor\u00e1rio de Portugal continental.<\/p>\n\n\n\n<figure class=\"wp-block-table\"><table class=\"has-fixed-layout\"><tbody><tr><td><\/td><td>Nome do apresentador e t\u00edtulo da apresenta\u00e7\u00e3o<\/td><\/tr><tr><td>29 de abril<br><strong>EMDA 27<\/strong><\/td><td><em>Diferen\u00e7as ret\u00f3ricas e estruturais entre disserta\u00e7\u00f5es de mestrado das CTEM e das CSH<\/em><br><strong>Miguel Moiteiro Marques<\/strong><a href=\"https:\/\/sites.ipleiria.pt\/emda\/emda-27-29-de-abril-de-2026\/\"><strong>\u00a0<\/strong>Leia mais informa\u00e7\u00e3o sobre o EMDA27<\/a><\/td><\/tr><tr><td><\/td><td><\/td><\/tr><\/tbody><\/table><\/figure>\n\n\n\n<p><\/p>\n","protected":false},"excerpt":{"rendered":"<p>Os EMDA realizam-se sempre entre as 14h30 e as 1h30 \u2013 hor\u00e1rio de Portugal continental. Nome do apresentador e t\u00edtulo da apresenta\u00e7\u00e3o 29 de abrilEMDA 27 Diferen\u00e7as ret\u00f3ricas e estruturais entre disserta\u00e7\u00f5es de mestrado das CTEM e das CSHMiguel Moiteiro Marques\u00a0Leia mais informa\u00e7\u00e3o sobre o EMDA27<\/p>\n","protected":false},"author":102,"featured_media":0,"parent":0,"menu_order":0,"comment_status":"closed","ping_status":"closed","template":"","meta":{"footnotes":""},"class_list":["post-1409","page","type-page","status-publish","hentry"],"_links":{"self":[{"href":"https:\/\/sites.ipleiria.pt\/emda\/wp-json\/wp\/v2\/pages\/1409","targetHints":{"allow":["GET"]}}],"collection":[{"href":"https:\/\/sites.ipleiria.pt\/emda\/wp-json\/wp\/v2\/pages"}],"about":[{"href":"https:\/\/sites.ipleiria.pt\/emda\/wp-json\/wp\/v2\/types\/page"}],"author":[{"embeddable":true,"href":"https:\/\/sites.ipleiria.pt\/emda\/wp-json\/wp\/v2\/users\/102"}],"replies":[{"embeddable":true,"href":"https:\/\/sites.ipleiria.pt\/emda\/wp-json\/wp\/v2\/comments?post=1409"}],"version-history":[{"count":3,"href":"https:\/\/sites.ipleiria.pt\/emda\/wp-json\/wp\/v2\/pages\/1409\/revisions"}],"predecessor-version":[{"id":1416,"href":"https:\/\/sites.ipleiria.pt\/emda\/wp-json\/wp\/v2\/pages\/1409\/revisions\/1416"}],"wp:attachment":[{"href":"https:\/\/sites.ipleiria.pt\/emda\/wp-json\/wp\/v2\/media?parent=1409"}],"curies":[{"name":"wp","href":"https:\/\/api.w.org\/{rel}","templated":true}]}}