{"id":375,"date":"2021-07-16T11:22:54","date_gmt":"2021-07-16T11:22:54","guid":{"rendered":"https:\/\/sites.ipleiria.pt\/emda\/?page_id=375"},"modified":"2022-08-18T09:25:00","modified_gmt":"2022-08-18T09:25:00","slug":"agenda-para-2022","status":"publish","type":"page","link":"https:\/\/sites.ipleiria.pt\/emda\/agenda-para-2022\/","title":{"rendered":"Agenda 2022 &#8211; semestre 1"},"content":{"rendered":"\n<p>Os encontros realizam-se na segunda quarta-feira de cada m\u00eas, <strong>entre as 18:00 e as 19:30<\/strong>. <br>Todas as horas indicadas respeitam \u00e0 hora de Portugal Continental.<br>Os encontros realizam-se remotamente e s\u00e3o emitidos em direto no <a rel=\"noreferrer noopener\" href=\"https:\/\/www.youtube.com\/channel\/UCicjl7ixf_h8DbjhO5C_WrA\" target=\"_blank\">canal da ESECS-Polit\u00e9cnico de Leiria do YouTube<\/a>. O p\u00fablico pode assistir ao evento na sala Zoom ou no canal do YouTube.<br>Cada encontro combina dois momentos: 30 minutos para a apresenta\u00e7\u00e3o e 45 minutos para a discuss\u00e3o. Os encontros t\u00eam a dura\u00e7\u00e3o m\u00e1xima de 1 hora e 30 minutos.<\/p>\n\n\n\n<figure class=\"wp-block-table alignleft is-style-regular\"><table><tbody><tr><td class=\"has-text-align-left\" data-align=\"left\"><\/td><td>Nome do apresentador e t\u00edtulo da apresenta\u00e7\u00e3o<\/td><\/tr><tr><td class=\"has-text-align-left\" data-align=\"left\"><s>12 de JANEIRO<br><\/s>DATA NOVA: <strong>19 DE JANEIRO<\/strong> &#8211;<br><strong>EMDA 5<\/strong><\/td><td><strong>Ana Margarida Sim\u00f5es:<\/strong><br><strong>&#8220;Do Ensino Expl\u00edcito da Escrita ao Desenvolvimento da Consci\u00eancia Discursiva: um estudo de caso numa turma de Portugu\u00eas de 12.\u00ba ano&#8221;<\/strong><br>             <br>              <a href=\"https:\/\/sites.ipleiria.pt\/emda\/emda-5-12-de-janeiro-de-2022\/\" data-type=\"page\" data-id=\"445\">Leia mais informa\u00e7\u00e3o sobre o EMDA5<\/a>  <br>     <br>              *V\u00cdDEO* <a href=\"https:\/\/www.youtube.com\/watch?v=5Z9WpDlYzes\" data-type=\"URL\" data-id=\"https:\/\/www.youtube.com\/watch?v=5Z9WpDlYzes\">Veja e partilhe a grava\u00e7\u00e3o do EMDA5<\/a><\/td><\/tr><tr><td class=\"has-text-align-left\" data-align=\"left\"><s>16 de FEVEREIRO <\/s><br>DATA NOVA: <strong>23 DE FEVEREIRO<\/strong><br><strong>EMDA 6<\/strong><\/td><td><strong>Margarita Correia<\/strong><br><strong>&#8220;Terminologia do discurso acad\u00e9mico em portugu\u00eas&#8221;<\/strong><br><br>                <a href=\"https:\/\/sites.ipleiria.pt\/emda\/emda-6-23-de-fevereiro-de-2022\/\" data-type=\"page\" data-id=\"582\">Leia mais informa\u00e7\u00e3o sobre o EMDA6<\/a>    <br><br>               *V\u00cdDEO* <a rel=\"noreferrer noopener\" href=\"https:\/\/www.youtube.com\/watch?v=QlAQ97rjEfI&amp;t=1879s\" target=\"_blank\">Veja e partilhe a grava\u00e7\u00e3o do EMDA6<\/a> <\/td><\/tr><tr><td class=\"has-text-align-left\" data-align=\"left\">9 de MAR\u00c7O<br><strong>EMDA 7<\/strong><\/td><td> <strong>M\u00f4nica In\u00eas de Castro Netto<\/strong><br><strong>&#8220;Contributo dos marcadores discursivos para a textualiza\u00e7\u00e3o do g\u00eanero memorial em contexto acad\u00eamico&#8221;<\/strong><br><br>                   <a href=\"https:\/\/sites.ipleiria.pt\/emda\/emda-7-9-de-marco-de-2022\/\" data-type=\"page\" data-id=\"601\">Leia mais informa\u00e7\u00e3o sobre o EMDA 7<\/a>  <br>  <br>                   *V\u00cdDEO* <a rel=\"noreferrer noopener\" href=\"https:\/\/www.youtube.com\/watch?v=SNRGOHZFp5U\" data-type=\"URL\" data-id=\"https:\/\/www.youtube.com\/watch?v=SNRGOHZFp5U\" target=\"_blank\">Veja e partilhe a grava\u00e7\u00e3o do EMDA7<\/a><\/td><\/tr><tr><td class=\"has-text-align-left\" data-align=\"left\"><s>6 de ABRIL<\/s><br>DATA NOVA: <br>20 DE ABRIL<br><strong>EMDA 8<\/strong><\/td><td><strong>Nath\u00e1lia Peixoto<\/strong><br><strong>&#8220;An\u00e1lise discursiva sobre a reforma do ensino m\u00e9dio em not\u00edcias digitais: informa\u00e7\u00e3o para desinforma\u00e7\u00e3o?<\/strong>&#8220;<br><br>                   <a href=\"https:\/\/sites.ipleiria.pt\/emda\/emda-8-6-de-abril-de-2022\/\" data-type=\"page\" data-id=\"643\">Leia mais informa\u00e7\u00e3o sobre o EMDA8<\/a>   <br>    <br>                   *V\u00cdDEO* <a rel=\"noreferrer noopener\" href=\"https:\/\/www.youtube.com\/watch?v=nrvBBErojvc\" data-type=\"URL\" data-id=\"https:\/\/www.youtube.com\/watch?v=nrvBBErojvc\" target=\"_blank\">Veja e partilhe a grava\u00e7\u00e3o do EMDA8<\/a><\/td><\/tr><tr><td class=\"has-text-align-left\" data-align=\"left\"><em>&#8212;&#8212;maio&#8212;&#8212;-<\/em><\/td><td><em>&#8212;N\u00e3o se realiza nenhum encontro.<\/em>&#8212;<\/td><\/tr><tr><td class=\"has-text-align-left\" data-align=\"left\">8 de JUNHO<br><strong>EMDA 9<\/strong><\/td><td><strong>Vera L\u00facia Lopes Cristov\u00e3o<\/strong><br><strong>&#8220;Letramentos Acad\u00eamico-cient\u00edficos: a rede LILA em (form)a\u00e7\u00e3o<\/strong>&#8220;<br><br>                    <a href=\"https:\/\/sites.ipleiria.pt\/emda\/emda-9-8-de-junho-de-2022\/\" data-type=\"page\" data-id=\"678\">Leia mais informa\u00e7\u00e3o sobre o EMDA9<\/a><br><br>                    *V\u00cdDEO* <a href=\"https:\/\/www.youtube.com\/watch?v=2ZU5GWjXdoY\">Veja e partilhe a grava\u00e7\u00e3o do EMDA9<\/a><\/td><\/tr><tr><td class=\"has-text-align-left\" data-align=\"left\">&#8212;&#8212;<em>julho<\/em>&#8212;&#8212;<\/td><td><em>&#8212;N\u00e3o se realiza nenhum encontro.<\/em>&#8212;<\/td><\/tr><\/tbody><\/table><\/figure>\n\n\n\n<p><\/p>\n\n\n\n<p><strong>Apoios<\/strong><\/p>\n\n\n\n<p>A divulga\u00e7\u00e3o e realiza\u00e7\u00e3o dos encontros conta com o apoio da ESECS-Polit\u00e9cnico de Leiria, nomeadamente:<\/p>\n\n\n\n<ul class=\"wp-block-list\"><li>Centro de Recursos Audiovisuais<\/li><li>Centro de Recursos de Multim\u00e9dia<\/li><li>Gabinete de Rela\u00e7\u00f5es P\u00fablicas e Coopera\u00e7\u00e3o Internacional<\/li><li>Servi\u00e7os Inform\u00e1ticos<\/li><\/ul>\n\n\n\n<p class=\"has-light-gray-background-color has-background\"><strong>*O grupo do DPDA aceita, em perman\u00eancia,&nbsp;<a href=\"https:\/\/sites.ipleiria.pt\/emda\/orientacoes-para-a-submissao-de-propostas\/\">propostas para apresenta\u00e7\u00e3o<\/a>.<\/strong>&nbsp;<\/p>\n\n\n\n<p class=\"has-light-gray-background-color has-background\">A participa\u00e7\u00e3o na sala zoom tem como pressuposto a&nbsp;aceita\u00e7\u00e3o do registo de som e imagem. Em alternativa, \u00e9 poss\u00edvel assistir \u00e0 emiss\u00e3o em direto no&nbsp;<a rel=\"noreferrer noopener\" href=\"https:\/\/www.youtube.com\/channel\/UCicjl7ixf_h8DbjhO5C_WrA\" target=\"_blank\">canal da ESECS-Polit\u00e9cnico de Leiria do YouTube<\/a>. <br>Todas as edi\u00e7\u00f5es dos EMDA ficar\u00e3o acess\u00edveis na lista de v\u00eddeos do&nbsp;<a rel=\"noreferrer noopener\" href=\"https:\/\/www.youtube.com\/channel\/UCicjl7ixf_h8DbjhO5C_WrA\" target=\"_blank\">canal da ESECS-Polit\u00e9cnico de Leiria do YouTube<\/a>&nbsp;e no&nbsp;<a href=\"https:\/\/sites.ipleiria.pt\/emda\/encontros-realizados\/\" data-type=\"page\" data-id=\"12\">s\u00edtio do evento<\/a>, para visualiza\u00e7\u00e3o pelo p\u00fablico em geral.<\/p>\n\n\n\n<figure class=\"wp-block-image size-full\"><img fetchpriority=\"high\" decoding=\"async\" width=\"1024\" height=\"89\" src=\"http:\/\/sites.ipleiria.pt\/emda\/files\/2021\/07\/logotipos.001-1-e1625577648547.jpeg\" alt=\"\" class=\"wp-image-252\" srcset=\"https:\/\/sites.ipleiria.pt\/emda\/files\/2021\/07\/logotipos.001-1-e1625577648547.jpeg 1024w, https:\/\/sites.ipleiria.pt\/emda\/files\/2021\/07\/logotipos.001-1-e1625577648547-300x26.jpeg 300w, https:\/\/sites.ipleiria.pt\/emda\/files\/2021\/07\/logotipos.001-1-e1625577648547-768x67.jpeg 768w, https:\/\/sites.ipleiria.pt\/emda\/files\/2021\/07\/logotipos.001-1-e1625577648547-624x54.jpeg 624w\" sizes=\"(max-width: 1024px) 100vw, 1024px\" \/><\/figure>\n","protected":false},"excerpt":{"rendered":"<p>Os encontros realizam-se na segunda quarta-feira de cada m\u00eas, entre as 18:00 e as 19:30. Todas as horas indicadas respeitam \u00e0 hora de Portugal Continental.Os encontros realizam-se remotamente e s\u00e3o emitidos em direto no canal da ESECS-Polit\u00e9cnico de Leiria do YouTube. O p\u00fablico pode assistir ao evento na sala Zoom ou no canal do YouTube.Cada [&hellip;]<\/p>\n","protected":false},"author":3183,"featured_media":0,"parent":0,"menu_order":0,"comment_status":"closed","ping_status":"closed","template":"","meta":{"footnotes":""},"class_list":["post-375","page","type-page","status-publish","hentry"],"_links":{"self":[{"href":"https:\/\/sites.ipleiria.pt\/emda\/wp-json\/wp\/v2\/pages\/375","targetHints":{"allow":["GET"]}}],"collection":[{"href":"https:\/\/sites.ipleiria.pt\/emda\/wp-json\/wp\/v2\/pages"}],"about":[{"href":"https:\/\/sites.ipleiria.pt\/emda\/wp-json\/wp\/v2\/types\/page"}],"author":[{"embeddable":true,"href":"https:\/\/sites.ipleiria.pt\/emda\/wp-json\/wp\/v2\/users\/3183"}],"replies":[{"embeddable":true,"href":"https:\/\/sites.ipleiria.pt\/emda\/wp-json\/wp\/v2\/comments?post=375"}],"version-history":[{"count":54,"href":"https:\/\/sites.ipleiria.pt\/emda\/wp-json\/wp\/v2\/pages\/375\/revisions"}],"predecessor-version":[{"id":774,"href":"https:\/\/sites.ipleiria.pt\/emda\/wp-json\/wp\/v2\/pages\/375\/revisions\/774"}],"wp:attachment":[{"href":"https:\/\/sites.ipleiria.pt\/emda\/wp-json\/wp\/v2\/media?parent=375"}],"curies":[{"name":"wp","href":"https:\/\/api.w.org\/{rel}","templated":true}]}}