{"id":445,"date":"2021-09-17T15:07:39","date_gmt":"2021-09-17T15:07:39","guid":{"rendered":"https:\/\/sites.ipleiria.pt\/emda\/?page_id=445"},"modified":"2024-10-03T13:44:05","modified_gmt":"2024-10-03T13:44:05","slug":"emda-5-12-de-janeiro-de-2022","status":"publish","type":"page","link":"https:\/\/sites.ipleiria.pt\/emda\/emda-5-12-de-janeiro-de-2022\/","title":{"rendered":"EMDA 5 &#8211; 19 de janeiro de 2022"},"content":{"rendered":"\n<h2 class=\"wp-block-heading\">A apresentadora<\/h2>\n\n\n\n<div class=\"wp-block-columns is-layout-flex wp-container-core-columns-is-layout-1 wp-block-columns-is-layout-flex\">\n<div class=\"wp-block-column is-layout-flow wp-block-column-is-layout-flow\" style=\"flex-basis:66.66%\">\n<p><strong>Ana Margarida Sim\u00f5es<\/strong><br>Faculdade de Letras da Universidade de Lisboa (doutoranda)<\/p>\n\n\n\n<p><strong>Biografia<\/strong><br>Concluiu, em 2018, a licenciatura em L\u00ednguas Modernas na Faculdade de Letras da Universidade de Coimbra. \u00c9 mestre em Ensino de Portugu\u00eas e de Espanhol no 3.\u00ba ciclo do Ensino B\u00e1sico e no Ensino Secund\u00e1rio pela mesma institui\u00e7\u00e3o. Iniciou, em setembro de 2021, o doutoramento em Lingu\u00edstica, na \u00e1rea de Lingu\u00edstica Educacional, na Faculdade de Letras da Universidade de Lisboa. \u00c9, desde 2018, professora de espanhol e de portugu\u00eas para estrangeiros em escolas de l\u00ednguas e explicadora da \u00e1rea das humanidades.&nbsp;<\/p>\n<\/div>\n\n\n\n<div class=\"wp-block-column is-layout-flow wp-block-column-is-layout-flow\" style=\"flex-basis:33.33%\">\n<figure class=\"wp-block-image size-large is-resized is-style-rounded\"><img fetchpriority=\"high\" decoding=\"async\" width=\"986\" height=\"956\" src=\"https:\/\/sites.ipleiria.pt\/emda\/files\/2021\/09\/Foto-Ana-Simo\u0303es.jpg\" alt=\"\" class=\"wp-image-450\" style=\"width:208px;height:201px\" srcset=\"https:\/\/sites.ipleiria.pt\/emda\/files\/2021\/09\/Foto-Ana-Simo\u0303es.jpg 986w, https:\/\/sites.ipleiria.pt\/emda\/files\/2021\/09\/Foto-Ana-Simo\u0303es-300x291.jpg 300w, https:\/\/sites.ipleiria.pt\/emda\/files\/2021\/09\/Foto-Ana-Simo\u0303es-768x745.jpg 768w, https:\/\/sites.ipleiria.pt\/emda\/files\/2021\/09\/Foto-Ana-Simo\u0303es-624x605.jpg 624w\" sizes=\"(max-width: 986px) 100vw, 986px\" \/><figcaption class=\"wp-element-caption\">Ana Margarida Sim\u00f5es<\/figcaption><\/figure>\n<\/div>\n<\/div>\n\n\n\n<h2 class=\"wp-block-heading\">A apresenta\u00e7\u00e3o<\/h2>\n\n\n\n<p><strong>T\u00edtulo<br><\/strong>Do Ensino Expl\u00edcito da Escrita ao Desenvolvimento da Consci\u00eancia Discursiva: um estudo de caso numa turma de Portugu\u00eas de 12.\u00ba ano<\/p>\n\n\n\n<p><strong>Resumo<\/strong><br>Nesta sess\u00e3o, pretende-se refletir sobre a import\u00e2ncia do ensino expl\u00edcito da escrita no desenvolvimento da consci\u00eancia discursiva dos estudantes, partindo de um estudo de caso realizado numa turma de Portugu\u00eas de 12.\u00ba ano.<\/p>\n\n\n\n<p>Como se sabe, a escola \u00e9 \u201co lugar n\u00e3o s\u00f3 da inicia\u00e7\u00e3o mas tamb\u00e9m do treino e consolida\u00e7\u00e3o de uma aprendizagem da escrita\u201d (Fonseca, 1992, p. 227). Nas aulas de Portugu\u00eas (como l\u00edngua materna), atende-se frequentemente \u00e0s dimens\u00f5es ortogr\u00e1fica, lexical e sint\u00e1tica, mas \u00e9 comum relegar-se para um segundo plano a dimens\u00e3o textual\/discursiva das produ\u00e7\u00f5es escritas dos alunos. Ora, a capacidade de produzir textos escritos estruturados, coesos e adequados a uma determinada situa\u00e7\u00e3o comunicativa ser\u00e1 fundamental na vida de qualquer estudante, mesmo ap\u00f3s a conclus\u00e3o do seu percurso escolar.<\/p>\n\n\n\n<p>Para se trabalhar esta dimens\u00e3o em sala de aula, \u00e9 necess\u00e1rio ter em considera\u00e7\u00e3o conceitos como os de tipos de texto (Werlich, 1975), g\u00e9neros discursivos (Bakhtin, 2006) e sequ\u00eancias textuais (Adam, 1992), bem como os mecanismos de coes\u00e3o interfr\u00e1sica, que, habitualmente, constituem \u00e1reas cr\u00edticas da escrita dos alunos do ensino secund\u00e1rio. Al\u00e9m disso, importa dar mais aten\u00e7\u00e3o ao processo de escrita, ao inv\u00e9s de se entender o texto como um produto final (Cassany et al., 2011, p. 261). Para tal, deve ser feita uma monitoriza\u00e7\u00e3o das atividades de produ\u00e7\u00e3o escrita que tenha em conta as fases de planifica\u00e7\u00e3o, textualiza\u00e7\u00e3o e revis\u00e3o dos textos (Flower &amp; Hayes, 1981), previstas no Programa e nas Metas Curriculares da disciplina de Portugu\u00eas, dentro do dom\u00ednio da escrita (Buescu et al., 2015).<\/p>\n\n\n\n<p>Nesta comunica\u00e7\u00e3o, ap\u00f3s um enquadramento te\u00f3rico, ser\u00e1 feita uma breve an\u00e1lise dos conte\u00fados e objetivos de aprendizagem relativos \u00e0 escrita nos documentos orientadores de Portugu\u00eas. Ser\u00e3o, tamb\u00e9m, apresentadas as duas sequ\u00eancias did\u00e1ticas aplicadas durante o estudo de caso, fazendo-se, depois, a discuss\u00e3o dos resultados obtidos, a partir da an\u00e1lise de tr\u00eas tipos de produ\u00e7\u00f5es textuais recolhidas ao longo do ano letivo e das respostas a um question\u00e1rio relativo \u00e0s perce\u00e7\u00f5es dos estudantes sobre o processo de escrita, submetido antes e ap\u00f3s as didatiza\u00e7\u00f5es.<\/p>\n\n\n\n<p>Em suma, ao longo da apresenta\u00e7\u00e3o, procurar-se-\u00e1 alicer\u00e7ar a reflex\u00e3o em contributos te\u00f3ricos relevantes sobre este tema de investiga\u00e7\u00e3o, na an\u00e1lise dos documentos curriculares vigentes para a disciplina de Portugu\u00eas e, ainda, nos resultados do estudo de caso realizado em contexto escolar.<\/p>\n\n\n\n<p><strong>Palavras-chave: <\/strong>did\u00e1tica da escrita, ensino expl\u00edcito, consci\u00eancia discursiva<\/p>\n\n\n\n<p><strong>Refer\u00eancias bibliogr\u00e1ficas<\/strong><\/p>\n\n\n\n<ul class=\"wp-block-list\">\n<li>Adam, J.-M. (1992). <em>Les textes: types et prototypes. R\u00e9cit, description, argumentation, explication et dialogue<\/em>. \u00c9ditions Nathan.<\/li>\n\n\n\n<li>Bakhtin, M. (2006). <em>Est\u00e9tica da Cria\u00e7\u00e3o Verbal<\/em>. Martins Fontes.&nbsp;<\/li>\n\n\n\n<li>Buescu, H., Maia, L., Silva, M.G. &amp; Rocha, R. (2015). Programa e Metas Curriculares de Portugu\u00eas, Ensino Secund\u00e1rio. Minist\u00e9rio da Educa\u00e7\u00e3o e Ci\u00eancia. <a href=\"http:\/\/www.dge.mec.pt\/sites\/default\/files\/Secundario\/Documentos\/Documentos_Disciplinas_novo\/pr%20ograma_metas_curriculares_portugues_secundario.pdf\">http:\/\/www.dge.mec.pt\/sites\/default\/files\/Secundario\/Documentos\/Documentos_Disciplinas_novo\/pr ograma_metas_curriculares_portugues_secundario.pdf<\/a>&nbsp;<\/li>\n\n\n\n<li>Cassany, D., Luna, M. &amp; Sanz, G. (2011). <em>Ense\u00f1ar lengua<\/em>. Gra\u00f3.<\/li>\n\n\n\n<li>Flower L. &amp; Hayes, J. R. (1981). A Cognitive Process Theory of Writing. <em>College Composition and Communication<\/em>, 32(4), 365-387.<\/li>\n\n\n\n<li>Fonseca, F. I. (1992). A Urg\u00eancia De Uma Pedagogia Da Escrita.&nbsp;<em>M\u00e1thesis<\/em>, (1), 223-251. <a href=\"https:\/\/doi.org\/10.34632\/mathesis.1992.3691\">https:\/\/doi.org\/10.34632\/mathesis.1992.3691<\/a><\/li>\n\n\n\n<li>Werlich, E. (1975). <em>Typologie der Texte<\/em>. Quelle &amp; Meyer.<\/li>\n<\/ul>\n","protected":false},"excerpt":{"rendered":"<p>A apresentadora Ana Margarida Sim\u00f5esFaculdade de Letras da Universidade de Lisboa (doutoranda) BiografiaConcluiu, em 2018, a licenciatura em L\u00ednguas Modernas na Faculdade de Letras da Universidade de Coimbra. \u00c9 mestre em Ensino de Portugu\u00eas e de Espanhol no 3.\u00ba ciclo do Ensino B\u00e1sico e no Ensino Secund\u00e1rio pela mesma institui\u00e7\u00e3o. Iniciou, em setembro de 2021, [&hellip;]<\/p>\n","protected":false},"author":3183,"featured_media":0,"parent":0,"menu_order":0,"comment_status":"closed","ping_status":"closed","template":"","meta":{"footnotes":""},"class_list":["post-445","page","type-page","status-publish","hentry"],"_links":{"self":[{"href":"https:\/\/sites.ipleiria.pt\/emda\/wp-json\/wp\/v2\/pages\/445","targetHints":{"allow":["GET"]}}],"collection":[{"href":"https:\/\/sites.ipleiria.pt\/emda\/wp-json\/wp\/v2\/pages"}],"about":[{"href":"https:\/\/sites.ipleiria.pt\/emda\/wp-json\/wp\/v2\/types\/page"}],"author":[{"embeddable":true,"href":"https:\/\/sites.ipleiria.pt\/emda\/wp-json\/wp\/v2\/users\/3183"}],"replies":[{"embeddable":true,"href":"https:\/\/sites.ipleiria.pt\/emda\/wp-json\/wp\/v2\/comments?post=445"}],"version-history":[{"count":6,"href":"https:\/\/sites.ipleiria.pt\/emda\/wp-json\/wp\/v2\/pages\/445\/revisions"}],"predecessor-version":[{"id":1280,"href":"https:\/\/sites.ipleiria.pt\/emda\/wp-json\/wp\/v2\/pages\/445\/revisions\/1280"}],"wp:attachment":[{"href":"https:\/\/sites.ipleiria.pt\/emda\/wp-json\/wp\/v2\/media?parent=445"}],"curies":[{"name":"wp","href":"https:\/\/api.w.org\/{rel}","templated":true}]}}