{"id":5,"date":"2021-06-23T16:38:20","date_gmt":"2021-06-23T16:38:20","guid":{"rendered":"https:\/\/sites.ipleiria.pt\/emda\/?page_id=5"},"modified":"2025-11-14T13:48:06","modified_gmt":"2025-11-14T13:48:06","slug":"apresentacao","status":"publish","type":"page","link":"https:\/\/sites.ipleiria.pt\/emda\/apresentacao\/","title":{"rendered":"Informa\u00e7\u00f5es gerais"},"content":{"rendered":"\n<p>Os Encontros Mensais sobre Discurso Acad\u00e9mico (EMDA) s\u00e3o eventos acad\u00e9micos abertos ao p\u00fablico em geral, e t\u00eam como objetivo criar um espa\u00e7o para a apresenta\u00e7\u00e3o e debate de trabalhos de descri\u00e7\u00e3o e an\u00e1lise lingu\u00edsticas do <a href=\"https:\/\/sites.ipleiria.pt\/emda\/discurso-academico-o-que-e\/\" data-type=\"page\" data-id=\"50\">discurso e das pr\u00e1ticas discursivas acad\u00e9micas<\/a> em l\u00edngua portuguesa que sigam pressupostos te\u00f3ricos de teorias de descri\u00e7\u00e3o gramatical de base contextual, social e discursiva. <\/p>\n\n\n\n<p class=\"has-light-gray-background-color has-background\">Os encontros realizam-se na quarta quinta-feira de cada m\u00eas,\u00a0<strong>entre as 14:00 e as 15:30 (hora de Lisboa)<\/strong>, com a dura\u00e7\u00e3o de 1h30m. Para mais informa\u00e7\u00f5es sobre cada edi\u00e7\u00e3o dos EMDA, consulte a <strong><a href=\"https:\/\/sites.ipleiria.pt\/emda\/agenda-2025-semestre-2\/\">Agenda para 2025<\/a><\/strong>.<\/p>\n\n\n\n<h2 class=\"wp-block-heading\">Apresentadores <\/h2>\n\n\n\n<p><strong>O grupo do DPDA aceita, em perman\u00eancia, propostas para apresenta\u00e7\u00e3o.<\/strong> Aceitam-se propostas relativas a trabalhos em curso ou recentemente conclu\u00eddos. Para a sele\u00e7\u00e3o dos apresentadores ser\u00e1 dada prefer\u00eancia a trabalhos de investiga\u00e7\u00e3o em curso e desenvolvidos por estudantes e investigadores em in\u00edcio de carreira.<strong> O apresentador \/ orador de cada encontro receber\u00e1 um certificado de apresenta\u00e7\u00e3o.<\/strong><\/p>\n\n\n\n<p>Os interessados em fazer uma apresenta\u00e7\u00e3o dever\u00e3o consultar as <a href=\"https:\/\/sites.ipleiria.pt\/emda\/orientacoes-para-a-submissao-de-propostas\/\">Orienta\u00e7\u00f5es para a submiss\u00e3o de propostas de apresenta\u00e7\u00e3o<\/a>. <\/p>\n\n\n\n<p class=\"has-light-gray-background-color has-background\">O endere\u00e7o de contacto da organiza\u00e7\u00e3o dos EMDA \u00e9: <a href=\"mailto:emda.dpda@gmail.com\">emda.dpda@gmail.com<\/a>.<\/p>\n\n\n\n<h2 class=\"wp-block-heading\">P\u00fablico<\/h2>\n\n\n\n<p>A participa\u00e7\u00e3o \u00e9 aberta a todos os interessados no estudo do discurso e pr\u00e1ticas discursivas acad\u00e9micas em l\u00edngua portuguesa. <strong>N\u00e3o \u00e9 necess\u00e1rio fazer inscri\u00e7\u00e3o.<\/strong> <\/p>\n\n\n\n<p>O p\u00fablico mais esperado s\u00e3o os investigadores, docentes e estudantes de p\u00f3s-gradua\u00e7\u00e3o da Faculdade de Letras da Universidade de Coimbra (FLUC), Faculdade de Letras da Universidade de Lisboa (FLUL), Instituto Polit\u00e9cnico de Leiria, e de outras institui\u00e7\u00f5es de ensino superior, nacionais ou estrangeiras. <strong>N\u00e3o s\u00e3o emitidos certificados de participa\u00e7\u00e3o \u00e0 audi\u00eancia.<\/strong><\/p>\n\n\n\n<p class=\"has-light-gray-background-color has-background\">Recordamos que a participa\u00e7\u00e3o na sala teams tem como pressuposto a\u00a0aceita\u00e7\u00e3o do registo de som e imagem. Em alternativa, \u00e9 poss\u00edvel assistir \u00e0 emiss\u00e3o em diferido no\u00a0<a href=\"https:\/\/www.youtube.com\/channel\/UCicjl7ixf_h8DbjhO5C_WrA\" target=\"_blank\" rel=\"noreferrer noopener\">canal da ESECS-Polit\u00e9cnico de Leiria do YouTube<\/a>. <br>Todas as edi\u00e7\u00f5es dos EMDA ficar\u00e3o acess\u00edveis na lista de v\u00eddeos do\u00a0<a href=\"https:\/\/www.youtube.com\/channel\/UCicjl7ixf_h8DbjhO5C_WrA\" target=\"_blank\" rel=\"noreferrer noopener\">canal da ESECS-Polit\u00e9cnico de Leiria do YouTube<\/a> e no <a href=\"https:\/\/sites.ipleiria.pt\/emda\/\" data-type=\"page\" data-id=\"7\">s\u00edtio do evento<\/a>, para visualiza\u00e7\u00e3o pelo p\u00fablico em geral.<\/p>\n\n\n\n<p class=\"has-white-color has-text-color\">Este par\u00e1grafo serve para empur<\/p>\n\n\n\n<h2 class=\"wp-block-heading\"><strong>Apoio t\u00e9cnico<\/strong> e colabora\u00e7\u00e3o na divulga\u00e7\u00e3o<\/h2>\n\n\n\n<p>A realiza\u00e7\u00e3o dos encontros conta com o apoio da ESECS-Polit\u00e9cnico de Leiria, nomeadamente:<\/p>\n\n\n\n<ul class=\"wp-block-list\">\n<li>Centro de Recursos Audiovisuais<\/li>\n\n\n\n<li>Centro de Recursos de Multim\u00e9dia<\/li>\n\n\n\n<li>Servi\u00e7os Inform\u00e1ticos<\/li>\n<\/ul>\n\n\n\n<p>Adicionalmente, a divulga\u00e7\u00e3o dos encontros realiza-se em colabora\u00e7\u00e3o com o Gabinete de Rela\u00e7\u00f5es P\u00fablicas e Coopera\u00e7\u00e3o Internacional da ESECS-Polit\u00e9cnico de Leiria.<\/p>\n\n\n\n<p>A todos, o nosso muito obrigado!<\/p>\n\n\n\n<div class=\"wp-block-columns is-layout-flex wp-container-core-columns-is-layout-7 wp-block-columns-is-layout-flex\">\n<div class=\"wp-block-column is-layout-flow wp-block-column-is-layout-flow\" style=\"flex-basis:100%\">\n<div class=\"wp-block-columns is-layout-flex wp-container-core-columns-is-layout-1 wp-block-columns-is-layout-flex\">\n<div class=\"wp-block-column is-layout-flow wp-block-column-is-layout-flow\" style=\"flex-basis:100%\">\n<p class=\"has-white-color has-text-color\">rar a barra dos logotipos para baixo. Este par\u00e1grafo serve para empurrar a barra dos logotipos para baixo. Este par\u00e1grafo serve para empurrar a barra dos logotipos para baixo.<\/p>\n<\/div>\n<\/div>\n\n\n\n<div class=\"wp-block-columns is-layout-flex wp-container-core-columns-is-layout-6 wp-block-columns-is-layout-flex\">\n<div class=\"wp-block-column is-layout-flow wp-block-column-is-layout-flow\">\n<div class=\"wp-block-columns is-layout-flex wp-container-core-columns-is-layout-5 wp-block-columns-is-layout-flex\">\n<div class=\"wp-block-column is-layout-flow wp-block-column-is-layout-flow\" style=\"flex-basis:100%\">\n<div class=\"wp-block-group\"><div class=\"wp-block-group__inner-container is-layout-flow wp-block-group-is-layout-flow\">\n<div class=\"wp-block-columns is-layout-flex wp-container-core-columns-is-layout-4 wp-block-columns-is-layout-flex\">\n<div class=\"wp-block-column is-layout-flow wp-block-column-is-layout-flow\" style=\"flex-basis:100%\">\n<div class=\"wp-block-columns are-vertically-aligned-center is-layout-flex wp-container-core-columns-is-layout-3 wp-block-columns-is-layout-flex\">\n<div class=\"wp-block-column is-vertically-aligned-center is-layout-flow wp-block-column-is-layout-flow\" style=\"flex-basis:100%\">\n<div class=\"wp-block-group\"><div class=\"wp-block-group__inner-container is-layout-flow wp-block-group-is-layout-flow\">\n<div class=\"wp-block-columns is-layout-flex wp-container-core-columns-is-layout-2 wp-block-columns-is-layout-flex\">\n<div class=\"wp-block-column is-layout-flow wp-block-column-is-layout-flow\" style=\"flex-basis:100%\">\n<figure class=\"wp-block-image size-large is-resized\"><img fetchpriority=\"high\" decoding=\"async\" width=\"1024\" height=\"89\" src=\"http:\/\/sites.ipleiria.pt\/emda\/files\/2021\/07\/logotipos.001-1-e1625577648547.jpeg\" alt=\"\" class=\"wp-image-252\" style=\"width:879px;height:75px\" srcset=\"https:\/\/sites.ipleiria.pt\/emda\/files\/2021\/07\/logotipos.001-1-e1625577648547.jpeg 1024w, https:\/\/sites.ipleiria.pt\/emda\/files\/2021\/07\/logotipos.001-1-e1625577648547-300x26.jpeg 300w, https:\/\/sites.ipleiria.pt\/emda\/files\/2021\/07\/logotipos.001-1-e1625577648547-768x67.jpeg 768w, https:\/\/sites.ipleiria.pt\/emda\/files\/2021\/07\/logotipos.001-1-e1625577648547-624x54.jpeg 624w\" sizes=\"(max-width: 1024px) 100vw, 1024px\" \/><\/figure>\n<\/div>\n<\/div>\n<\/div><\/div>\n<\/div>\n<\/div>\n<\/div>\n<\/div>\n<\/div><\/div>\n<\/div>\n<\/div>\n<\/div>\n<\/div>\n<\/div>\n<\/div>\n\n\n\n<p><\/p>\n","protected":false},"excerpt":{"rendered":"<p>Os Encontros Mensais sobre Discurso Acad\u00e9mico (EMDA) s\u00e3o eventos acad\u00e9micos abertos ao p\u00fablico em geral, e t\u00eam como objetivo criar um espa\u00e7o para a apresenta\u00e7\u00e3o e debate de trabalhos de descri\u00e7\u00e3o e an\u00e1lise lingu\u00edsticas do discurso e das pr\u00e1ticas discursivas acad\u00e9micas em l\u00edngua portuguesa que sigam pressupostos te\u00f3ricos de teorias de descri\u00e7\u00e3o gramatical de base [&hellip;]<\/p>\n","protected":false},"author":5223,"featured_media":0,"parent":0,"menu_order":0,"comment_status":"closed","ping_status":"closed","template":"","meta":{"footnotes":""},"class_list":["post-5","page","type-page","status-publish","hentry"],"_links":{"self":[{"href":"https:\/\/sites.ipleiria.pt\/emda\/wp-json\/wp\/v2\/pages\/5","targetHints":{"allow":["GET"]}}],"collection":[{"href":"https:\/\/sites.ipleiria.pt\/emda\/wp-json\/wp\/v2\/pages"}],"about":[{"href":"https:\/\/sites.ipleiria.pt\/emda\/wp-json\/wp\/v2\/types\/page"}],"author":[{"embeddable":true,"href":"https:\/\/sites.ipleiria.pt\/emda\/wp-json\/wp\/v2\/users\/5223"}],"replies":[{"embeddable":true,"href":"https:\/\/sites.ipleiria.pt\/emda\/wp-json\/wp\/v2\/comments?post=5"}],"version-history":[{"count":64,"href":"https:\/\/sites.ipleiria.pt\/emda\/wp-json\/wp\/v2\/pages\/5\/revisions"}],"predecessor-version":[{"id":1400,"href":"https:\/\/sites.ipleiria.pt\/emda\/wp-json\/wp\/v2\/pages\/5\/revisions\/1400"}],"wp:attachment":[{"href":"https:\/\/sites.ipleiria.pt\/emda\/wp-json\/wp\/v2\/media?parent=5"}],"curies":[{"name":"wp","href":"https:\/\/api.w.org\/{rel}","templated":true}]}}