{"id":50,"date":"2021-06-24T11:16:46","date_gmt":"2021-06-24T11:16:46","guid":{"rendered":"https:\/\/sites.ipleiria.pt\/emda\/?page_id=50"},"modified":"2023-09-01T19:54:14","modified_gmt":"2023-09-01T19:54:14","slug":"discurso-academico-o-que-e","status":"publish","type":"page","link":"https:\/\/sites.ipleiria.pt\/emda\/discurso-academico-o-que-e\/","title":{"rendered":"Discurso e Pr\u00e1ticas Discursivas Acad\u00e9micas"},"content":{"rendered":"\n<p>Por discurso e pr\u00e1ticas discursivas acad\u00e9micas em l\u00edngua portuguesa entende-se todas as manifesta\u00e7\u00f5es de uso da l\u00edngua portuguesa no contexto geral do mundo acad\u00e9mico (nos mais variados n\u00edveis de escolaridade, em publica\u00e7\u00f5es e eventos de natureza cient\u00edfica, etc.), independentemente da variedade lingu\u00edstica e entendendo o portugu\u00eas como l\u00edngua pluric\u00eantrica.<\/p>\n\n\n\n<p>Para uma vis\u00e3o sobre a abordagem a este objeto de estudo informada pelo conceito de G\u00e9nero, sugerimos a consulta dos <a href=\"https:\/\/sites.ipleiria.pt\/pge\/recursos\/\" data-type=\"URL\" data-id=\"https:\/\/sites.ipleiria.pt\/pge\/recursos\/\">Recursos disponibilizados no Portal dos G\u00e9neros Escolares &amp; Acad\u00e9micos<\/a>.<\/p>\n\n\n\n<p><\/p>\n\n\n\n<p>Para mais informa\u00e7\u00f5es e outros esclarecimentos, contacte-nos pelo endere\u00e7o do coordenador do grupo: Paulo Nunes da Silva &#8211; <a href=\"mailto:Paulo.Silva@uab.pt\">Paulo.Silva@uab.pt<\/a>.<\/p>\n\n\n\n<p><\/p>\n\n\n\n<figure class=\"wp-block-image size-large is-resized\"><img fetchpriority=\"high\" decoding=\"async\" src=\"http:\/\/sites.ipleiria.pt\/emda\/files\/2021\/07\/logotipos.001-1-e1625577648547.jpeg\" alt=\"\" class=\"wp-image-252\" width=\"792\" height=\"68\" srcset=\"https:\/\/sites.ipleiria.pt\/emda\/files\/2021\/07\/logotipos.001-1-e1625577648547.jpeg 1024w, https:\/\/sites.ipleiria.pt\/emda\/files\/2021\/07\/logotipos.001-1-e1625577648547-300x26.jpeg 300w, https:\/\/sites.ipleiria.pt\/emda\/files\/2021\/07\/logotipos.001-1-e1625577648547-768x67.jpeg 768w, https:\/\/sites.ipleiria.pt\/emda\/files\/2021\/07\/logotipos.001-1-e1625577648547-624x54.jpeg 624w\" sizes=\"(max-width: 792px) 100vw, 792px\" \/><\/figure>\n\n\n\n<p class=\"has-white-color has-text-color\">Este bloco de texto serve apenas para empurrar a barra dos logotipos mais para baixo.<\/p>\n","protected":false},"excerpt":{"rendered":"<p>Por discurso e pr\u00e1ticas discursivas acad\u00e9micas em l\u00edngua portuguesa entende-se todas as manifesta\u00e7\u00f5es de uso da l\u00edngua portuguesa no contexto geral do mundo acad\u00e9mico (nos mais variados n\u00edveis de escolaridade, em publica\u00e7\u00f5es e eventos de natureza cient\u00edfica, etc.), independentemente da variedade lingu\u00edstica e entendendo o portugu\u00eas como l\u00edngua pluric\u00eantrica. Para uma vis\u00e3o sobre a abordagem [&hellip;]<\/p>\n","protected":false},"author":3183,"featured_media":0,"parent":0,"menu_order":0,"comment_status":"closed","ping_status":"closed","template":"","meta":{"footnotes":""},"class_list":["post-50","page","type-page","status-publish","hentry"],"_links":{"self":[{"href":"https:\/\/sites.ipleiria.pt\/emda\/wp-json\/wp\/v2\/pages\/50","targetHints":{"allow":["GET"]}}],"collection":[{"href":"https:\/\/sites.ipleiria.pt\/emda\/wp-json\/wp\/v2\/pages"}],"about":[{"href":"https:\/\/sites.ipleiria.pt\/emda\/wp-json\/wp\/v2\/types\/page"}],"author":[{"embeddable":true,"href":"https:\/\/sites.ipleiria.pt\/emda\/wp-json\/wp\/v2\/users\/3183"}],"replies":[{"embeddable":true,"href":"https:\/\/sites.ipleiria.pt\/emda\/wp-json\/wp\/v2\/comments?post=50"}],"version-history":[{"count":10,"href":"https:\/\/sites.ipleiria.pt\/emda\/wp-json\/wp\/v2\/pages\/50\/revisions"}],"predecessor-version":[{"id":987,"href":"https:\/\/sites.ipleiria.pt\/emda\/wp-json\/wp\/v2\/pages\/50\/revisions\/987"}],"wp:attachment":[{"href":"https:\/\/sites.ipleiria.pt\/emda\/wp-json\/wp\/v2\/media?parent=50"}],"curies":[{"name":"wp","href":"https:\/\/api.w.org\/{rel}","templated":true}]}}