{"id":582,"date":"2022-01-28T11:50:25","date_gmt":"2022-01-28T11:50:25","guid":{"rendered":"https:\/\/sites.ipleiria.pt\/emda\/?page_id=582"},"modified":"2022-01-28T11:52:26","modified_gmt":"2022-01-28T11:52:26","slug":"emda-6-23-de-fevereiro-de-2022","status":"publish","type":"page","link":"https:\/\/sites.ipleiria.pt\/emda\/emda-6-23-de-fevereiro-de-2022\/","title":{"rendered":"EMDA 6 &#8211; 23 de fevereiro de 2022"},"content":{"rendered":"\n<div class=\"wp-block-image is-style-rounded\"><figure class=\"alignright\"><img decoding=\"async\" src=\"https:\/\/static.globalnoticias.pt\/dn\/image.aspx?brand=dn&amp;type=generate&amp;guid=640e9d44-1043-4145-952f-57b4b7d3ab12\" alt=\"Margarita Correia\" \/><figcaption>Margarita Correia<\/figcaption><\/figure><\/div>\n\n\n\n<p><strong>A apresentadora<\/strong><\/p>\n\n\n\n<p><strong>Margarita Correia<\/strong><br>Professora da Faculdade de Letras da Universidade de Lisboa, investigadora do CELGA-ILTEC da Universidade de Coimbra e coordenadora do Portal da L\u00edngua Portuguesa\u00a0<\/p>\n\n\n\n<p><strong>T\u00edtulo da apresenta\u00e7\u00e3o<br><\/strong>Terminologia do discurso acad\u00e9mico em portugu\u00eas<\/p>\n","protected":false},"excerpt":{"rendered":"<p>A apresentadora Margarita CorreiaProfessora da Faculdade de Letras da Universidade de Lisboa, investigadora do CELGA-ILTEC da Universidade de Coimbra e coordenadora do Portal da L\u00edngua Portuguesa\u00a0 T\u00edtulo da apresenta\u00e7\u00e3oTerminologia do discurso acad\u00e9mico em portugu\u00eas<\/p>\n","protected":false},"author":3183,"featured_media":0,"parent":0,"menu_order":0,"comment_status":"closed","ping_status":"closed","template":"","meta":{"footnotes":""},"class_list":["post-582","page","type-page","status-publish","hentry"],"_links":{"self":[{"href":"https:\/\/sites.ipleiria.pt\/emda\/wp-json\/wp\/v2\/pages\/582","targetHints":{"allow":["GET"]}}],"collection":[{"href":"https:\/\/sites.ipleiria.pt\/emda\/wp-json\/wp\/v2\/pages"}],"about":[{"href":"https:\/\/sites.ipleiria.pt\/emda\/wp-json\/wp\/v2\/types\/page"}],"author":[{"embeddable":true,"href":"https:\/\/sites.ipleiria.pt\/emda\/wp-json\/wp\/v2\/users\/3183"}],"replies":[{"embeddable":true,"href":"https:\/\/sites.ipleiria.pt\/emda\/wp-json\/wp\/v2\/comments?post=582"}],"version-history":[{"count":2,"href":"https:\/\/sites.ipleiria.pt\/emda\/wp-json\/wp\/v2\/pages\/582\/revisions"}],"predecessor-version":[{"id":588,"href":"https:\/\/sites.ipleiria.pt\/emda\/wp-json\/wp\/v2\/pages\/582\/revisions\/588"}],"wp:attachment":[{"href":"https:\/\/sites.ipleiria.pt\/emda\/wp-json\/wp\/v2\/media?parent=582"}],"curies":[{"name":"wp","href":"https:\/\/api.w.org\/{rel}","templated":true}]}}