{"id":7,"date":"2021-06-23T16:38:36","date_gmt":"2021-06-23T16:38:36","guid":{"rendered":"https:\/\/sites.ipleiria.pt\/emda\/?page_id=7"},"modified":"2023-09-01T19:53:18","modified_gmt":"2023-09-01T19:53:18","slug":"uma-iniciativa-do-dpda","status":"publish","type":"page","link":"https:\/\/sites.ipleiria.pt\/emda\/uma-iniciativa-do-dpda\/","title":{"rendered":"Uma Iniciativa do GT DPDA"},"content":{"rendered":"\n<p>O grupo de trabalho DPDA, criado em 2014 no CELGA-ILTEC da Universidade de Coimbra, congrega um grupo de docentes e investigadores que, tomando como principais referenciais te\u00f3ricos o Interacionismo Sociodiscursivo e a Lingu\u00edstica Sist\u00e9mico-Funcional, se dedicam ao estudo das quest\u00f5es do discurso e das pr\u00e1ticas discursivas em contexto acad\u00e9mico \u2013 desde o ensino b\u00e1sico ao ensino superior.<\/p>\n\n\n\n<p>As atividades desenvolvidas pela equipa DPDA incluem:<\/p>\n\n\n\n<ul class=\"wp-block-list\"><li><strong>desenvolvimento do <a rel=\"noreferrer noopener\" href=\"https:\/\/sites.ipleiria.pt\/pge\/\" data-type=\"URL\" data-id=\"https:\/\/sites.ipleiria.pt\/pge\/\" target=\"_blank\">Portal dos G\u00e9neros Escolares &amp; Acad\u00e9micos<\/a><\/strong> &#8211; onde se disponibiliza informa\u00e7\u00e3o sobre os g\u00e9neros textuais existentes em diferentes contextos educativos <\/li><li><strong>(co)organiza\u00e7\u00e3o do <a rel=\"noreferrer noopener\" href=\"https:\/\/sites.ipleiria.pt\/2enda2021\/\" data-type=\"URL\" data-id=\"https:\/\/sites.ipleiria.pt\/2enda2021\/\" target=\"_blank\">Encontro Nacional sobre Discurso Acad\u00e9mico (ENDA)<\/a> <\/strong>&#8211; evento anual com a primeira edi\u00e7\u00e3o em <a rel=\"noreferrer noopener\" href=\"https:\/\/sites.ipleiria.pt\/1enda2018\/\" data-type=\"URL\" data-id=\"https:\/\/sites.ipleiria.pt\/1enda2018\/\" target=\"_blank\">2018<\/a><\/li><li><strong>organiza\u00e7\u00e3o das <span style=\"text-decoration: underline\"><a rel=\"noreferrer noopener\" href=\"https:\/\/sites.ipleiria.pt\/discursoacademico\/\" data-type=\"URL\" data-id=\"https:\/\/sites.ipleiria.pt\/discursoacademico\/\" target=\"_blank\">Oficinas de Trabalho sobre Discurso Acad\u00e9mico<\/a><\/span><\/strong> &#8211; duas a tr\u00eas edi\u00e7\u00f5es por ano<\/li><li><strong>organiza\u00e7\u00e3o dos <a href=\"https:\/\/sites.ipleiria.pt\/emda\/\" data-type=\"URL\" data-id=\"https:\/\/sites.ipleiria.pt\/emda\/\">Encontros Mensais EMDA<\/a><\/strong> &#8211; todos os meses exceto agosto e meses em que se realize um ENDA<\/li><\/ul>\n\n\n\n<p>Os membros do DPDA t\u00eam estatutos diversos, como o de membro integrado ou de colaborador externo, mas partilham o mesmo interesse pela linha tem\u00e1tica. Apresenta-se abaixo a lista de nomes dos membros atuais.<\/p>\n\n\n\n<div class=\"wp-block-columns is-layout-flex wp-container-core-columns-is-layout-3 wp-block-columns-is-layout-flex\">\n<div class=\"wp-block-column is-layout-flow wp-block-column-is-layout-flow\" style=\"flex-basis:100%\">\n<div class=\"wp-block-columns is-layout-flex wp-container-core-columns-is-layout-1 wp-block-columns-is-layout-flex\">\n<div class=\"wp-block-column is-layout-flow wp-block-column-is-layout-flow\" style=\"flex-basis:100%\"><\/div>\n<\/div>\n\n\n\n<div class=\"wp-block-columns is-layout-flex wp-container-core-columns-is-layout-2 wp-block-columns-is-layout-flex\">\n<div class=\"wp-block-column is-layout-flow wp-block-column-is-layout-flow\">\n<ul id=\"block-606b59f3-2398-48e5-8cf2-90562295bf67\" class=\"has-blue-color has-text-color wp-block-list\" style=\"font-size:14px\"><li>\u00c2ngelo Mauai<\/li><li>Carla Cunha Marques<\/li><li>Carlos A. M. Gouveia<\/li><li>C\u00e9lia Barbeiro<\/li><li>Fausto Caels<\/li><li>Fernanda Botelho<\/li><li>Goreti Freire<\/li><li>Joana Vieira Santos<\/li><li>Lu Gao<\/li><li>Lu\u00eds Filipe Barbeiro<\/li><li>Mafalda Mendes<\/li><\/ul>\n<\/div>\n\n\n\n<div class=\"wp-block-column is-layout-flow wp-block-column-is-layout-flow\">\n<ul id=\"block-606b59f3-2398-48e5-8cf2-90562295bf67\" class=\"has-blue-color has-text-color wp-block-list\" style=\"font-size:14px\"><li>M\u00e1rio Alves<\/li><li>Marta Filipe Alexandre<\/li><li>Marta Sitoe<\/li><li>Miguel Moiteiro Marques<\/li><li>Osvaldo Faquir<\/li><li>Paula Cristina Ferreira<\/li><li>Paulo Nunes da Silva<\/li><li>Tanara Zingano Kuhn<\/li><li>V\u00e2nia Pinheiro<\/li><li>Victor Bermejo<\/li><\/ul>\n<\/div>\n<\/div>\n<\/div>\n<\/div>\n\n\n\n<figure class=\"wp-block-table\"><table><tbody><tr><td><strong>Contactos<\/strong> <strong>do Grupo de Trabalho \u201cDiscurso e Pr\u00e1ticas Discursivas Acad\u00e9micas\u201d<\/strong><\/td><\/tr><tr><td>    <img decoding=\"async\" style=\"width: 200px\" src=\"http:\/\/sites.ipleiria.pt\/discursoacademico\/files\/2022\/06\/CELGA.png\" alt=\"\"> <br><strong>   Centro de Estudos de Lingu\u00edstica Geral e Aplicada da Universidade de Coimbra<br><\/strong>   Faculdade de Letras<br>   Largo da Porta F\u00e9rrea<br>   3004-530 COIMBRA<br><br>   (+351) 239 859 900 \/ Fax: (+351) 239 836 733<br><\/td><\/tr><tr><td><br>   <strong>Investigador respons\u00e1vel do GT DPDA<\/strong><br>   Paulo Nunes da Silva<br>   <a href=\"mailto:Paulo.Silva@uab.pt\">Paulo.Silva@uab.pt<\/a><\/td><\/tr><\/tbody><\/table><\/figure>\n\n\n\n<div class=\"wp-block-columns is-layout-flex wp-container-core-columns-is-layout-5 wp-block-columns-is-layout-flex\">\n<div class=\"wp-block-column is-layout-flow wp-block-column-is-layout-flow\">\n<div class=\"wp-block-columns is-layout-flex wp-container-core-columns-is-layout-4 wp-block-columns-is-layout-flex\">\n<div class=\"wp-block-column is-layout-flow wp-block-column-is-layout-flow\"><\/div>\n\n\n\n<div class=\"wp-block-column is-layout-flow wp-block-column-is-layout-flow\"><\/div>\n\n\n\n<div class=\"wp-block-column is-layout-flow wp-block-column-is-layout-flow\"><\/div>\n<\/div>\n\n\n\n<figure class=\"wp-block-image size-full\"><img fetchpriority=\"high\" decoding=\"async\" width=\"1024\" height=\"89\" src=\"https:\/\/sites.ipleiria.pt\/emda\/files\/2021\/07\/logotipos.001-1-e1625577648547.jpeg\" alt=\"\" class=\"wp-image-252\" srcset=\"https:\/\/sites.ipleiria.pt\/emda\/files\/2021\/07\/logotipos.001-1-e1625577648547.jpeg 1024w, https:\/\/sites.ipleiria.pt\/emda\/files\/2021\/07\/logotipos.001-1-e1625577648547-300x26.jpeg 300w, https:\/\/sites.ipleiria.pt\/emda\/files\/2021\/07\/logotipos.001-1-e1625577648547-768x67.jpeg 768w, https:\/\/sites.ipleiria.pt\/emda\/files\/2021\/07\/logotipos.001-1-e1625577648547-624x54.jpeg 624w\" sizes=\"(max-width: 1024px) 100vw, 1024px\" \/><\/figure>\n<\/div>\n<\/div>\n\n\n\n<p class=\"has-white-color has-text-color\">a barra dos logotipos para baixo. Este par\u00e1grafo serve para empurrar a barra dos logotipos para baixo.<\/p>\n","protected":false},"excerpt":{"rendered":"<p>O grupo de trabalho DPDA, criado em 2014 no CELGA-ILTEC da Universidade de Coimbra, congrega um grupo de docentes e investigadores que, tomando como principais referenciais te\u00f3ricos o Interacionismo Sociodiscursivo e a Lingu\u00edstica Sist\u00e9mico-Funcional, se dedicam ao estudo das quest\u00f5es do discurso e das pr\u00e1ticas discursivas em contexto acad\u00e9mico \u2013 desde o ensino b\u00e1sico ao [&hellip;]<\/p>\n","protected":false},"author":5223,"featured_media":0,"parent":0,"menu_order":0,"comment_status":"closed","ping_status":"closed","template":"","meta":{"footnotes":""},"class_list":["post-7","page","type-page","status-publish","hentry"],"_links":{"self":[{"href":"https:\/\/sites.ipleiria.pt\/emda\/wp-json\/wp\/v2\/pages\/7","targetHints":{"allow":["GET"]}}],"collection":[{"href":"https:\/\/sites.ipleiria.pt\/emda\/wp-json\/wp\/v2\/pages"}],"about":[{"href":"https:\/\/sites.ipleiria.pt\/emda\/wp-json\/wp\/v2\/types\/page"}],"author":[{"embeddable":true,"href":"https:\/\/sites.ipleiria.pt\/emda\/wp-json\/wp\/v2\/users\/5223"}],"replies":[{"embeddable":true,"href":"https:\/\/sites.ipleiria.pt\/emda\/wp-json\/wp\/v2\/comments?post=7"}],"version-history":[{"count":36,"href":"https:\/\/sites.ipleiria.pt\/emda\/wp-json\/wp\/v2\/pages\/7\/revisions"}],"predecessor-version":[{"id":986,"href":"https:\/\/sites.ipleiria.pt\/emda\/wp-json\/wp\/v2\/pages\/7\/revisions\/986"}],"wp:attachment":[{"href":"https:\/\/sites.ipleiria.pt\/emda\/wp-json\/wp\/v2\/media?parent=7"}],"curies":[{"name":"wp","href":"https:\/\/api.w.org\/{rel}","templated":true}]}}