{"id":715,"date":"2022-06-13T09:15:08","date_gmt":"2022-06-13T09:15:08","guid":{"rendered":"https:\/\/sites.ipleiria.pt\/emda\/?page_id=715"},"modified":"2022-11-23T21:57:27","modified_gmt":"2022-11-23T21:57:27","slug":"agenda-2022-semestre-2","status":"publish","type":"page","link":"https:\/\/sites.ipleiria.pt\/emda\/agenda-2022-semestre-2\/","title":{"rendered":"Agenda 2022 &#8211; semestre 2"},"content":{"rendered":"\n<p>Os encontros realizam-se na <span style=\"text-decoration: underline\">2.\u00aa segunda-feira de cada m\u00eas<\/span>, <strong>entre as 18:00 e as 19:30<\/strong>. <br>Todas as horas indicadas respeitam \u00e0 hora de Portugal Continental.<br>Os encontros realizam-se remotamente e s\u00e3o emitidos em direto no <a rel=\"noreferrer noopener\" href=\"https:\/\/www.youtube.com\/channel\/UCicjl7ixf_h8DbjhO5C_WrA\" target=\"_blank\">canal da ESECS-Polit\u00e9cnico de Leiria do YouTube<\/a>. O p\u00fablico pode assistir ao evento na sala Zoom ou no canal do YouTube.<br>Cada encontro combina dois momentos: 30 minutos para a apresenta\u00e7\u00e3o e 45 minutos para a discuss\u00e3o. Os encontros t\u00eam a dura\u00e7\u00e3o m\u00e1xima de 1 hora e 30 minutos.<\/p>\n\n\n\n<figure class=\"wp-block-table\"><table><tbody><tr><td><\/td><td>Nome do apresentador e t\u00edtulo da apresenta\u00e7\u00e3o<\/td><\/tr><tr><td><em>&#8212;setembro&#8212;-<\/em><\/td><td><em><em>&#8212;N\u00e3o se realiza nenhum encontro.<\/em>&#8212;<\/em><\/td><\/tr><tr><td>&#8212;<em>outubro&#8212;-<\/em><\/td><td><em><em>&#8212;N\u00e3o se realiza nenhum encontro.<\/em>&#8212;<\/em><\/td><\/tr><tr><td>14 de NOVEMBRO,<br>18h00-19h30 <br><strong>EMDA 10<\/strong><\/td><td><strong>Mafalda Mendes<br><\/strong>As aprendizagens da escrita no modelo da Lingu\u00edstica Sist\u00e9mico-Funcional proposto por Halliday &#8211; <strong>sess\u00e3o 1<\/strong><br><br>&lt;&lt;&lt;&lt;  <a href=\"https:\/\/www.youtube.com\/watch?v=e0AQtgnMuV4\" data-type=\"URL\" data-id=\"https:\/\/www.youtube.com\/watch?v=e0AQtgnMuV4\">REVEJA A GRAVA\u00c7\u00c3O DA SESS\u00c3O<\/a> &lt;&lt;&lt;&lt;&lt;&lt;&lt;<br><br>&gt;&gt;&gt;&gt;&gt;<a href=\"https:\/\/sites.ipleiria.pt\/emda\/emda-10-6-de-julho-de-2022\/\">Leia mais informa\u00e7\u00e3o sobre esta apresenta\u00e7\u00e3o<\/a><\/td><\/tr><tr><td>5 de DEZEMBRO,<br>18h00-19h30 <br><strong>EMDA 11<\/strong><\/td><td><strong>Mafalda Mendes<br><\/strong>As aprendizagens da escrita no modelo da Lingu\u00edstica Sist\u00e9mico-Funcional proposto por Halliday &#8211; <strong>sess\u00e3o 2<\/strong><br><br>NOTA: <br>H\u00e1 uma continuidade entre o EMDA10 e o EMDA11. Sugerimos que se <a href=\"https:\/\/www.youtube.com\/watch?v=e0AQtgnMuV4\" data-type=\"URL\" data-id=\"https:\/\/www.youtube.com\/watch?v=e0AQtgnMuV4\">REVEJA A GRAVA\u00c7\u00c3O DA 1.\u00aa SESS\u00c3O SOBRE ESTE TEMA<\/a>.<br><br>&gt;&gt;&gt; <a href=\"https:\/\/videoconf-colibri.zoom.us\/j\/82132602270?pwd=R0R1bkl5R01vWm40a3ZTQ1dFOGdzQT09\" target=\"_blank\" rel=\"noreferrer noopener\">LINK PARA A SESS\u00c3O ZOOM<\/a><br>&gt;&gt;&gt;&gt;&gt;<a href=\"https:\/\/sites.ipleiria.pt\/emda\/emda-11\/\" data-type=\"URL\" data-id=\"https:\/\/sites.ipleiria.pt\/emda\/emda-11\/\">Leia mais informa\u00e7\u00e3o sobre esta apresenta\u00e7\u00e3o<\/a><br><em>.<\/em><\/td><\/tr><\/tbody><\/table><\/figure>\n\n\n\n<p><\/p>\n\n\n\n<p><strong>Apoios<\/strong><\/p>\n\n\n\n<p>A divulga\u00e7\u00e3o e realiza\u00e7\u00e3o dos encontros conta com o apoio da ESECS-Polit\u00e9cnico de Leiria, nomeadamente:<\/p>\n\n\n\n<ul class=\"wp-block-list\"><li>Centro de Recursos Audiovisuais<\/li><li>Centro de Recursos de Multim\u00e9dia<\/li><li>Gabinete de Rela\u00e7\u00f5es P\u00fablicas e Coopera\u00e7\u00e3o Internacional<\/li><li>Servi\u00e7os Inform\u00e1ticos<\/li><\/ul>\n\n\n\n<p><\/p>\n\n\n\n<p class=\"has-light-gray-background-color has-background\">A participa\u00e7\u00e3o na sala zoom tem como pressuposto a&nbsp;aceita\u00e7\u00e3o do registo de som e imagem. Em alternativa, \u00e9 poss\u00edvel assistir \u00e0 emiss\u00e3o em direto no&nbsp;<a rel=\"noreferrer noopener\" href=\"https:\/\/www.youtube.com\/channel\/UCicjl7ixf_h8DbjhO5C_WrA\" target=\"_blank\">canal da ESECS-Polit\u00e9cnico de Leiria do YouTube<\/a>. <br>Todas as edi\u00e7\u00f5es dos EMDA ficar\u00e3o acess\u00edveis na lista de v\u00eddeos do&nbsp;<a rel=\"noreferrer noopener\" href=\"https:\/\/www.youtube.com\/channel\/UCicjl7ixf_h8DbjhO5C_WrA\" target=\"_blank\">canal da ESECS-Polit\u00e9cnico de Leiria do YouTube<\/a>&nbsp;e no&nbsp;<a href=\"https:\/\/sites.ipleiria.pt\/emda\/encontros-realizados\/\" data-type=\"page\" data-id=\"12\">s\u00edtio do evento<\/a>, para visualiza\u00e7\u00e3o pelo p\u00fablico em geral.<\/p>\n\n\n\n<p class=\"has-light-gray-background-color has-background\"><strong>*O grupo do DPDA aceita, em perman\u00eancia,&nbsp;<a href=\"https:\/\/sites.ipleiria.pt\/emda\/orientacoes-para-a-submissao-de-propostas\/\">propostas para apresenta\u00e7\u00e3o<\/a>.<\/strong>&nbsp;<\/p>\n\n\n\n<figure class=\"wp-block-image size-full\"><img fetchpriority=\"high\" decoding=\"async\" width=\"1024\" height=\"89\" src=\"http:\/\/sites.ipleiria.pt\/emda\/files\/2021\/07\/logotipos.001-1-e1625577648547.jpeg\" alt=\"\" class=\"wp-image-252\" srcset=\"https:\/\/sites.ipleiria.pt\/emda\/files\/2021\/07\/logotipos.001-1-e1625577648547.jpeg 1024w, https:\/\/sites.ipleiria.pt\/emda\/files\/2021\/07\/logotipos.001-1-e1625577648547-300x26.jpeg 300w, https:\/\/sites.ipleiria.pt\/emda\/files\/2021\/07\/logotipos.001-1-e1625577648547-768x67.jpeg 768w, https:\/\/sites.ipleiria.pt\/emda\/files\/2021\/07\/logotipos.001-1-e1625577648547-624x54.jpeg 624w\" sizes=\"(max-width: 1024px) 100vw, 1024px\" \/><\/figure>\n","protected":false},"excerpt":{"rendered":"<p>Os encontros realizam-se na 2.\u00aa segunda-feira de cada m\u00eas, entre as 18:00 e as 19:30. Todas as horas indicadas respeitam \u00e0 hora de Portugal Continental.Os encontros realizam-se remotamente e s\u00e3o emitidos em direto no canal da ESECS-Polit\u00e9cnico de Leiria do YouTube. O p\u00fablico pode assistir ao evento na sala Zoom ou no canal do YouTube.Cada [&hellip;]<\/p>\n","protected":false},"author":3183,"featured_media":0,"parent":0,"menu_order":0,"comment_status":"closed","ping_status":"closed","template":"","meta":{"footnotes":""},"class_list":["post-715","page","type-page","status-publish","hentry"],"_links":{"self":[{"href":"https:\/\/sites.ipleiria.pt\/emda\/wp-json\/wp\/v2\/pages\/715","targetHints":{"allow":["GET"]}}],"collection":[{"href":"https:\/\/sites.ipleiria.pt\/emda\/wp-json\/wp\/v2\/pages"}],"about":[{"href":"https:\/\/sites.ipleiria.pt\/emda\/wp-json\/wp\/v2\/types\/page"}],"author":[{"embeddable":true,"href":"https:\/\/sites.ipleiria.pt\/emda\/wp-json\/wp\/v2\/users\/3183"}],"replies":[{"embeddable":true,"href":"https:\/\/sites.ipleiria.pt\/emda\/wp-json\/wp\/v2\/comments?post=715"}],"version-history":[{"count":18,"href":"https:\/\/sites.ipleiria.pt\/emda\/wp-json\/wp\/v2\/pages\/715\/revisions"}],"predecessor-version":[{"id":822,"href":"https:\/\/sites.ipleiria.pt\/emda\/wp-json\/wp\/v2\/pages\/715\/revisions\/822"}],"wp:attachment":[{"href":"https:\/\/sites.ipleiria.pt\/emda\/wp-json\/wp\/v2\/media?parent=715"}],"curies":[{"name":"wp","href":"https:\/\/api.w.org\/{rel}","templated":true}]}}