{"id":751,"date":"2022-06-13T14:55:35","date_gmt":"2022-06-13T14:55:35","guid":{"rendered":"https:\/\/sites.ipleiria.pt\/emda\/?page_id=751"},"modified":"2022-11-23T21:22:38","modified_gmt":"2022-11-23T21:22:38","slug":"emda-10-6-de-julho-de-2022","status":"publish","type":"page","link":"https:\/\/sites.ipleiria.pt\/emda\/emda-10-6-de-julho-de-2022\/","title":{"rendered":"EMDA 10 &#8211; 14 de novembro de 2022"},"content":{"rendered":"\n<h6 class=\"wp-block-heading\"><\/h6>\n\n\n\n<div class=\"wp-block-columns is-layout-flex wp-container-core-columns-is-layout-2 wp-block-columns-is-layout-flex\">\n<div class=\"wp-block-column is-layout-flow wp-block-column-is-layout-flow\">\n<h2 class=\"wp-block-heading\">A apresentadora<\/h2>\n\n\n\n<div class=\"wp-block-columns is-layout-flex wp-container-core-columns-is-layout-1 wp-block-columns-is-layout-flex\">\n<div class=\"wp-block-column is-layout-flow wp-block-column-is-layout-flow\" style=\"flex-basis:100%\">\n<p><strong>Mafalda Mendes<\/strong><br>Investigadora colaboradora do grupo de trabalho Discurso e Pr\u00e1ticas Discursivas Acad\u00e9micas do CELGA-ILTEC da Universidade de Coimbra<\/p>\n<\/div>\n<\/div>\n<\/div>\n\n\n\n<div class=\"wp-block-column is-layout-flow wp-block-column-is-layout-flow\">\n<figure class=\"wp-block-image size-full is-resized is-style-rounded\"><img decoding=\"async\" src=\"http:\/\/sites.ipleiria.pt\/emda\/files\/2022\/06\/IMG_20180912_122349-1-225x300-1.jpg\" alt=\"\" class=\"wp-image-699\" width=\"169\" height=\"225\" \/><figcaption>Mafalda Mendes<\/figcaption><\/figure>\n<\/div>\n<\/div>\n\n\n\n<h2 class=\"wp-block-heading\">A apresenta\u00e7\u00e3o <\/h2>\n\n\n\n<p><strong>T\u00edtulo<br><\/strong>As aprendizagens da escrita no modelo da Lingu\u00edstica Sist\u00e9mico-Funcional proposto por Halliday *sess\u00e3o 1*<\/p>\n\n\n\n<p><strong>Resumo<\/strong><br>O que \u00e9 que a crian\u00e7a aprende quando aprende a escrever? O que \u00e9 preciso ensinar \u00e0 crian\u00e7a para ela aprender a escrever? Nesta sess\u00e3o, procura-se responder a estes questionamentos a partir da perspetiva sociossemi\u00f3tica de Michael Halliday sobre a aprendizagem da l\u00edngua escrita. Esta tem\u00e1tica ser\u00e1 abordada tomando por base os seguintes princ\u00edpios te\u00f3ricos do modelo proposto por Halliday: a primordialidade dos contextos interpessoais na ontog\u00e9nese da l\u00edngua, a rela\u00e7\u00e3o sist\u00e9mica entre as dimens\u00f5es do contexto e a sua realiza\u00e7\u00e3o lingu\u00edstica, o registo como variedade funcional da l\u00edngua em uso e a rela\u00e7\u00e3o entre l\u00edngua oral e l\u00edngua escrita.<\/p>\n\n\n\n<h3 class=\"wp-block-heading\"><strong>Refer\u00eancias<\/strong><\/h3>\n\n\n\n<p><strong>Provoca\u00e7\u00f5es iniciais:<\/strong><\/p>\n\n\n\n<p>Entrevista a Ricardo Ara\u00fajo Pereira, Jornal Expresso, 28 de outubro 2022,&nbsp; <a href=\"https:\/\/www.instagram.com\/reel\/CkQlORgOaTA\/?igshid=YmMyMTA2M2Y=\">https:\/\/www.instagram.com\/reel\/CkQlORgOaTA\/?igshid=YmMyMTA2M2Y=<\/a><\/p>\n\n\n\n<p>Barros, E. (2010) &nbsp;\u200bEntrevista a Jos\u00e9 Morais, N\u00edveis de refer\u00eancia para melhorar a aprendizagem da leitura e da escrita, Noesis, n.\u00ba 80, <a href=\"https:\/\/www.dge.mec.pt\/sites\/default\/files\/CDIE\/RNoesis\/noesis80.pdf\">https:\/\/www.dge.mec.pt\/sites\/default\/files\/CDIE\/RNoesis\/noesis80.pdf<\/a>.<\/p>\n\n\n\n<p><strong>Abordagem do modelo da Lingu\u00edstica Sist\u00e9mico Funcional proposto por Halliday \u00e0s aprendizagens da literacia<\/strong><\/p>\n\n\n\n<p>Halliday, M. A. K. (1975).&nbsp;<em>Learning how to mean: Explorations in the development of language<\/em>.&nbsp;Arnold.\u200b<\/p>\n\n\n\n<p>Halliday, M. A. K. (2003).&nbsp;<em>On language and linguistics<\/em>&nbsp;(J. Webster, Ed.). Continuum.\u200b<\/p>\n\n\n\n<p>Halliday, M. a K. (2006). Language of early childhood.&nbsp;Em&nbsp;J. Webster (Ed.),&nbsp;<em>Collected works of M.A.K. Halliday<\/em>&nbsp;(Vol. 4).\u200b<\/p>\n\n\n\n<p>Halliday, M. A. K. (2007).&nbsp;<em>Language and education<\/em>&nbsp;(J. Webster, Ed.). Continuum.\u200b<\/p>\n\n\n\n<p>Halliday, M. A. K. (2007).&nbsp;Differences between Spoken and Written Language: Some Implications for Literacy Teaching (1979).&nbsp;Em&nbsp;<em>Language<\/em><em>&nbsp;<\/em><em>and<\/em><em>&nbsp;<\/em><em>Education<\/em>&nbsp;(Vol. 9, pp. 63\u201380). Continuum.\u200b<\/p>\n\n\n\n<p>Halliday, M. A. K., &amp; Matthiessen, C. M. I. M. (2014).&nbsp;<em>Halliday\u2019s introduction to functional grammar<\/em>&nbsp;(Fourth Edition). Routledge.\u200b<\/p>\n\n\n\n<p>Mackay, David; Thompson, Brian and Schaub, Pamela (1970b)&nbsp;<em>Breakthrough to<\/em>\u200b<\/p>\n\n\n\n<p><em>&nbsp;Literacy, Teacher&#8217;s Manual: the theory and practice of teaching initial reading and writing<\/em>, London: Longman (Schools Council&nbsp;Programme&nbsp;in&nbsp;Linguistics&nbsp;andEnglish&nbsp;Teaching), revised (illustrated) edition, 1978.\u200b<\/p>\n\n\n\n<p>Painter, C. (1984).&nbsp;<em>Into the mother tongue: A case study in early language development<\/em>.&nbsp;Frances&nbsp;Pinter.\u200b<\/p>\n\n\n\n<p>Painter, C. (1999). Learning through language in early childhood.&nbsp;Em&nbsp;<em>Open&nbsp;linguistics&nbsp;series.<\/em>\u200b<em>&nbsp;<\/em>\u200b<\/p>\n\n\n\n<p><strong>Documentos oficiais para a pedagogia da escrita<\/strong>\u200b<\/p>\n\n\n\n<p>Mata, L. (2008).&nbsp;<em>A descoberta da escrita<\/em>. Minist\u00e9rio da Educa\u00e7\u00e3o, Direc\u00e7\u00e3o-Geral de Inova\u00e7\u00e3o e de Desenvolvimento Curricular.&nbsp;<a href=\"https:\/\/www.dge.mec.pt\/sites\/default\/files\/EInfancia\/documentos\/a_descoberta_da_escrita.pdf\" target=\"_blank\" rel=\"noreferrer noopener\">https:\/\/www.dge.mec.pt\/sites\/default\/files\/EInfancia\/documentos\/a_descoberta_da_escrita.pdf<\/a>\u200b<\/p>\n\n\n\n<p>Sim-Sim, I., Silva, A. C. C., &amp; Nunes, C. (2008).&nbsp;<em>Linguagem e comunica\u00e7\u00e3o no jardim-de-inf\u00e2ncia: Textos de apoio para educadores de inf\u00e2ncia<\/em>.&nbsp;Minist\u00e9rio da Educa\u00e7\u00e3o, Direc\u00e7\u00e3o-Geral de Inova\u00e7\u00e3o e de Desenvolvimento Curricular.&nbsp; <a href=\"https:\/\/www.dge.mec.pt\/sites\/default\/files\/EInfancia\/documentos\/linguagem_comunicacao_jardim_infancia.pdf\" target=\"_blank\" rel=\"noreferrer noopener\">https:\/\/www.dge.mec.pt\/sites\/default\/files\/EInfancia\/documentos\/linguagem_comunicacao_jardim_infancia.pdf<\/a>\u200b<\/p>\n\n\n\n<p>________ (2010)&nbsp;<em>Jos\u00e9 Morais e a aprendizagem da escrita (Entrevista) in&nbsp;<\/em>Noesis, n.\u00ba 80.&nbsp;https:\/\/www.dge.mec.pt\/sites\/default\/files\/CDIE\/RNoesis\/noesis80.pdf\u200b<\/p>\n\n\n\n<p>Lopes da Silva, I., Marques, L., Mata, L., &amp; Rosa, M. (2016). Orienta\u00e7\u00f5es Curriculares para a Educa\u00e7\u00e3o Pr\u00e9-Escolar. Em&nbsp;<em>Minist\u00e9rio da&nbsp;Educa\u00e7\u00e3o\/Dire\u00e7\u00e3o-Geral da Educa\u00e7\u00e3o (DGE)<\/em>&nbsp;(Vol. 27).&nbsp;<a href=\"https:\/\/doi.org\/10.1590\/S0101-73302006000300003\" target=\"_blank\" rel=\"noreferrer noopener\">https:\/\/doi.org\/10.1590\/S0101-73302006000300003<\/a>\u200b<\/p>\n\n\n\n<p>_____________, (2018) Aprendizagens Essenciais para o 1.\u00ba ano do 1.\u00ba Ciclo do Ensino B\u00e1sico do Portugu\u00eas, Em&nbsp;<em>Minist\u00e9rio da&nbsp;Educa\u00e7\u00e3o\/Dire\u00e7\u00e3o-Geral da Educa\u00e7\u00e3o (DGE)<\/em>&nbsp;<a href=\"http:\/\/www.dge.mec.pt\/sites\/default\/files\/Curriculo\/Aprendizagens_Essenciais\/1_ciclo\/ae_1.o_ano_1o_ciclo_eb_portugues.pdf\" target=\"_blank\" rel=\"noreferrer noopener\">http:\/\/www.dge.mec.pt\/sites\/default\/files\/Curriculo\/Aprendizagens_Essenciais\/1_ciclo\/ae_1.o_ano_1o_ciclo_eb_portugues.pdf<\/a><\/p>\n","protected":false},"excerpt":{"rendered":"<p>A apresentadora Mafalda MendesInvestigadora colaboradora do grupo de trabalho Discurso e Pr\u00e1ticas Discursivas Acad\u00e9micas do CELGA-ILTEC da Universidade de Coimbra A apresenta\u00e7\u00e3o T\u00edtuloAs aprendizagens da escrita no modelo da Lingu\u00edstica Sist\u00e9mico-Funcional proposto por Halliday *sess\u00e3o 1* ResumoO que \u00e9 que a crian\u00e7a aprende quando aprende a escrever? O que \u00e9 preciso ensinar \u00e0 crian\u00e7a para [&hellip;]<\/p>\n","protected":false},"author":3183,"featured_media":0,"parent":0,"menu_order":0,"comment_status":"closed","ping_status":"closed","template":"","meta":{"footnotes":""},"class_list":["post-751","page","type-page","status-publish","hentry"],"_links":{"self":[{"href":"https:\/\/sites.ipleiria.pt\/emda\/wp-json\/wp\/v2\/pages\/751","targetHints":{"allow":["GET"]}}],"collection":[{"href":"https:\/\/sites.ipleiria.pt\/emda\/wp-json\/wp\/v2\/pages"}],"about":[{"href":"https:\/\/sites.ipleiria.pt\/emda\/wp-json\/wp\/v2\/types\/page"}],"author":[{"embeddable":true,"href":"https:\/\/sites.ipleiria.pt\/emda\/wp-json\/wp\/v2\/users\/3183"}],"replies":[{"embeddable":true,"href":"https:\/\/sites.ipleiria.pt\/emda\/wp-json\/wp\/v2\/comments?post=751"}],"version-history":[{"count":8,"href":"https:\/\/sites.ipleiria.pt\/emda\/wp-json\/wp\/v2\/pages\/751\/revisions"}],"predecessor-version":[{"id":819,"href":"https:\/\/sites.ipleiria.pt\/emda\/wp-json\/wp\/v2\/pages\/751\/revisions\/819"}],"wp:attachment":[{"href":"https:\/\/sites.ipleiria.pt\/emda\/wp-json\/wp\/v2\/media?parent=751"}],"curies":[{"name":"wp","href":"https:\/\/api.w.org\/{rel}","templated":true}]}}