{"id":802,"date":"2022-11-18T15:22:47","date_gmt":"2022-11-18T15:22:47","guid":{"rendered":"https:\/\/sites.ipleiria.pt\/emda\/?page_id=802"},"modified":"2022-12-05T09:51:34","modified_gmt":"2022-12-05T09:51:34","slug":"emda-11","status":"publish","type":"page","link":"https:\/\/sites.ipleiria.pt\/emda\/emda-11\/","title":{"rendered":"EMDA 11 &#8211; 5 de dezembro de 2022"},"content":{"rendered":"\n<h2 class=\"wp-block-heading\">A apresentadora<\/h2>\n\n\n\n<div class=\"wp-block-columns is-layout-flex wp-container-core-columns-is-layout-1 wp-block-columns-is-layout-flex\">\n<div class=\"wp-block-column is-layout-flow wp-block-column-is-layout-flow\" style=\"flex-basis:66.66%\">\n<p><strong>Mafalda Mendes<\/strong><br>Investigadora colaboradora do grupo de trabalho Discurso e Pr\u00e1ticas Discursivas Acad\u00e9micas do CELGA-ILTEC da Universidade de Coimbra<\/p>\n<\/div>\n\n\n\n<div class=\"wp-block-column is-layout-flow wp-block-column-is-layout-flow\" style=\"flex-basis:33.33%\">\n<figure class=\"wp-block-image size-full is-resized is-style-rounded\"><img decoding=\"async\" src=\"http:\/\/sites.ipleiria.pt\/emda\/files\/2022\/06\/IMG_20180912_122349-1-225x300-1.jpg\" alt=\"\" class=\"wp-image-699\" width=\"169\" height=\"225\" \/><figcaption>Mafalda Mendes<\/figcaption><\/figure>\n<\/div>\n<\/div>\n\n\n\n<h2 class=\"wp-block-heading\">A apresenta\u00e7\u00e3o<\/h2>\n\n\n\n<p><strong>T\u00edtulo<br><\/strong>As aprendizagens da escrita no modelo da Lingu\u00edstica Sist\u00e9mico-Funcional proposto por Halliday *sess\u00e3o 2*<\/p>\n\n\n\n<p>A segunda sess\u00e3o dedicada ao tema das aprendizagens iniciais da escrita, \u00e0 luz do modelo te\u00f3rico da Lingu\u00edstica Sist\u00e9mico-Funcional proposto por Halliday, visa a apresenta\u00e7\u00e3o e discuss\u00e3o de implica\u00e7\u00f5es pedag\u00f3gicas para a pedagogia da literacia, no ensino pr\u00e9-escolar e no 1.\u00ba ciclo do ensino b\u00e1sico, decorrentes da assun\u00e7\u00e3o dos princ\u00edpios te\u00f3ricos do modelo&nbsp; sociossemi\u00f3tico de l\u00edngua em contexto desenvolvido por Halliday, expostos na sess\u00e3o anterior*. A exposi\u00e7\u00e3o estabelece cruzamentos com uma leitura cr\u00edtica das orienta\u00e7\u00f5es oficiais para a pedagogia da literacia no curr\u00edculo do ensino pr\u00e9-escolar e do ensino b\u00e1sico em Portugal (Orienta\u00e7\u00f5es Curriculares para a Educa\u00e7\u00e3o Pr\u00e9-escolar, Aprendizagens Essenciais de Portugu\u00eas), procurando detetar eventuais \u00e1reas de conflu\u00eancia, diverg\u00eancia e\/ou complementaridade entre estes textos e as propostas neste dom\u00ednio da Lingu\u00edstica Sist\u00e9mico-Funcional.&nbsp;<\/p>\n\n\n\n<blockquote class=\"wp-block-quote is-layout-flow wp-block-quote-is-layout-flow\"><p>*A sess\u00e3o anterior encontra-se dispon\u00edvel no <a rel=\"noreferrer noopener\" href=\"https:\/\/www.youtube.com\/channel\/UCicjl7ixf_h8DbjhO5C_WrA\" target=\"_blank\">canal da ESECS-Polit\u00e9cnico de Leiria do YouTube<\/a>.&nbsp;<\/p><\/blockquote>\n\n\n\n<h3 class=\"wp-block-heading\"><strong>Refer\u00eancias&nbsp;<\/strong><\/h3>\n\n\n\n<p><strong>Provoca\u00e7\u00f5es iniciais<\/strong><\/p>\n\n\n\n<p>Entrevista a Ricardo Ara\u00fajo Pereira, Jornal Expresso, 28 de outubro 2022,\u202f\u202f<a href=\"https:\/\/www.instagram.com\/reel\/CkQlORgOaTA\/?igshid=YmMyMTA2M2Y=\" target=\"_blank\" rel=\"noreferrer noopener\">https:\/\/www.instagram.com\/reel\/CkQlORgOaTA\/?igshid=YmMyMTA2M2Y=<\/a>&nbsp;<\/p>\n\n\n\n<p>Barros, E. (2010) \u202f\u200bEntrevista a Jos\u00e9 Morais, N\u00edveis de refer\u00eancia para melhorar a aprendizagem da leitura e da escrita, Noesis, n.\u00ba 80,\u202f<a href=\"https:\/\/www.dge.mec.pt\/sites\/default\/files\/CDIE\/RNoesis\/noesis80.pdf\" target=\"_blank\" rel=\"noreferrer noopener\">https:\/\/www.dge.mec.pt\/sites\/default\/files\/CDIE\/RNoesis\/noesis80.pdf<\/a>.&nbsp;<\/p>\n\n\n\n<p><strong>Abordagem do modelo da Lingu\u00edstica Sist\u00e9mico Funcional proposto por Halliday<\/strong><strong> \u00e0s aprendizagens da literacia<\/strong>&nbsp;<\/p>\n\n\n\n<p>Halliday, M. A. K. (1975).\u202f<em>Learning how to mean: Explorations in the development of language<\/em>.\u202fArnold.\u200b&nbsp;<\/p>\n\n\n\n<p>Halliday, M. A. K. (2003).\u202f<em>On language and linguistics<\/em>\u202f(J. Webster, Ed.). Continuum.\u200b&nbsp;<\/p>\n\n\n\n<p>Halliday, M. a K. (2006). Language of early childhood.\u202fEm\u202fJ. Webster (Ed.),\u202f<em>Collected works of M.A.K. Halliday<\/em>\u202f(Vol. 4).\u200b&nbsp;<\/p>\n\n\n\n<p>Halliday, M. A. K. (2007).\u202f<em>Language and education<\/em>\u202f(J. Webster, Ed.). Continuum.\u200b&nbsp;<\/p>\n\n\n\n<p>Halliday, M. A. K. (2007).\u202fDifferences between Spoken and Written Language: Some Implications for Literacy Teaching (1979).\u202fEm\u202f<em>Language\u202fand\u202fEducation<\/em>\u202f(Vol. 9, pp. 63\u201380). Continuum.\u200b&nbsp;<\/p>\n\n\n\n<p>Halliday, M. A. K., &amp; Matthiessen, C. M. I. M. (2014).\u202f<em>Halliday\u2019s introduction to functional grammar<\/em>\u202f(Fourth Edition). Routledge.\u200b&nbsp;<\/p>\n\n\n\n<p>Mackay, D., Thompson, B., &amp; Schaub, P. (1970b)\u202f. <em>Breakthrough to<\/em>\u200b\u00a0<em>Literacy, Teacher\u2019s Manual: the theory and practice of teaching initial reading and writing<\/em>, Longman (Schools Council\u202fProgramme\u202fin\u202fLinguistics\u202fandEnglish\u202fTeaching), revised (illustrated) edition, 1978.\u200b<\/p>\n\n\n\n<p>Moreira, H., &amp; Santana, I. (2021). <em>A aprendizagem formal da escrita no 1.\u00ba Ciclo do Ensino<\/em> [comunica\u00e7\u00e3o]. II Ciclo Internacional de Confer\u00eancias: Inf\u00e2ncia &amp; Educa\u00e7\u00e3o,\u00a0<strong>ESECS\u00a0<\/strong>\u2013 Escola Superior de Educa\u00e7\u00e3o e Ci\u00eancias Sociais \u2013 Polit\u00e9cnico de Leiria e\u00a0<strong>APEI\u00a0<\/strong>\u2013 Associa\u00e7\u00e3o de Profissionais de Educa\u00e7\u00e3o de\u00a0Inf\u00e2ncia\u00a0<a rel=\"noreferrer noopener\" href=\"https:\/\/www.youtube.com\/watch?v=Vmn3RGJOsi4&amp;list=PLqGXHmmJZCZnfu0dd4T3MwARw0pHw4V16&amp;index=4&amp;t=3839s&amp;ab_channel=ESECS-Polit%C3%A9cnicodeLeiria\" target=\"_blank\">https:\/\/www.youtube.com\/watch?v=Vmn3RGJOsi4&amp;list=PLqGXHmmJZCZnfu0dd4T3MwARw0pHw4V16&amp;index=4&amp;t=3839s&amp;ab_channel=ESECS-Polit%C3%A9cnicodeLeiria<\/a><\/p>\n\n\n\n<p>Painter, C. (1984).\u202f<em>Into the mother tongue: A case study in early language development<\/em>.\u202fFrances\u202fPinter.\u200b\u00a0<\/p>\n\n\n\n<p>Painter, C. (1999). Learning through language in early childhood.\u202fEm\u202f<em>Open\u202flinguistics\u202fseries.<\/em>\u200b<em>\u202f<\/em>\u200b\u00a0<\/p>\n\n\n\n<p>Vala, A., &amp; Santana, I. (2021). <em>A abordagem \u00e0 escrita e \u00e0 leitura no contexto da educa\u00e7\u00e3o de inf\u00e2ncia<\/em> [comunica\u00e7\u00e3o]. II Ciclo Internacional de Confer\u00eancias: Inf\u00e2ncia &amp; Educa\u00e7\u00e3o,\u00a0<strong>ESECS\u00a0<\/strong>\u2013 Escola Superior de Educa\u00e7\u00e3o e Ci\u00eancias Sociais \u2013 Polit\u00e9cnico de Leiria e\u00a0<strong>APEI\u00a0<\/strong>\u2013 Associa\u00e7\u00e3o de Profissionais de Educa\u00e7\u00e3o de\u00a0Inf\u00e2ncia,\u00a0\u00a0<a rel=\"noreferrer noopener\" href=\"https:\/\/www.youtube.com\/watch?v=Vmn3RGJOsi4&amp;list=PLqGXHmmJZCZnfu0dd4T3MwARw0pHw4V16&amp;index=4&amp;t=3839s&amp;ab_channel=ESECS-Polit%C3%A9cnicodeLeiria\" target=\"_blank\">https:\/\/www.youtube.com\/watch?v=Vmn3RGJOsi4&amp;list=PLqGXHmmJZCZnfu0dd4T3MwARw0pHw4V16&amp;index=4&amp;t=3839s&amp;ab_channel=ESECS-Polit%C3%A9cnicodeLeiria<\/a><\/p>\n\n\n\n<p><strong>Documentos oficiais para a pedagogia da escrita<\/strong>\u200b&nbsp;<\/p>\n\n\n\n<p>Mata, L. (2008).\u202f<em>A descoberta da escrita<\/em>. Minist\u00e9rio da Educa\u00e7\u00e3o, Direc\u00e7\u00e3o-Geral de Inova\u00e7\u00e3o e de Desenvolvimento Curricular.\u202f<a href=\"https:\/\/www.dge.mec.pt\/sites\/default\/files\/EInfancia\/documentos\/a_descoberta_da_escrita.pdf\" target=\"_blank\" rel=\"noreferrer noopener\">https:\/\/www.dge.mec.pt\/sites\/default\/files\/EInfancia\/documentos\/a_descoberta_da_escrita.pdf<\/a>\u200b&nbsp;<\/p>\n\n\n\n<p>Sim-Sim, I., Silva, A. C. C., &amp; Nunes, C. (2008).\u202f<em>Linguagem e comunica\u00e7\u00e3o no jardim-de-inf\u00e2ncia: Textos de apoio para educadores de inf\u00e2ncia<\/em>.\u202fMinist\u00e9rio da Educa\u00e7\u00e3o, Direc\u00e7\u00e3o-Geral de Inova\u00e7\u00e3o e de Desenvolvimento Curricular.\u202f\u202f<a href=\"https:\/\/www.dge.mec.pt\/sites\/default\/files\/EInfancia\/documentos\/linguagem_comunicacao_jardim_infancia.pdf\" target=\"_blank\" rel=\"noreferrer noopener\">https:\/\/www.dge.mec.pt\/sites\/default\/files\/EInfancia\/documentos\/linguagem_comunicacao_jardim_infancia.pdf<\/a>\u200b&nbsp;<\/p>\n\n\n\n<p>________ (2010). \u202f<em>Jos\u00e9 Morais e a aprendizagem da escrita (Entrevista). <\/em>Noesis, n.\u00ba 80.\u202fhttps:\/\/www.dge.mec.pt\/sites\/default\/files\/CDIE\/RNoesis\/noesis80.pdf\u200b\u00a0<\/p>\n\n\n\n<p>Lopes da Silva, I., Marques, L., Mata, L., &amp; Rosa, M. (2016). Orienta\u00e7\u00f5es Curriculares para a Educa\u00e7\u00e3o Pr\u00e9-Escolar. Em\u202f<em>Minist\u00e9rio da\u202fEduca\u00e7\u00e3o\/Dire\u00e7\u00e3o-Geral da Educa\u00e7\u00e3o (DGE)<\/em>\u202f(Vol. 27).\u202f<a href=\"https:\/\/doi.org\/10.1590\/S0101-73302006000300003\" target=\"_blank\" rel=\"noreferrer noopener\">https:\/\/doi.org\/10.1590\/S0101-73302006000300003<\/a>\u200b&nbsp;<\/p>\n\n\n\n<p>_____________, (2018) Aprendizagens Essenciais para o 1.\u00ba ano do 1.\u00ba Ciclo do Ensino B\u00e1sico do Portugu\u00eas, Em\u202f<em>Minist\u00e9rio da\u202fEduca\u00e7\u00e3o\/Dire\u00e7\u00e3o-Geral da Educa\u00e7\u00e3o (DGE)<\/em>\u202f<a rel=\"noreferrer noopener\" href=\"http:\/\/www.dge.mec.pt\/sites\/default\/files\/Curriculo\/Aprendizagens_Essenciais\/1_ciclo\/ae_1.o_ano_1o_ciclo_eb_portugues.pdf\" target=\"_blank\">http:\/\/www.dge.mec.pt\/sites\/default\/files\/Curriculo\/Aprendizagens_Essenciais\/1_ciclo\/ae_1.o_ano_1o_ciclo_eb_portugues.pdf<\/a>&nbsp;<\/p>\n\n\n\n<p>\u200b&nbsp;<\/p>\n","protected":false},"excerpt":{"rendered":"<p>A apresentadora Mafalda MendesInvestigadora colaboradora do grupo de trabalho Discurso e Pr\u00e1ticas Discursivas Acad\u00e9micas do CELGA-ILTEC da Universidade de Coimbra A apresenta\u00e7\u00e3o T\u00edtuloAs aprendizagens da escrita no modelo da Lingu\u00edstica Sist\u00e9mico-Funcional proposto por Halliday *sess\u00e3o 2* A segunda sess\u00e3o dedicada ao tema das aprendizagens iniciais da escrita, \u00e0 luz do modelo te\u00f3rico da Lingu\u00edstica Sist\u00e9mico-Funcional [&hellip;]<\/p>\n","protected":false},"author":3183,"featured_media":0,"parent":0,"menu_order":0,"comment_status":"closed","ping_status":"closed","template":"","meta":{"footnotes":""},"class_list":["post-802","page","type-page","status-publish","hentry"],"_links":{"self":[{"href":"https:\/\/sites.ipleiria.pt\/emda\/wp-json\/wp\/v2\/pages\/802","targetHints":{"allow":["GET"]}}],"collection":[{"href":"https:\/\/sites.ipleiria.pt\/emda\/wp-json\/wp\/v2\/pages"}],"about":[{"href":"https:\/\/sites.ipleiria.pt\/emda\/wp-json\/wp\/v2\/types\/page"}],"author":[{"embeddable":true,"href":"https:\/\/sites.ipleiria.pt\/emda\/wp-json\/wp\/v2\/users\/3183"}],"replies":[{"embeddable":true,"href":"https:\/\/sites.ipleiria.pt\/emda\/wp-json\/wp\/v2\/comments?post=802"}],"version-history":[{"count":7,"href":"https:\/\/sites.ipleiria.pt\/emda\/wp-json\/wp\/v2\/pages\/802\/revisions"}],"predecessor-version":[{"id":828,"href":"https:\/\/sites.ipleiria.pt\/emda\/wp-json\/wp\/v2\/pages\/802\/revisions\/828"}],"wp:attachment":[{"href":"https:\/\/sites.ipleiria.pt\/emda\/wp-json\/wp\/v2\/media?parent=802"}],"curies":[{"name":"wp","href":"https:\/\/api.w.org\/{rel}","templated":true}]}}