{"id":812,"date":"2022-11-18T15:34:02","date_gmt":"2022-11-18T15:34:02","guid":{"rendered":"https:\/\/sites.ipleiria.pt\/emda\/?page_id=812"},"modified":"2023-06-10T08:41:31","modified_gmt":"2023-06-10T08:41:31","slug":"agenda-2023","status":"publish","type":"page","link":"https:\/\/sites.ipleiria.pt\/emda\/agenda-2023\/","title":{"rendered":"Agenda 2023 &#8211; semestre 1"},"content":{"rendered":"\n<p>Os encontros realizam-se na 1\u00aa ou 2\u00aa segunda-feira de cada m\u00eas, <strong>entre as 18:00 e as 19:30<\/strong>. <br>Todas as horas indicadas respeitam \u00e0 hora de Portugal Continental.<br>Os encontros realizam-se remotamente e s\u00e3o emitidos em direto no <a rel=\"noreferrer noopener\" href=\"https:\/\/www.youtube.com\/channel\/UCicjl7ixf_h8DbjhO5C_WrA\" target=\"_blank\">canal da ESECS-Polit\u00e9cnico de Leiria do YouTube<\/a>. O p\u00fablico pode assistir ao evento na sala Zoom ou no canal do YouTube.<br>Cada encontro combina dois momentos: 30 minutos para a apresenta\u00e7\u00e3o e 45 minutos para a discuss\u00e3o. Os encontros t\u00eam a dura\u00e7\u00e3o m\u00e1xima de 1 hora e 30 minutos.<\/p>\n\n\n\n<figure class=\"wp-block-table\"><table><tbody><tr><td><\/td><td>Nome do apresentador e t\u00edtulo da apresenta\u00e7\u00e3o<\/td><td><\/td><\/tr><tr><td>*janeiro*<\/td><td><em>n\u00e3o se realiza nenhum EMDA<\/em><\/td><td><\/td><\/tr><tr><td>EMDA 12<br><strong>13 de fevereiro de 2023<\/strong><br>18h00-19h30<\/td><td><strong>Paula Cristina Ferreira<br><\/strong>&#8220;(Com)Textos: da planifica\u00e7\u00e3o \u00e0 produ\u00e7\u00e3o textual&#8221;<br><br><a href=\"https:\/\/sites.ipleiria.pt\/emda\/enda-13-13-de-fevereiro-de-2023\/\" data-type=\"page\" data-id=\"844\">Leia mais informa\u00e7\u00e3o sobre o EMDA 12<\/a><br><a rel=\"noreferrer noopener\" href=\"https:\/\/www.youtube.com\/watch?v=ZdLRygGWSa0\" data-type=\"URL\" data-id=\"https:\/\/www.youtube.com\/watch?v=ZdLRygGWSa0\" target=\"_blank\">Reveja o EMDA12<\/a><\/td><td><\/td><\/tr><tr><td>EMDA 13<br><strong>13 de mar\u00e7o de 2023<\/strong><br>18h00-19h30<\/td><td><strong>Juana Mar\u00eda Blanco Fern\u00e1ndez<br><\/strong>&#8220;EVALUACI\u00d3N DEL PROCESO DE ADQUISICI\u00d3N DE LA PROSA ACAD\u00c9MICA POR PARTE DE ESTUDIANTES UNIVERSITARIOS NOVATOS A TRAV\u00c9S DE LA PR\u00c1CTICA DISCURSIVA DEL RESUMEN: RESULTADOS DE UNA INVESTIGACI\u00d3N-ACCI\u00d3N EDUCATIVA&#8221;<br><br><a href=\"https:\/\/sites.ipleiria.pt\/emda\/emda-13-13-de-marco-de-2023\/\" data-type=\"page\" data-id=\"875\">Leira mais informa\u00e7\u00e3o sobre o EMDA 13<\/a><br><a rel=\"noreferrer noopener\" href=\"https:\/\/www.youtube.com\/watch?v=U5K7oOO1QR4\" data-type=\"URL\" data-id=\"https:\/\/www.youtube.com\/watch?v=U5K7oOO1QR4\" target=\"_blank\">Reveja o EMDA13<\/a><\/td><td><\/td><\/tr><tr><td>EMDA 14<br><strong>10 abril de 2023<\/strong><br>18h00-19h30<\/td><td><strong>V\u00e2nia Pinheiro<\/strong><br>&#8220;A ARGUMENTA\u00c7\u00c3O EM TEXTOS DE ALUNOS DO ENSINO SECUND\u00c1RIO: EXEMPLOS DA DISCIPLINA DE HIST\u00d3RIA<strong>&#8220;<br><\/strong><br><a href=\"https:\/\/sites.ipleiria.pt\/emda\/emda-12-30-de-janeiro-de-2023\/\">Leia mais informa\u00e7\u00e3o sobre o EMDA 14<\/a><br><\/td><td><\/td><\/tr><tr><td>*maio*<\/td><td><em>n\u00e3o se realiza nenhum EMDA<\/em><\/td><td><\/td><\/tr><tr><td>*junho*<\/td><td><em>n\u00e3o se realiza nenhum EMDA<\/em><\/td><td><\/td><\/tr><\/tbody><\/table><\/figure>\n\n\n\n<p><\/p>\n\n\n\n<p><strong>Apoios<\/strong><\/p>\n\n\n\n<p>A divulga\u00e7\u00e3o e realiza\u00e7\u00e3o dos encontros conta com o apoio da ESECS-Polit\u00e9cnico de Leiria, nomeadamente:<\/p>\n\n\n\n<ul class=\"wp-block-list\"><li>Centro de Recursos Audiovisuais<\/li><li>Centro de Recursos de Multim\u00e9dia<\/li><li>Gabinete de Rela\u00e7\u00f5es P\u00fablicas e Coopera\u00e7\u00e3o Internacional<\/li><li>Servi\u00e7os Inform\u00e1ticos<\/li><\/ul>\n\n\n\n<p><\/p>\n\n\n\n<p class=\"has-light-gray-background-color has-background\">A participa\u00e7\u00e3o na sala zoom tem como pressuposto a&nbsp;aceita\u00e7\u00e3o do registo de som e imagem. Em alternativa, \u00e9 poss\u00edvel assistir \u00e0 emiss\u00e3o em direto no&nbsp;<a rel=\"noreferrer noopener\" href=\"https:\/\/www.youtube.com\/channel\/UCicjl7ixf_h8DbjhO5C_WrA\" target=\"_blank\">canal da ESECS-Polit\u00e9cnico de Leiria do YouTube<\/a>. <br>Todas as edi\u00e7\u00f5es dos EMDA ficar\u00e3o acess\u00edveis na lista de v\u00eddeos do&nbsp;<a rel=\"noreferrer noopener\" href=\"https:\/\/www.youtube.com\/channel\/UCicjl7ixf_h8DbjhO5C_WrA\" target=\"_blank\">canal da ESECS-Polit\u00e9cnico de Leiria do YouTube<\/a>&nbsp;e no&nbsp;<a href=\"https:\/\/sites.ipleiria.pt\/emda\/encontros-realizados\/\" data-type=\"page\" data-id=\"12\">s\u00edtio do evento<\/a>, para visualiza\u00e7\u00e3o pelo p\u00fablico em geral.<\/p>\n\n\n\n<p class=\"has-light-gray-background-color has-background\"><strong>*O grupo do DPDA aceita, em perman\u00eancia,&nbsp;<a href=\"https:\/\/sites.ipleiria.pt\/emda\/orientacoes-para-a-submissao-de-propostas\/\">propostas para apresenta\u00e7\u00e3o<\/a>.<\/strong>&nbsp;<\/p>\n\n\n\n<figure class=\"wp-block-image size-full\"><img fetchpriority=\"high\" decoding=\"async\" width=\"1024\" height=\"89\" src=\"http:\/\/sites.ipleiria.pt\/emda\/files\/2021\/07\/logotipos.001-1-e1625577648547.jpeg\" alt=\"\" class=\"wp-image-252\" srcset=\"https:\/\/sites.ipleiria.pt\/emda\/files\/2021\/07\/logotipos.001-1-e1625577648547.jpeg 1024w, https:\/\/sites.ipleiria.pt\/emda\/files\/2021\/07\/logotipos.001-1-e1625577648547-300x26.jpeg 300w, https:\/\/sites.ipleiria.pt\/emda\/files\/2021\/07\/logotipos.001-1-e1625577648547-768x67.jpeg 768w, https:\/\/sites.ipleiria.pt\/emda\/files\/2021\/07\/logotipos.001-1-e1625577648547-624x54.jpeg 624w\" sizes=\"(max-width: 1024px) 100vw, 1024px\" \/><\/figure>\n","protected":false},"excerpt":{"rendered":"<p>Os encontros realizam-se na 1\u00aa ou 2\u00aa segunda-feira de cada m\u00eas, entre as 18:00 e as 19:30. Todas as horas indicadas respeitam \u00e0 hora de Portugal Continental.Os encontros realizam-se remotamente e s\u00e3o emitidos em direto no canal da ESECS-Polit\u00e9cnico de Leiria do YouTube. O p\u00fablico pode assistir ao evento na sala Zoom ou no canal [&hellip;]<\/p>\n","protected":false},"author":3183,"featured_media":0,"parent":0,"menu_order":0,"comment_status":"closed","ping_status":"closed","template":"","meta":{"footnotes":""},"class_list":["post-812","page","type-page","status-publish","hentry"],"_links":{"self":[{"href":"https:\/\/sites.ipleiria.pt\/emda\/wp-json\/wp\/v2\/pages\/812","targetHints":{"allow":["GET"]}}],"collection":[{"href":"https:\/\/sites.ipleiria.pt\/emda\/wp-json\/wp\/v2\/pages"}],"about":[{"href":"https:\/\/sites.ipleiria.pt\/emda\/wp-json\/wp\/v2\/types\/page"}],"author":[{"embeddable":true,"href":"https:\/\/sites.ipleiria.pt\/emda\/wp-json\/wp\/v2\/users\/3183"}],"replies":[{"embeddable":true,"href":"https:\/\/sites.ipleiria.pt\/emda\/wp-json\/wp\/v2\/comments?post=812"}],"version-history":[{"count":22,"href":"https:\/\/sites.ipleiria.pt\/emda\/wp-json\/wp\/v2\/pages\/812\/revisions"}],"predecessor-version":[{"id":936,"href":"https:\/\/sites.ipleiria.pt\/emda\/wp-json\/wp\/v2\/pages\/812\/revisions\/936"}],"wp:attachment":[{"href":"https:\/\/sites.ipleiria.pt\/emda\/wp-json\/wp\/v2\/media?parent=812"}],"curies":[{"name":"wp","href":"https:\/\/api.w.org\/{rel}","templated":true}]}}