{"id":835,"date":"2023-01-12T09:19:15","date_gmt":"2023-01-12T09:19:15","guid":{"rendered":"https:\/\/sites.ipleiria.pt\/emda\/?page_id=835"},"modified":"2023-02-03T09:37:45","modified_gmt":"2023-02-03T09:37:45","slug":"emda-12-30-de-janeiro-de-2023","status":"publish","type":"page","link":"https:\/\/sites.ipleiria.pt\/emda\/emda-12-30-de-janeiro-de-2023\/","title":{"rendered":"EMDA 14 &#8211; 10 de abril de 2023"},"content":{"rendered":"\n<div class=\"wp-block-columns is-layout-flex wp-container-core-columns-is-layout-1 wp-block-columns-is-layout-flex\">\n<div class=\"wp-block-column is-layout-flow wp-block-column-is-layout-flow\" style=\"flex-basis:66.66%\">\n<h2 class=\"wp-block-heading\"><strong>A apresentadora<\/strong><\/h2>\n\n\n\n<p><strong>V\u00e2nia Pinheiro<\/strong><br>Docente de Portugu\u00eas do 3.\u00ba Ciclo do Ensino B\u00e1sico e do Ensino Secund\u00e1rio, em Loures. Lecionou durante dez anos PLNM na Universidad de Alcal\u00e1, em Madrid. \u00c9 membro do CELGA-ILTEC da Universidade de Coimbra e doutoranda em Lingu\u00edstica do Portugu\u00eas, na Faculdade de Letras da Universidade de Coimbra. Faz investiga\u00e7\u00e3o na \u00e1rea da Escrita, com destaque para a produ\u00e7\u00e3o dos textos argumentativos por alunos do Ensino Secund\u00e1rio ao n\u00edvel dos marcadores discursivos, da pontua\u00e7\u00e3o, da coes\u00e3o, da coer\u00eancia e das rela\u00e7\u00f5es sem\u00e2nticas entre palavras.<\/p>\n<\/div>\n\n\n\n<div class=\"wp-block-column is-layout-flow wp-block-column-is-layout-flow\" style=\"flex-basis:33.33%\">\n<figure class=\"wp-block-image size-medium is-resized is-style-rounded\"><img fetchpriority=\"high\" decoding=\"async\" src=\"https:\/\/sites.ipleiria.pt\/emda\/files\/2023\/01\/Fotografia_Va\u0302nia_Pinheiro-199x300.jpg\" alt=\"\" class=\"wp-image-836\" width=\"199\" height=\"300\" srcset=\"https:\/\/sites.ipleiria.pt\/emda\/files\/2023\/01\/Fotografia_Va\u0302nia_Pinheiro-199x300.jpg 199w, https:\/\/sites.ipleiria.pt\/emda\/files\/2023\/01\/Fotografia_Va\u0302nia_Pinheiro-680x1024.jpg 680w, https:\/\/sites.ipleiria.pt\/emda\/files\/2023\/01\/Fotografia_Va\u0302nia_Pinheiro-768x1156.jpg 768w, https:\/\/sites.ipleiria.pt\/emda\/files\/2023\/01\/Fotografia_Va\u0302nia_Pinheiro-1021x1536.jpg 1021w, https:\/\/sites.ipleiria.pt\/emda\/files\/2023\/01\/Fotografia_Va\u0302nia_Pinheiro-624x939.jpg 624w, https:\/\/sites.ipleiria.pt\/emda\/files\/2023\/01\/Fotografia_Va\u0302nia_Pinheiro.jpg 1180w\" sizes=\"(max-width: 199px) 100vw, 199px\" \/><figcaption>V\u00e2nia Pinheiro<\/figcaption><\/figure>\n<\/div>\n<\/div>\n\n\n\n<h2 class=\"wp-block-heading\"><strong>A apresenta\u00e7\u00e3o<\/strong><\/h2>\n\n\n\n<p><strong>T\u00edtulo<\/strong><\/p>\n\n\n\n<p>A ARGUMENTA\u00c7\u00c3O EM TEXTOS DE ALUNOS DO ENSINO SECUND\u00c1RIO: EXEMPLOS DA DISCIPLINA DE HIST\u00d3RIA<\/p>\n\n\n\n<p><strong>Resumo<\/strong><\/p>\n\n\n\n<p>Dada a pertin\u00eancia da argumenta\u00e7\u00e3o por meio da Escrita no Ensino Secund\u00e1rio, procedeu-se \u00e0 recolha de textos escritos por alunos do 11.\u00ba ano, no \u00e2mbito da disciplina de Hist\u00f3ria, numa escola secund\u00e1ria da cidade de Leiria.<\/p>\n\n\n\n<p>Nas Aprendizagens Essenciais do 10.\u00ba e 11.\u00ba anos, refere-se que o aluno deve \u201cinferir a intencionalidade de um texto argumentativo\u201d, e no 12.\u00ba ano, salienta-se \u201csaber escrever textos de natureza argumentativa\u201d.<\/p>\n\n\n\n<p>Neste sentido, procurou-se (1) indagar que conectores e articuladores s\u00e3o mais utilizados pelos alunos; (2) investigar se os alunos recorrem a cadeias anaf\u00f3ricas e a rela\u00e7\u00f5es sem\u00e2nticas entre palavras; (3) verificar como, na disciplina de Hist\u00f3ria, os alunos trabalham o texto argumentativo e, por \u00faltimo, (4) averiguar se os discentes dominam o vocabul\u00e1rio t\u00e9cnico da disciplina de Hist\u00f3ria.<\/p>\n\n\n\n<p>Analisados os textos, observou-se a exist\u00eancia de dificuldades ao n\u00edvel da pontua\u00e7\u00e3o, pouca diversidade de conectores e dificuldades na concatena\u00e7\u00e3o da estrutura do texto ao n\u00edvel da pontua\u00e7\u00e3o.<\/p>\n","protected":false},"excerpt":{"rendered":"<p>A apresentadora V\u00e2nia PinheiroDocente de Portugu\u00eas do 3.\u00ba Ciclo do Ensino B\u00e1sico e do Ensino Secund\u00e1rio, em Loures. Lecionou durante dez anos PLNM na Universidad de Alcal\u00e1, em Madrid. \u00c9 membro do CELGA-ILTEC da Universidade de Coimbra e doutoranda em Lingu\u00edstica do Portugu\u00eas, na Faculdade de Letras da Universidade de Coimbra. Faz investiga\u00e7\u00e3o na \u00e1rea [&hellip;]<\/p>\n","protected":false},"author":3183,"featured_media":0,"parent":0,"menu_order":0,"comment_status":"closed","ping_status":"closed","template":"","meta":{"footnotes":""},"class_list":["post-835","page","type-page","status-publish","hentry"],"_links":{"self":[{"href":"https:\/\/sites.ipleiria.pt\/emda\/wp-json\/wp\/v2\/pages\/835","targetHints":{"allow":["GET"]}}],"collection":[{"href":"https:\/\/sites.ipleiria.pt\/emda\/wp-json\/wp\/v2\/pages"}],"about":[{"href":"https:\/\/sites.ipleiria.pt\/emda\/wp-json\/wp\/v2\/types\/page"}],"author":[{"embeddable":true,"href":"https:\/\/sites.ipleiria.pt\/emda\/wp-json\/wp\/v2\/users\/3183"}],"replies":[{"embeddable":true,"href":"https:\/\/sites.ipleiria.pt\/emda\/wp-json\/wp\/v2\/comments?post=835"}],"version-history":[{"count":8,"href":"https:\/\/sites.ipleiria.pt\/emda\/wp-json\/wp\/v2\/pages\/835\/revisions"}],"predecessor-version":[{"id":874,"href":"https:\/\/sites.ipleiria.pt\/emda\/wp-json\/wp\/v2\/pages\/835\/revisions\/874"}],"wp:attachment":[{"href":"https:\/\/sites.ipleiria.pt\/emda\/wp-json\/wp\/v2\/media?parent=835"}],"curies":[{"name":"wp","href":"https:\/\/api.w.org\/{rel}","templated":true}]}}