{"id":937,"date":"2023-06-10T08:46:12","date_gmt":"2023-06-10T08:46:12","guid":{"rendered":"https:\/\/sites.ipleiria.pt\/emda\/?page_id=937"},"modified":"2023-11-29T17:40:42","modified_gmt":"2023-11-29T17:40:42","slug":"agenda-2023-outubro-dezembro","status":"publish","type":"page","link":"https:\/\/sites.ipleiria.pt\/emda\/agenda-2023-outubro-dezembro\/","title":{"rendered":"Agenda 2023 &#8211; semestre 2"},"content":{"rendered":"\n<p>Os EMDA realizam-se sempre entre as 18h e as 19h30 &#8211; hor\u00e1rio de Portugal continental.<\/p>\n\n\n\n<figure class=\"wp-block-table\"><table class=\"has-white-background-color has-background\"><tbody><tr><td><\/td><td>Nome do apresentador e t\u00edtulo da apresenta\u00e7\u00e3o<\/td><\/tr><tr><td><em>&#8211;setembro&#8212;<\/em><\/td><td><em><em>&#8212;N\u00e3o se realiza nenhum encontro<\/em> mensal, <a rel=\"noreferrer noopener\" href=\"https:\/\/sites.ipleiria.pt\/3enda2023\/\" target=\"_blank\">porque se realiza o ENDA 3<\/a>.&#8212;<\/em><\/td><\/tr><tr><td><strong>EMDA 15<\/strong><br>23 de OUTUBRO<\/td><td><br><strong>Mariana Oliveira Pinto<\/strong> e <strong>In\u00eas Cardoso<\/strong><br>Sequ\u00eancia de ensino do g\u00e9nero relat\u00f3rio de investiga\u00e7\u00e3o: relato de uma experi\u00eancia em contexto de ensino superior<br><br>&#8212;&#8212;-<a href=\"https:\/\/sites.ipleiria.pt\/emda\/emda-15-23-de-outubro-de-2023\/\" data-type=\"page\" data-id=\"973\">Leia mais informa\u00e7\u00e3o sobre o EMDA15.<\/a><br><a href=\"https:\/\/sites.ipleiria.pt\/emda\/encontros-realizados\/\" data-type=\"page\" data-id=\"12\">Reveja a sess\u00e3o na p\u00e1gina dos encontros realizados<\/a>.<br><br><strong>*SESS\u00c3O ESPECIAL: reuni\u00e3o dos grupos DPDA e PROTEXTOS*<br><\/strong>O 15\u00ba EMDA ser\u00e1 realizado em coincid\u00eancia com o encontro mensal do grupo <a rel=\"noreferrer noopener\" href=\"http:\/\/protextos.web.ua.pt\/\" data-type=\"URL\" data-id=\"http:\/\/protextos.web.ua.pt\/\" target=\"_blank\">ProTextos<\/a>.<\/td><\/tr><tr><td><strong>EMDA 16<\/strong><br>13 de NOVEMBRO<\/td><td><br><strong>Miguel Correia<br><\/strong>Verbos de comando e opera\u00e7\u00f5es cognitivas: an\u00e1lise de itens sobre morfologia de manuais do 7.\u00ba ano<br><br>&#8212;&#8212;-<a href=\"https:\/\/sites.ipleiria.pt\/emda\/emda16-13-de-novembro-de-2023\/\" data-type=\"page\" data-id=\"947\">Leia mais informa\u00e7\u00e3o sobre o EMDA16<\/a>.<br><a href=\"https:\/\/sites.ipleiria.pt\/emda\/encontros-realizados\/\" data-type=\"page\" data-id=\"12\">Reveja a sess\u00e3o na p\u00e1gina dos encontros realizados<\/a>.<\/td><\/tr><tr><td><strong>EMDA 17<\/strong><br>11 de DEZEMBRO<\/td><td><br><strong>Em\u00edlia Marrengula<\/strong><br>Didatiza\u00e7\u00e3o da escrita no contexto mo\u00e7ambicano segundo a abordagem genol\u00f3gica da Escola de Sydney<br><br>&#8212;&#8212;<a href=\"https:\/\/sites.ipleiria.pt\/emda\/emda-17-11-de-dezembro-de-2023\/\" data-type=\"page\" data-id=\"1049\">Leia mais informa\u00e7\u00e3o sobre o EMDA17<\/a>.<br><a href=\"https:\/\/videoconf-colibri.zoom.us\/j\/95786279901?pwd=VjgrS2FCVTY3RDNJTVF3MDNET2N5dz09\">Link direto para a sala zoom<\/a><\/td><\/tr><\/tbody><\/table><\/figure>\n\n\n\n<p><\/p>\n","protected":false},"excerpt":{"rendered":"<p>Os EMDA realizam-se sempre entre as 18h e as 19h30 &#8211; hor\u00e1rio de Portugal continental. Nome do apresentador e t\u00edtulo da apresenta\u00e7\u00e3o &#8211;setembro&#8212; &#8212;N\u00e3o se realiza nenhum encontro mensal, porque se realiza o ENDA 3.&#8212; EMDA 1523 de OUTUBRO Mariana Oliveira Pinto e In\u00eas CardosoSequ\u00eancia de ensino do g\u00e9nero relat\u00f3rio de investiga\u00e7\u00e3o: relato de uma [&hellip;]<\/p>\n","protected":false},"author":3183,"featured_media":0,"parent":0,"menu_order":0,"comment_status":"closed","ping_status":"closed","template":"","meta":{"footnotes":""},"class_list":["post-937","page","type-page","status-publish","hentry"],"_links":{"self":[{"href":"https:\/\/sites.ipleiria.pt\/emda\/wp-json\/wp\/v2\/pages\/937","targetHints":{"allow":["GET"]}}],"collection":[{"href":"https:\/\/sites.ipleiria.pt\/emda\/wp-json\/wp\/v2\/pages"}],"about":[{"href":"https:\/\/sites.ipleiria.pt\/emda\/wp-json\/wp\/v2\/types\/page"}],"author":[{"embeddable":true,"href":"https:\/\/sites.ipleiria.pt\/emda\/wp-json\/wp\/v2\/users\/3183"}],"replies":[{"embeddable":true,"href":"https:\/\/sites.ipleiria.pt\/emda\/wp-json\/wp\/v2\/comments?post=937"}],"version-history":[{"count":26,"href":"https:\/\/sites.ipleiria.pt\/emda\/wp-json\/wp\/v2\/pages\/937\/revisions"}],"predecessor-version":[{"id":1072,"href":"https:\/\/sites.ipleiria.pt\/emda\/wp-json\/wp\/v2\/pages\/937\/revisions\/1072"}],"wp:attachment":[{"href":"https:\/\/sites.ipleiria.pt\/emda\/wp-json\/wp\/v2\/media?parent=937"}],"curies":[{"name":"wp","href":"https:\/\/api.w.org\/{rel}","templated":true}]}}