{"id":973,"date":"2023-07-31T17:58:17","date_gmt":"2023-07-31T17:58:17","guid":{"rendered":"https:\/\/sites.ipleiria.pt\/emda\/?page_id=973"},"modified":"2023-10-16T08:23:12","modified_gmt":"2023-10-16T08:23:12","slug":"emda-15-23-de-outubro-de-2023","status":"publish","type":"page","link":"https:\/\/sites.ipleiria.pt\/emda\/emda-15-23-de-outubro-de-2023\/","title":{"rendered":"EMDA 15 &#8211; 23 de outubro de 2023"},"content":{"rendered":"\n<h2 class=\"wp-block-heading\">As apresentadoras<\/h2>\n\n\n\n<div class=\"wp-block-columns is-layout-flex wp-container-core-columns-is-layout-3 wp-block-columns-is-layout-flex\">\n<div class=\"wp-block-column is-layout-flow wp-block-column-is-layout-flow\" style=\"flex-basis:100%\">\n<div class=\"wp-block-columns is-layout-flex wp-container-core-columns-is-layout-1 wp-block-columns-is-layout-flex\">\n<div class=\"wp-block-column is-layout-flow wp-block-column-is-layout-flow\" style=\"flex-basis:100%\"><\/div>\n<\/div>\n\n\n\n<div class=\"wp-block-columns is-layout-flex wp-container-core-columns-is-layout-2 wp-block-columns-is-layout-flex\">\n<div class=\"wp-block-column is-layout-flow wp-block-column-is-layout-flow\" style=\"flex-basis:66.66%\">\n<p><strong>Mariana Oliveira Pinto<br><\/strong>Instituto Polit\u00e9cnico de Set\u00fabal, Escola Superior de Educa\u00e7\u00e3o<br>Centro de Investiga\u00e7\u00e3o em Did\u00e1tica e Tecnologia na Forma\u00e7\u00e3o de Formadores, CIDTFF; Universidade de Aveiro<br>Grupo ProTextos, Universidade de Aveiro<\/p>\n<\/div>\n\n\n\n<div class=\"wp-block-column is-layout-flow wp-block-column-is-layout-flow\" style=\"flex-basis:33.33%\">\n<figure class=\"wp-block-image size-large is-style-rounded\"><img fetchpriority=\"high\" decoding=\"async\" width=\"727\" height=\"1024\" src=\"https:\/\/sites.ipleiria.pt\/emda\/files\/2023\/07\/IMG_3495-727x1024.jpeg\" alt=\"\" class=\"wp-image-975\" srcset=\"https:\/\/sites.ipleiria.pt\/emda\/files\/2023\/07\/IMG_3495-727x1024.jpeg 727w, https:\/\/sites.ipleiria.pt\/emda\/files\/2023\/07\/IMG_3495-213x300.jpeg 213w, https:\/\/sites.ipleiria.pt\/emda\/files\/2023\/07\/IMG_3495-768x1081.jpeg 768w, https:\/\/sites.ipleiria.pt\/emda\/files\/2023\/07\/IMG_3495-1091x1536.jpeg 1091w, https:\/\/sites.ipleiria.pt\/emda\/files\/2023\/07\/IMG_3495-1455x2048.jpeg 1455w, https:\/\/sites.ipleiria.pt\/emda\/files\/2023\/07\/IMG_3495-624x878.jpeg 624w, https:\/\/sites.ipleiria.pt\/emda\/files\/2023\/07\/IMG_3495.jpeg 1516w\" sizes=\"(max-width: 727px) 100vw, 727px\" \/><figcaption>Mariana Oliveira Pinto<\/figcaption><\/figure>\n<\/div>\n<\/div>\n<\/div>\n<\/div>\n\n\n\n<div class=\"wp-block-columns is-layout-flex wp-container-core-columns-is-layout-4 wp-block-columns-is-layout-flex\">\n<div class=\"wp-block-column is-layout-flow wp-block-column-is-layout-flow\" style=\"flex-basis:33.33%\">\n<figure class=\"wp-block-image size-large is-style-rounded\"><img decoding=\"async\" width=\"768\" height=\"1024\" src=\"http:\/\/sites.ipleiria.pt\/emda\/files\/2023\/10\/IC27-768x1024.jpeg\" alt=\"\" class=\"wp-image-1002\" srcset=\"https:\/\/sites.ipleiria.pt\/emda\/files\/2023\/10\/IC27-768x1024.jpeg 768w, https:\/\/sites.ipleiria.pt\/emda\/files\/2023\/10\/IC27-225x300.jpeg 225w, https:\/\/sites.ipleiria.pt\/emda\/files\/2023\/10\/IC27-1152x1536.jpeg 1152w, https:\/\/sites.ipleiria.pt\/emda\/files\/2023\/10\/IC27-624x832.jpeg 624w, https:\/\/sites.ipleiria.pt\/emda\/files\/2023\/10\/IC27.jpeg 1536w\" sizes=\"(max-width: 768px) 100vw, 768px\" \/><figcaption>In\u00eas Cardoso<\/figcaption><\/figure>\n<\/div>\n\n\n\n<div class=\"wp-block-column is-layout-flow wp-block-column-is-layout-flow\" style=\"flex-basis:66.66%\">\n<p><strong>In\u00eas Cardoso<\/strong><br>Escola Superior de Educa\u00e7\u00e3o do Instituto Polit\u00e9cnico de Santar\u00e9m<br>Centro de Investiga\u00e7\u00e3o em Did\u00e1tica e Tecnologia na Forma\u00e7\u00e3o de Formadores, CIDTFF; Universidade de Aveiro<br>Grupo ProTextos, Universidade de Aveiro<\/p>\n<\/div>\n<\/div>\n\n\n\n<h2 class=\"wp-block-heading\">A apresenta\u00e7\u00e3o<\/h2>\n\n\n\n<p><strong>T\u00edtulo<\/strong><br>Sequ\u00eancia de ensino do g\u00e9nero relat\u00f3rio de investiga\u00e7\u00e3o: relato de uma experi\u00eancia em contexto de ensino superior<\/p>\n\n\n\n<p><strong>Resumo<\/strong><br>Nesta comunica\u00e7\u00e3o apresenta-se um projeto realizado em contexto de ensino superior, numa unidade curricular de escrita acad\u00e9mica do plano de estudos de tr\u00eas mestrados em ensino. O projeto centrou-se no desenvolvimento de uma sequ\u00eancia de ensino centrada no g\u00e9nero Relat\u00f3rio de investiga\u00e7\u00e3o, &nbsp;na qual se valorizou o trabalho colaborativo com recurso \u00e0 ferramenta Padlet, e centrou-se no desenvolvimento de dois objetivos de aprendizagem: (i) conhecer as especificidades do discurso acad\u00e9mico, mais concretamente do relat\u00f3rio de investiga\u00e7\u00e3o; (ii) produzir textos usados em contexto acad\u00e9mico, respeitando as suas caracter\u00edsticas discursivas e lingu\u00edsticas. A metodologia de ensino-aprendizagem compreendeu os seguintes passos: (i) apresenta\u00e7\u00e3o da situa\u00e7\u00e3o de escrita para a produ\u00e7\u00e3o inicial a pares; (ii) revis\u00e3o, auto e heterocorre\u00e7\u00e3o e reescrita das vers\u00f5es iniciais; (iii) an\u00e1lise de exemplares do g\u00e9nero \u201crelat\u00f3rio de investiga\u00e7\u00e3o\u201d e identifica\u00e7\u00e3o das caracter\u00edsticas do &nbsp;\u201cresumo\u201d e \u201cintrodu\u00e7\u00e3o\u201d; (iv) reescrita das produ\u00e7\u00f5es iniciais.<br>Os resultados obtidos apontam para a valoriza\u00e7\u00e3o da utiliza\u00e7\u00e3o do mural Padlet no trabalho colaborativo realizado, quer na comunica\u00e7\u00e3o entre pares e com o professor, quer no feedback dado ao longo do processo e, ainda, &nbsp;para uma melhoria das produ\u00e7\u00f5es realizadas pelos estudantes, nos n\u00edveis macro e microtextuais.<\/p>\n","protected":false},"excerpt":{"rendered":"<p>As apresentadoras Mariana Oliveira PintoInstituto Polit\u00e9cnico de Set\u00fabal, Escola Superior de Educa\u00e7\u00e3oCentro de Investiga\u00e7\u00e3o em Did\u00e1tica e Tecnologia na Forma\u00e7\u00e3o de Formadores, CIDTFF; Universidade de AveiroGrupo ProTextos, Universidade de Aveiro In\u00eas CardosoEscola Superior de Educa\u00e7\u00e3o do Instituto Polit\u00e9cnico de Santar\u00e9mCentro de Investiga\u00e7\u00e3o em Did\u00e1tica e Tecnologia na Forma\u00e7\u00e3o de Formadores, CIDTFF; Universidade de AveiroGrupo ProTextos, [&hellip;]<\/p>\n","protected":false},"author":3183,"featured_media":0,"parent":0,"menu_order":0,"comment_status":"closed","ping_status":"closed","template":"","meta":{"footnotes":""},"class_list":["post-973","page","type-page","status-publish","hentry"],"_links":{"self":[{"href":"https:\/\/sites.ipleiria.pt\/emda\/wp-json\/wp\/v2\/pages\/973","targetHints":{"allow":["GET"]}}],"collection":[{"href":"https:\/\/sites.ipleiria.pt\/emda\/wp-json\/wp\/v2\/pages"}],"about":[{"href":"https:\/\/sites.ipleiria.pt\/emda\/wp-json\/wp\/v2\/types\/page"}],"author":[{"embeddable":true,"href":"https:\/\/sites.ipleiria.pt\/emda\/wp-json\/wp\/v2\/users\/3183"}],"replies":[{"embeddable":true,"href":"https:\/\/sites.ipleiria.pt\/emda\/wp-json\/wp\/v2\/comments?post=973"}],"version-history":[{"count":4,"href":"https:\/\/sites.ipleiria.pt\/emda\/wp-json\/wp\/v2\/pages\/973\/revisions"}],"predecessor-version":[{"id":1005,"href":"https:\/\/sites.ipleiria.pt\/emda\/wp-json\/wp\/v2\/pages\/973\/revisions\/1005"}],"wp:attachment":[{"href":"https:\/\/sites.ipleiria.pt\/emda\/wp-json\/wp\/v2\/media?parent=973"}],"curies":[{"name":"wp","href":"https:\/\/api.w.org\/{rel}","templated":true}]}}