{"id":2,"date":"2020-01-22T17:21:20","date_gmt":"2020-01-22T17:21:20","guid":{"rendered":"http:\/\/envelheser.sites.ipleiria.pt\/?page_id=2"},"modified":"2020-01-28T14:55:19","modified_gmt":"2020-01-28T14:55:19","slug":"pagina-exemplo","status":"publish","type":"page","link":"https:\/\/sites.ipleiria.pt\/envelheser\/","title":{"rendered":"Apresenta\u00e7\u00e3o"},"content":{"rendered":"\n<p>A singularidade dos processos de envelhecimento e a\ndiversidade de experi\u00eancias das pessoas que vivem a fase mais tardia do seu\nciclo de vida obrigam a uma reflex\u00e3o ampla sobre as respostas sociais e\neducativas para a popula\u00e7\u00e3o s\u00e9nior. <\/p>\n\n\n\n<p>A possibilidade de manter o envolvimento em atividades\nestimulantes, que atenuem o impacto da sa\u00edda dos contextos profissionais, pressup\u00f5em\na cria\u00e7\u00e3o de oportunidades diversas, para p\u00fablicos com diferentes\ncaracter\u00edsticas e exig\u00eancias. Estas t\u00eam de assentar no reconhecimento de\ndireitos e promover o exerc\u00edcio da cidadania pelos seniores.<\/p>\n\n\n\n<p>A participa\u00e7\u00e3o em projetos socioeducativos e em projetos de aprendizagem\nao longo da vida facilita o acesso a atividades que estimulam os indiv\u00edduos do\nponto de vista intelectual, f\u00edsico, cultural e social, contribuindo para um\nenvelhecimento ativo e saud\u00e1vel. Facilita, tamb\u00e9m, a participa\u00e7\u00e3o na vida das\ncomunidades de perten\u00e7a e a continuidade das rela\u00e7\u00f5es intergeracionais. &nbsp;<\/p>\n","protected":false},"excerpt":{"rendered":"<p>A singularidade dos processos de envelhecimento e a diversidade de experi\u00eancias das pessoas que vivem a fase mais tardia do seu ciclo de vida obrigam a uma reflex\u00e3o ampla sobre as respostas sociais e educativas para a popula\u00e7\u00e3o s\u00e9nior. A&hellip;  <\/p>\n<p class=\"more-link\"><a href=\"https:\/\/sites.ipleiria.pt\/envelheser\/\">Continue reading <span class=\"meta-nav\">&rarr;<\/span><\/a><\/p>\n","protected":false},"author":102,"featured_media":0,"parent":0,"menu_order":0,"comment_status":"closed","ping_status":"closed","template":"","meta":{"footnotes":""},"class_list":["post-2","page","type-page","status-publish","hentry"],"_links":{"self":[{"href":"https:\/\/sites.ipleiria.pt\/envelheser\/wp-json\/wp\/v2\/pages\/2","targetHints":{"allow":["GET"]}}],"collection":[{"href":"https:\/\/sites.ipleiria.pt\/envelheser\/wp-json\/wp\/v2\/pages"}],"about":[{"href":"https:\/\/sites.ipleiria.pt\/envelheser\/wp-json\/wp\/v2\/types\/page"}],"author":[{"embeddable":true,"href":"https:\/\/sites.ipleiria.pt\/envelheser\/wp-json\/wp\/v2\/users\/102"}],"replies":[{"embeddable":true,"href":"https:\/\/sites.ipleiria.pt\/envelheser\/wp-json\/wp\/v2\/comments?post=2"}],"version-history":[{"count":1,"href":"https:\/\/sites.ipleiria.pt\/envelheser\/wp-json\/wp\/v2\/pages\/2\/revisions"}],"predecessor-version":[{"id":5,"href":"https:\/\/sites.ipleiria.pt\/envelheser\/wp-json\/wp\/v2\/pages\/2\/revisions\/5"}],"wp:attachment":[{"href":"https:\/\/sites.ipleiria.pt\/envelheser\/wp-json\/wp\/v2\/media?parent=2"}],"curies":[{"name":"wp","href":"https:\/\/api.w.org\/{rel}","templated":true}]}}