{"id":29,"date":"2020-01-28T14:53:21","date_gmt":"2020-01-28T14:53:21","guid":{"rendered":"http:\/\/sites.ipleiria.pt\/envelheser\/?page_id=29"},"modified":"2020-04-06T19:06:22","modified_gmt":"2020-04-06T19:06:22","slug":"organizacao","status":"publish","type":"page","link":"https:\/\/sites.ipleiria.pt\/envelheser\/organizacao\/","title":{"rendered":"Organiza\u00e7\u00e3o"},"content":{"rendered":"\n<p><strong>Comiss\u00e3o Organizadora<br><\/strong>Catarina Mangas &#8211;  ESECS, CICS.NOVA.IPLeiria-iACT, CI&amp;DEI, Polit\u00e9cnico de Leiria <br>Cezarina Maur\u00edcio &#8211; ESECS, Polit\u00e9cnico de Leiria <br>Jenny Gil Sousa &#8211; ESECS, CICS.NOVA.IPLeiria-iACT, CI&amp;DEI, Polit\u00e9cnico de Leiria <br>Lu\u00edsa Pimentel &#8211; ESECS, CIES.IUL, CICS.NOVA.IPLeiria, Polit\u00e9cnico de Leiria <br>Paula Cristina Ferreira &#8211; ESECS, Ci&amp;DEI, Polit\u00e9cnico de Leiria <br>Sara M\u00f3nico Lopes &#8211; ESECS, CICS.NOVA.IPLeiria, Polit\u00e9cnico de Leiria <\/p>\n\n\n\n<p><\/p>\n\n\n\n<p><\/p>\n\n\n\n<p><\/p>\n\n\n\n<p><\/p>\n\n\n\n<p><strong>Comiss\u00e3o Cient\u00edfica<br><\/strong>Ant\u00f3nio Fonseca \u2013 Universidade Cat\u00f3lica Portuguesa <br>Catarina Mangas &#8211; ESECS, CICS.NOVA.IPLeiria-iACT, CI&amp;DEI, Polit\u00e9cnico de Leiria<br>Cezarina Maur\u00edcio \u2013 ESECS, Polit\u00e9cnico de Leiria<br>Crist\u00f3v\u00e3o Margarido \u2013 ESECS, CICS.NOVA.IPLeiria, Polit\u00e9cnico de Leiria  <\/p>\n\n\n\n<p>Florentino Blazquez Entonado &#8211;  Universidad de Mayores de Extremadura  <br>H\u00e9lia Pinto \u2013 ESECS, Ci&amp;DEI, Polit\u00e9cnico de Leiria<br>Jenny Gil &#8211; ESECS, CICS.NOVA.IPLeiria-iACT, CI&amp;DEI, Polit\u00e9cnico de Leiria<br>Jos\u00e9 Laranjo Marques &#8211; ESECS, CICS.NOVA.IPLeiria, Polit\u00e9cnico de Leiria<br>Luc\u00edlia Salgado \u2013 Associa\u00e7\u00e3o Portuguesa para a Cultura e Educa\u00e7\u00e3o Permanente<br>Lu\u00eds Jacob \u2013 Associa\u00e7\u00e3o Rede de Universidades da Terceira Idade <br>Lu\u00edsa Pimentel &#8211; ESECS, CIES.IUL, CICS.NOVA.IPLeiria, Polit\u00e9cnico de Leiria<\/p>\n\n\n\n<p>Mar\u00eda del Pilar Garc\u00eda De La Torre &#8211;  Univerdad de A Coru\u00f1a <br>Olga Santos &#8211; ESECS, CI&amp;DEI; CICS.NOVA.IPLeiria-iACT, Polit\u00e9cnico de Leiria<br>Paula Cristina Ferreira &#8211; ESECS, Ci&amp;DEI, Polit\u00e9cnico de Leiria<br>Sara M\u00f3nico Lopes &#8211; ESECS, CICS.NOVA.IPLeiria, Polit\u00e9cnico de Leiria<\/p>\n","protected":false},"excerpt":{"rendered":"<p>Comiss\u00e3o OrganizadoraCatarina Mangas &#8211; ESECS, CICS.NOVA.IPLeiria-iACT, CI&amp;DEI, Polit\u00e9cnico de Leiria Cezarina Maur\u00edcio &#8211; ESECS, Polit\u00e9cnico de Leiria Jenny Gil Sousa &#8211; ESECS, CICS.NOVA.IPLeiria-iACT, CI&amp;DEI, Polit\u00e9cnico de Leiria Lu\u00edsa Pimentel &#8211; ESECS, CIES.IUL, CICS.NOVA.IPLeiria, Polit\u00e9cnico de Leiria Paula Cristina Ferreira &#8211;&hellip;  <\/p>\n<p class=\"more-link\"><a href=\"https:\/\/sites.ipleiria.pt\/envelheser\/organizacao\/\">Continue reading <span class=\"meta-nav\">&rarr;<\/span><\/a><\/p>\n","protected":false},"author":102,"featured_media":0,"parent":0,"menu_order":0,"comment_status":"closed","ping_status":"closed","template":"","meta":{"footnotes":""},"class_list":["post-29","page","type-page","status-publish","hentry"],"_links":{"self":[{"href":"https:\/\/sites.ipleiria.pt\/envelheser\/wp-json\/wp\/v2\/pages\/29","targetHints":{"allow":["GET"]}}],"collection":[{"href":"https:\/\/sites.ipleiria.pt\/envelheser\/wp-json\/wp\/v2\/pages"}],"about":[{"href":"https:\/\/sites.ipleiria.pt\/envelheser\/wp-json\/wp\/v2\/types\/page"}],"author":[{"embeddable":true,"href":"https:\/\/sites.ipleiria.pt\/envelheser\/wp-json\/wp\/v2\/users\/102"}],"replies":[{"embeddable":true,"href":"https:\/\/sites.ipleiria.pt\/envelheser\/wp-json\/wp\/v2\/comments?post=29"}],"version-history":[{"count":12,"href":"https:\/\/sites.ipleiria.pt\/envelheser\/wp-json\/wp\/v2\/pages\/29\/revisions"}],"predecessor-version":[{"id":123,"href":"https:\/\/sites.ipleiria.pt\/envelheser\/wp-json\/wp\/v2\/pages\/29\/revisions\/123"}],"wp:attachment":[{"href":"https:\/\/sites.ipleiria.pt\/envelheser\/wp-json\/wp\/v2\/media?parent=29"}],"curies":[{"name":"wp","href":"https:\/\/api.w.org\/{rel}","templated":true}]}}