{"id":47,"date":"2020-01-29T12:10:32","date_gmt":"2020-01-29T12:10:32","guid":{"rendered":"http:\/\/sites.ipleiria.pt\/envelheser\/?page_id=47"},"modified":"2020-02-18T17:30:31","modified_gmt":"2020-02-18T17:30:31","slug":"programa","status":"publish","type":"page","link":"https:\/\/sites.ipleiria.pt\/envelheser\/programa\/","title":{"rendered":"Programa"},"content":{"rendered":"\n<p><strong>09:00<\/strong>  Abertura do secretariado<br><strong>09:30<\/strong>  Sess\u00e3o de Abertura com momento cultural (<em>Programa 60+<\/em>)<\/p>\n\n\n\n<p><strong>10:00<\/strong>  Do active ageing ao ageing in place (\u00e0 boleia da OMS) &#8211; Ant\u00f3nio Fonseca <em>(Universidade Cat\u00f3lica do Porto)<\/em><\/p>\n\n\n\n<p><strong>10:45<\/strong>  Intervalo<\/p>\n\n\n\n<p><strong>11:00<\/strong>  <u>Painel I \u2013 Interven\u00e7\u00e3o Sociocultural e Participa\u00e7\u00e3o na Comunidade<\/u><\/p>\n\n\n\n<p>Projeto Lar Aldeia<br>Leonor Atalaia <em>(Associa\u00e7\u00e3o Sport Club Oper\u00e1rio de Cem Soldos)<\/em><\/p>\n\n\n\n<p>Projeto Bibliom\u00f3vel<br>Nuno Mar\u00e7al <em>(C\u00e2mara Municipal de Proen\u00e7a-a-Nova) <\/em><\/p>\n\n\n\n<p>Projeto Face to Face<br>Marta Violante <em>(Orfe\u00e3o de Leiria)<\/em><\/p>\n\n\n\n<p><strong>12:00<\/strong>  Workshops<strong>*<\/strong><br><strong>Workshop 1<\/strong> &#8211;  Na \u00e1rea da anima\u00e7\u00e3o do livro e da leitura: \u201c100 idade para ler\u201d &#8211; C\u00e1tia Guarda (<em>Biblioteca Municipal Afonso Lopes Vieira, C\u00e2mara Municipal de Leiria<\/em>) <br><strong>workshop 2<\/strong> &#8211;  Na \u00e1rea da atividade f\u00edsica adaptada a p\u00fablicos seniores: \u201cCogni\u00e7\u00e3o e a\u00e7\u00e3o: uma proposta metodol\u00f3gica para o desenvolvimento cognitivo na popula\u00e7\u00e3o s\u00e9nior atrav\u00e9s do exerc\u00edcio f\u00edsico\u201d &#8211; Guilherme Furtado e Ra\u00fal Antunes (<em>ESECS &#8211; Polit\u00e9cnico de Leiria)<\/em>  <\/p>\n\n\n\n<p><strong>*<\/strong><em>Funcionar\u00e3o com o m\u00ednimo de 15 e o m\u00e1ximo de 25 participantes cada.<\/em><\/p>\n\n\n\n<p><strong>13:00<\/strong>  Pausa para almo\u00e7o<\/p>\n\n\n\n<p><strong>14:00<\/strong>  Projetos Educativos com dimens\u00e3o internacional para Seniores no Ensino Superior \u2013 Maria del Pilar de La Torre e Francisco Asc\u00f3n Belver <em>(Universidade da Coru\u00f1a)<\/em><\/p>\n\n\n\n<p><strong>14:45<\/strong>  <u>Painel II \u2013 Interven\u00e7\u00e3o Socioeducativa e Aprendizagem ao Longo da Vida<\/u><\/p>\n\n\n\n<p>Projeto En-Red-Versad@s<br>Lu\u00edsa Pimentel e Maria del Pilar de La Torre <em>(Programa 60+ do Polit\u00e9cnico de Leiria e Universidade da Coru\u00f1a)<\/em><\/p>\n\n\n\n<p>Projeto Entre N\u00f3s, os Livros<br>Ant\u00f3nio Leal <em>(ESE de Coimbra)<\/em><\/p>\n\n\n\n<p><strong>15:45<\/strong>  Intervalo <\/p>\n\n\n\n<p><strong>16:00<\/strong>  <u>Painel II (continua\u00e7\u00e3o)<\/u><\/p>\n\n\n\n<p>Projeto Letras Pr\u00e1 Vida<br>Dina Soeiro e S\u00edlvia Parreiral <em>(ESE de Coimbra)<\/em><\/p>\n\n\n\n<p>Projeto ProAlfa<br>Sara Lopes e Miguel Mesquita <em>(Programa 60+ de Polit\u00e9cnico de Leiria e Amitei)<\/em><\/p>\n\n\n\n<p> <strong>17:00<\/strong>  Encerramento com ESECS Orquestra <\/p>\n","protected":false},"excerpt":{"rendered":"<p>09:00 Abertura do secretariado09:30 Sess\u00e3o de Abertura com momento cultural (Programa 60+) 10:00 Do active ageing ao ageing in place (\u00e0 boleia da OMS) &#8211; Ant\u00f3nio Fonseca (Universidade Cat\u00f3lica do Porto) 10:45 Intervalo 11:00 Painel I \u2013 Interven\u00e7\u00e3o Sociocultural e&hellip;  <\/p>\n<p class=\"more-link\"><a href=\"https:\/\/sites.ipleiria.pt\/envelheser\/programa\/\">Continue reading <span class=\"meta-nav\">&rarr;<\/span><\/a><\/p>\n","protected":false},"author":102,"featured_media":0,"parent":0,"menu_order":0,"comment_status":"closed","ping_status":"closed","template":"","meta":{"footnotes":""},"class_list":["post-47","page","type-page","status-publish","hentry"],"_links":{"self":[{"href":"https:\/\/sites.ipleiria.pt\/envelheser\/wp-json\/wp\/v2\/pages\/47","targetHints":{"allow":["GET"]}}],"collection":[{"href":"https:\/\/sites.ipleiria.pt\/envelheser\/wp-json\/wp\/v2\/pages"}],"about":[{"href":"https:\/\/sites.ipleiria.pt\/envelheser\/wp-json\/wp\/v2\/types\/page"}],"author":[{"embeddable":true,"href":"https:\/\/sites.ipleiria.pt\/envelheser\/wp-json\/wp\/v2\/users\/102"}],"replies":[{"embeddable":true,"href":"https:\/\/sites.ipleiria.pt\/envelheser\/wp-json\/wp\/v2\/comments?post=47"}],"version-history":[{"count":23,"href":"https:\/\/sites.ipleiria.pt\/envelheser\/wp-json\/wp\/v2\/pages\/47\/revisions"}],"predecessor-version":[{"id":108,"href":"https:\/\/sites.ipleiria.pt\/envelheser\/wp-json\/wp\/v2\/pages\/47\/revisions\/108"}],"wp:attachment":[{"href":"https:\/\/sites.ipleiria.pt\/envelheser\/wp-json\/wp\/v2\/media?parent=47"}],"curies":[{"name":"wp","href":"https:\/\/api.w.org\/{rel}","templated":true}]}}