{"id":50,"date":"2020-01-29T12:14:29","date_gmt":"2020-01-29T12:14:29","guid":{"rendered":"http:\/\/sites.ipleiria.pt\/envelheser\/?page_id=50"},"modified":"2020-02-17T17:21:40","modified_gmt":"2020-02-17T17:21:40","slug":"inscricao","status":"publish","type":"page","link":"https:\/\/sites.ipleiria.pt\/envelheser\/inscricao\/","title":{"rendered":"Inscri\u00e7\u00e3o"},"content":{"rendered":"\n<p><strong><em>Ins<\/em>cri\u00e7\u00e3o obrigat\u00f3ria at\u00e9 3 de mar\u00e7o<\/strong> &#8211; <a href=\"http:\/\/eventos.ipleiria.pt\/portal\/eventos?p_id=25374\" target=\"_blank\" rel=\"noreferrer noopener\" aria-label=\"Aqui (abre num novo separador)\">Aqui<\/a><\/p>\n\n\n\n<p><strong>PARTICIPA\u00c7\u00c3O NO ENCONTRO<\/strong><br>Participantes Internos: inscri\u00e7\u00e3o gratuita, com acesso a certificado<br>Participantes Alumni: pagamento de 5\u20ac, com acesso a certificado e pasta<br>Participantes Externos: pagamento de 10\u20ac, com acesso a certificado e pasta<\/p>\n\n\n\n<p><strong>PARTICIPA\u00c7\u00c3O NO WORKSHOP<\/strong><br>Participantes (Internos, Alumni e Externos): pagamento de 5\u20ac<\/p>\n\n\n\n<p><strong>PARTICIPA\u00c7\u00c3O NO ENCONTRO E NO WORKSHOP<\/strong><br>Participantes Internos: 5\u20ac, com acesso a certificado<br>Participantes Alumni: pagamento de 10\u20ac, com acesso a certificado e pasta<br>Participantes Externos: pagamento de 15\u20ac, com acesso a certificado e pasta<\/p>\n","protected":false},"excerpt":{"rendered":"<p>Inscri\u00e7\u00e3o obrigat\u00f3ria at\u00e9 3 de mar\u00e7o &#8211; Aqui PARTICIPA\u00c7\u00c3O NO ENCONTROParticipantes Internos: inscri\u00e7\u00e3o gratuita, com acesso a certificadoParticipantes Alumni: pagamento de 5\u20ac, com acesso a certificado e pastaParticipantes Externos: pagamento de 10\u20ac, com acesso a certificado e pasta PARTICIPA\u00c7\u00c3O NO&hellip;  <\/p>\n<p class=\"more-link\"><a href=\"https:\/\/sites.ipleiria.pt\/envelheser\/inscricao\/\">Continue reading <span class=\"meta-nav\">&rarr;<\/span><\/a><\/p>\n","protected":false},"author":102,"featured_media":0,"parent":0,"menu_order":0,"comment_status":"closed","ping_status":"closed","template":"","meta":{"footnotes":""},"class_list":["post-50","page","type-page","status-publish","hentry"],"_links":{"self":[{"href":"https:\/\/sites.ipleiria.pt\/envelheser\/wp-json\/wp\/v2\/pages\/50","targetHints":{"allow":["GET"]}}],"collection":[{"href":"https:\/\/sites.ipleiria.pt\/envelheser\/wp-json\/wp\/v2\/pages"}],"about":[{"href":"https:\/\/sites.ipleiria.pt\/envelheser\/wp-json\/wp\/v2\/types\/page"}],"author":[{"embeddable":true,"href":"https:\/\/sites.ipleiria.pt\/envelheser\/wp-json\/wp\/v2\/users\/102"}],"replies":[{"embeddable":true,"href":"https:\/\/sites.ipleiria.pt\/envelheser\/wp-json\/wp\/v2\/comments?post=50"}],"version-history":[{"count":10,"href":"https:\/\/sites.ipleiria.pt\/envelheser\/wp-json\/wp\/v2\/pages\/50\/revisions"}],"predecessor-version":[{"id":107,"href":"https:\/\/sites.ipleiria.pt\/envelheser\/wp-json\/wp\/v2\/pages\/50\/revisions\/107"}],"wp:attachment":[{"href":"https:\/\/sites.ipleiria.pt\/envelheser\/wp-json\/wp\/v2\/media?parent=50"}],"curies":[{"name":"wp","href":"https:\/\/api.w.org\/{rel}","templated":true}]}}