{"id":58,"date":"2020-01-29T12:32:15","date_gmt":"2020-01-29T12:32:15","guid":{"rendered":"http:\/\/sites.ipleiria.pt\/envelheser\/?page_id=58"},"modified":"2020-01-31T15:55:42","modified_gmt":"2020-01-31T15:55:42","slug":"contactos","status":"publish","type":"page","link":"https:\/\/sites.ipleiria.pt\/envelheser\/contactos\/","title":{"rendered":"Contactos"},"content":{"rendered":"\n<p><strong>Comiss\u00e3o Organizadora e Comiss\u00e3o Cient\u00edfica<\/strong><br> Email: <a href=\"mailto:encontrolugares.esecs@ipleiria.pt\">encontrolugares.esecs@ipleiria.pt<\/a><\/p>\n\n\n\n<p><strong>Secretariado de comunica\u00e7\u00e3o<\/strong><br>  Adelaide Ferreira <br> Email: <a href=\"mailto:adelaide.ferreira@ipleiria.pt\">adelaide.ferreira@ipleiria.pt<\/a><br> Telefone: (+351) 244 829 471<\/p>\n\n\n\n<hr class=\"wp-block-separator\"\/>\n\n\n\n<p><strong>Escola Superior Educa\u00e7\u00e3o e Ci\u00eancias Sociais<br><em>Polit\u00e9cnico de Leiria<\/em><\/strong><br> Campus 1<br> Rua Dr. Jo\u00e3o Soares<br> Apartado 4045<br> 2411-901 Leiria \u2013 Portugal<br> E-mail: esecs@ipleiria.pt<\/p>\n\n\n\n<p><strong>Tel:<\/strong> (+351) 244 829 400<br> <strong>Fax<\/strong>: (+351) 244 829 499<\/p>\n\n\n\n<p><strong>Coordenadas GPS da ESECS:<\/strong><br> N 39.739448 LATITUDE<br> W 8.811279 LONGITUDE<\/p>\n\n\n\n<iframe loading=\"lazy\" src=\"https:\/\/www.google.com\/maps\/embed?pb=!1m18!1m12!1m3!1d6135.927066942021!2d-8.815099648482551!3d39.74046998854583!2m3!1f0!2f0!3f0!3m2!1i1024!2i768!4f13.1!3m3!1m2!1s0xd227368623fdacd%3A0xdec23e871edb415f!2sPolit%C3%A9cnico%20de%20Leiria%20%7C%20ESECS%20-%20Escola%20Superior%20de%20Educa%C3%A7%C3%A3o%20e%20Ci%C3%AAncias%20Sociais!5e0!3m2!1spt-PT!2spt!4v1580486652149!5m2!1spt-PT!2spt\" width=\"600\" height=\"450\" frameborder=\"0\" style=\"border:0;\" allowfullscreen=\"\"><\/iframe>\n","protected":false},"excerpt":{"rendered":"<p>Comiss\u00e3o Organizadora e Comiss\u00e3o Cient\u00edfica Email: encontrolugares.esecs@ipleiria.pt Secretariado de comunica\u00e7\u00e3o Adelaide Ferreira Email: adelaide.ferreira@ipleiria.pt Telefone: (+351) 244 829 471 Escola Superior Educa\u00e7\u00e3o e Ci\u00eancias SociaisPolit\u00e9cnico de Leiria Campus 1 Rua Dr. Jo\u00e3o Soares Apartado 4045 2411-901 Leiria \u2013 Portugal E-mail:&hellip;  <\/p>\n<p class=\"more-link\"><a href=\"https:\/\/sites.ipleiria.pt\/envelheser\/contactos\/\">Continue reading <span class=\"meta-nav\">&rarr;<\/span><\/a><\/p>\n","protected":false},"author":102,"featured_media":0,"parent":0,"menu_order":0,"comment_status":"closed","ping_status":"closed","template":"","meta":{"footnotes":""},"class_list":["post-58","page","type-page","status-publish","hentry"],"_links":{"self":[{"href":"https:\/\/sites.ipleiria.pt\/envelheser\/wp-json\/wp\/v2\/pages\/58","targetHints":{"allow":["GET"]}}],"collection":[{"href":"https:\/\/sites.ipleiria.pt\/envelheser\/wp-json\/wp\/v2\/pages"}],"about":[{"href":"https:\/\/sites.ipleiria.pt\/envelheser\/wp-json\/wp\/v2\/types\/page"}],"author":[{"embeddable":true,"href":"https:\/\/sites.ipleiria.pt\/envelheser\/wp-json\/wp\/v2\/users\/102"}],"replies":[{"embeddable":true,"href":"https:\/\/sites.ipleiria.pt\/envelheser\/wp-json\/wp\/v2\/comments?post=58"}],"version-history":[{"count":8,"href":"https:\/\/sites.ipleiria.pt\/envelheser\/wp-json\/wp\/v2\/pages\/58\/revisions"}],"predecessor-version":[{"id":79,"href":"https:\/\/sites.ipleiria.pt\/envelheser\/wp-json\/wp\/v2\/pages\/58\/revisions\/79"}],"wp:attachment":[{"href":"https:\/\/sites.ipleiria.pt\/envelheser\/wp-json\/wp\/v2\/media?parent=58"}],"curies":[{"name":"wp","href":"https:\/\/api.w.org\/{rel}","templated":true}]}}