{"id":6,"date":"2020-01-28T12:15:10","date_gmt":"2020-01-28T12:15:10","guid":{"rendered":"http:\/\/sites.ipleiria.pt\/envelheser\/?page_id=6"},"modified":"2020-01-28T12:15:10","modified_gmt":"2020-01-28T12:15:10","slug":"objetivos","status":"publish","type":"page","link":"https:\/\/sites.ipleiria.pt\/envelheser\/objetivos\/","title":{"rendered":"Objetivos"},"content":{"rendered":"\n<p>&#8211; Analisar as linhas orientadoras e propostas de interven\u00e7\u00e3o\nno dom\u00ednio do <em>Ageing in Place<\/em>;<\/p>\n\n\n\n<p>&#8211; Discutir experi\u00eancias e projetos de interven\u00e7\u00e3o sociocultural\ne educativa que potenciam a participa\u00e7\u00e3o da popula\u00e7\u00e3o s\u00e9nior e promovem a sua\ninclus\u00e3o nas din\u00e2micas das comunidades a que pertencem;<\/p>\n\n\n\n<p>&#8211; Analisar as potencialidades e os constrangimentos de\nprojetos que promovem as rela\u00e7\u00f5es e a aprendizagem intergeracional;<\/p>\n\n\n\n<p>&#8211; Evidenciar o papel da anima\u00e7\u00e3o sociocultural na promo\u00e7\u00e3o da\naprendizagem ao longo da vida;<\/p>\n\n\n\n<p>&#8211; Sensibilizar diferentes p\u00fablicos para a multiplicidade de\ncontextos e pr\u00e1ticas de interven\u00e7\u00e3o sociocultural com seniores.<\/p>\n","protected":false},"excerpt":{"rendered":"<p>&#8211; Analisar as linhas orientadoras e propostas de interven\u00e7\u00e3o no dom\u00ednio do Ageing in Place; &#8211; Discutir experi\u00eancias e projetos de interven\u00e7\u00e3o sociocultural e educativa que potenciam a participa\u00e7\u00e3o da popula\u00e7\u00e3o s\u00e9nior e promovem a sua inclus\u00e3o nas din\u00e2micas das&hellip;  <\/p>\n<p class=\"more-link\"><a href=\"https:\/\/sites.ipleiria.pt\/envelheser\/objetivos\/\">Continue reading <span class=\"meta-nav\">&rarr;<\/span><\/a><\/p>\n","protected":false},"author":102,"featured_media":0,"parent":0,"menu_order":0,"comment_status":"closed","ping_status":"closed","template":"","meta":{"footnotes":""},"class_list":["post-6","page","type-page","status-publish","hentry"],"_links":{"self":[{"href":"https:\/\/sites.ipleiria.pt\/envelheser\/wp-json\/wp\/v2\/pages\/6","targetHints":{"allow":["GET"]}}],"collection":[{"href":"https:\/\/sites.ipleiria.pt\/envelheser\/wp-json\/wp\/v2\/pages"}],"about":[{"href":"https:\/\/sites.ipleiria.pt\/envelheser\/wp-json\/wp\/v2\/types\/page"}],"author":[{"embeddable":true,"href":"https:\/\/sites.ipleiria.pt\/envelheser\/wp-json\/wp\/v2\/users\/102"}],"replies":[{"embeddable":true,"href":"https:\/\/sites.ipleiria.pt\/envelheser\/wp-json\/wp\/v2\/comments?post=6"}],"version-history":[{"count":1,"href":"https:\/\/sites.ipleiria.pt\/envelheser\/wp-json\/wp\/v2\/pages\/6\/revisions"}],"predecessor-version":[{"id":7,"href":"https:\/\/sites.ipleiria.pt\/envelheser\/wp-json\/wp\/v2\/pages\/6\/revisions\/7"}],"wp:attachment":[{"href":"https:\/\/sites.ipleiria.pt\/envelheser\/wp-json\/wp\/v2\/media?parent=6"}],"curies":[{"name":"wp","href":"https:\/\/api.w.org\/{rel}","templated":true}]}}