{"id":10,"date":"2012-02-27T16:19:57","date_gmt":"2012-02-27T16:19:57","guid":{"rendered":"http:\/\/sites.ipleiria.pt\/escolaaberta\/?page_id=10"},"modified":"2012-02-27T17:17:50","modified_gmt":"2012-02-27T17:17:50","slug":"espacos-e-workshops","status":"publish","type":"page","link":"https:\/\/sites.ipleiria.pt\/escolaaberta\/espacos-e-workshops\/","title":{"rendered":"Espa\u00e7os e Workshops"},"content":{"rendered":"<p>Neste evento os alunos do secund\u00e1rio poder\u00e3o contactar diretamente com a comunidade acad\u00e9mica, estudantes e docentes dos cursos, visitar stands informativos, participar em Workshops e conhecer atividades de investiga\u00e7\u00e3o e de apoio \u00e0 comunidade.<\/p>\n<p><strong>Stands informativos dos cursos<\/strong><br \/>\n&#8211; Anima\u00e7\u00e3o Cultural (ac)<br \/>\n&#8211; Comunica\u00e7\u00e3o Social e Educa\u00e7\u00e3o Multim\u00e9dia (csem)<br \/>\n&#8211; Desporto e Bem-Estar (dbe)<br \/>\n&#8211; Educa\u00e7\u00e3o B\u00e1sica (eb)<br \/>\n&#8211; Educa\u00e7\u00e3o Social (es)<br \/>\n&#8211; Rela\u00e7\u00f5es Humanas e Comunica\u00e7\u00e3o Organizacional (rhco)<br \/>\n&#8211; Servi\u00e7o Social (ss)<br \/>\n&#8211; Tradu\u00e7\u00e3o e Interpreta\u00e7\u00e3o Portugu\u00eas\/Chin\u00eas \u2013 Chin\u00eas\/Portugu\u00eas (tipc)<\/p>\n<p><strong>Workshops<\/strong><br \/>\n<span style=\"color: #666666;\"><strong>\u201cQuando o conflito bate \u00e0 porta&#8230;a media\u00e7\u00e3o \u00e9 a solu\u00e7\u00e3o!\u201d<\/strong><\/span><br \/>\nA import\u00e2ncia da media\u00e7\u00e3o para a vida em sociedade<br \/>\n<span style=\"color: #666666;\"><strong>\u201cComunicar \u00e9 poss\u00edvel\u2026 na Diferen\u00e7a\u201d<\/strong><\/span><br \/>\nImport\u00e2ncia da tecnologia na vida das pessoas com defici\u00eancia<br \/>\n<span style=\"color: #666666;\"><strong>\u201cSurpresas Animadas\u201d<\/strong><\/span><br \/>\nAtividades de anima\u00e7\u00e3o atrav\u00e9s das Artes<br \/>\n<span style=\"color: #666666;\"><strong>\u201cA F\u00edsica e o f\u00edsico\u201d<\/strong><\/span><br \/>\nNo \u00e2mbito do Curso de Desporto e Bem-Estar<br \/>\n<span style=\"color: #666666;\"><strong>&#8220;Calculas melhor que um mi\u00fado de 6 anos?&#8221;<\/strong><\/span><br \/>\nDesafios atuais do professor do Ensino B\u00e1sico<br \/>\n<span style=\"color: #666666;\"><strong>\u201cAprender a dist\u00e2ncia \u2013 Potencialidades do e-learning\u201d<\/strong><\/span><br \/>\nNo \u00e2mbito do curso de Educa\u00e7\u00e3o B\u00e1sica a dist\u00e2ncia<br \/>\n<span style=\"color: #666666;\"><strong>\u201cAprender chin\u00eas\u2026 n\u00e3o \u00e9 uma chinesice\u201d<\/strong><\/span><br \/>\nNo \u00e2mbito do curso de TIPC<br \/>\n<span style=\"color: #666666;\"><strong>\u201cJornalismo Multim\u00e9dia e Constru\u00e7\u00e3o de Blogs\u201d<\/strong><\/span><br \/>\nNo \u00e2mbito do curso de CSEM<br \/>\n<span style=\"color: #666666;\"><strong>\u201cEduca\u00e7\u00e3o Social um projeto de e para a vida\u201d<\/strong><\/span><br \/>\nNo \u00e2mbito do curso de Educa\u00e7\u00e3o Social<\/p>\n<p><strong>Espa\u00e7os<\/strong><br \/>\nCRID<br \/>\nCRM<br \/>\nR\u00e1dio<br \/>\nAssocia\u00e7\u00e3o de Estudantes<br \/>\nServi\u00e7os Acad\u00e9micos<\/p>\n","protected":false},"excerpt":{"rendered":"<p>Neste evento os alunos do secund\u00e1rio poder\u00e3o contactar diretamente com a comunidade acad\u00e9mica, estudantes e docentes dos cursos, visitar stands informativos, participar em Workshops e conhecer atividades de investiga\u00e7\u00e3o e de apoio \u00e0 comunidade. Stands informativos dos cursos &#8211; Anima\u00e7\u00e3o &hellip; <a href=\"https:\/\/sites.ipleiria.pt\/escolaaberta\/espacos-e-workshops\/\">Continuar a ler <span class=\"meta-nav\">&rarr;<\/span><\/a><\/p>\n","protected":false},"author":102,"featured_media":0,"parent":0,"menu_order":2,"comment_status":"closed","ping_status":"closed","template":"","meta":{"footnotes":""},"class_list":["post-10","page","type-page","status-publish","hentry"],"_links":{"self":[{"href":"https:\/\/sites.ipleiria.pt\/escolaaberta\/wp-json\/wp\/v2\/pages\/10","targetHints":{"allow":["GET"]}}],"collection":[{"href":"https:\/\/sites.ipleiria.pt\/escolaaberta\/wp-json\/wp\/v2\/pages"}],"about":[{"href":"https:\/\/sites.ipleiria.pt\/escolaaberta\/wp-json\/wp\/v2\/types\/page"}],"author":[{"embeddable":true,"href":"https:\/\/sites.ipleiria.pt\/escolaaberta\/wp-json\/wp\/v2\/users\/102"}],"replies":[{"embeddable":true,"href":"https:\/\/sites.ipleiria.pt\/escolaaberta\/wp-json\/wp\/v2\/comments?post=10"}],"version-history":[{"count":11,"href":"https:\/\/sites.ipleiria.pt\/escolaaberta\/wp-json\/wp\/v2\/pages\/10\/revisions"}],"predecessor-version":[{"id":46,"href":"https:\/\/sites.ipleiria.pt\/escolaaberta\/wp-json\/wp\/v2\/pages\/10\/revisions\/46"}],"wp:attachment":[{"href":"https:\/\/sites.ipleiria.pt\/escolaaberta\/wp-json\/wp\/v2\/media?parent=10"}],"curies":[{"name":"wp","href":"https:\/\/api.w.org\/{rel}","templated":true}]}}