{"id":12,"date":"2012-02-27T16:20:15","date_gmt":"2012-02-27T16:20:15","guid":{"rendered":"http:\/\/sites.ipleiria.pt\/escolaaberta\/?page_id=12"},"modified":"2012-02-27T17:14:11","modified_gmt":"2012-02-27T17:14:11","slug":"inscricoes","status":"publish","type":"page","link":"https:\/\/sites.ipleiria.pt\/escolaaberta\/inscricoes\/","title":{"rendered":"Inscri\u00e7\u00f5es"},"content":{"rendered":"<p>A participa\u00e7\u00e3o neste evento requer inscri\u00e7\u00e3o pr\u00e9via, at\u00e9 dia 17 de mar\u00e7o de 2012. As turmas podem optar por visitar a Escola Aberta durante todo o dia ou apenas de manh\u00e3 ou de tarde.<\/p>\n<p>Descarregue aqui a ficha de inscri\u00e7\u00e3o:<a href=\"http:\/\/sites.ipleiria.pt\/escolaaberta\/files\/2012\/02\/Ficha_Inscricao_01.pdf\" target=\"_blank\">http:\/\/sites.ipleiria.pt\/escolaaberta\/files\/2012\/02\/Ficha_Inscricao_01.pdf<\/a><\/p>\n<p>Enviar ficha preenchida para <a href=\"mailto:esecs@ipleiria.pt\">esecs@ipleiria.pt<\/a> ou para a morada<\/p>\n<p><span style=\"color: #333333;\">Escola Superior de Educa\u00e7\u00e3o e Ci\u00eancias Sociais (Leiria)<\/span><br \/>\n<span style=\"color: #333333;\"> Campus 1<\/span><br \/>\n<span style=\"color: #333333;\"> Rua Dr. Jo\u00e3o Soares<\/span><br \/>\n<span style=\"color: #333333;\"> Apartado 4045<\/span><br \/>\n<span style=\"color: #333333;\"> 2411-901 Leiria &#8211; Portugal<\/span><\/p>\n","protected":false},"excerpt":{"rendered":"<p>A participa\u00e7\u00e3o neste evento requer inscri\u00e7\u00e3o pr\u00e9via, at\u00e9 dia 17 de mar\u00e7o de 2012. As turmas podem optar por visitar a Escola Aberta durante todo o dia ou apenas de manh\u00e3 ou de tarde. Descarregue aqui a ficha de inscri\u00e7\u00e3o:http:\/\/sites.ipleiria.pt\/escolaaberta\/files\/2012\/02\/Ficha_Inscricao_01.pdf &hellip; <a href=\"https:\/\/sites.ipleiria.pt\/escolaaberta\/inscricoes\/\">Continuar a ler <span class=\"meta-nav\">&rarr;<\/span><\/a><\/p>\n","protected":false},"author":102,"featured_media":0,"parent":0,"menu_order":3,"comment_status":"closed","ping_status":"closed","template":"","meta":{"footnotes":""},"class_list":["post-12","page","type-page","status-publish","hentry"],"_links":{"self":[{"href":"https:\/\/sites.ipleiria.pt\/escolaaberta\/wp-json\/wp\/v2\/pages\/12","targetHints":{"allow":["GET"]}}],"collection":[{"href":"https:\/\/sites.ipleiria.pt\/escolaaberta\/wp-json\/wp\/v2\/pages"}],"about":[{"href":"https:\/\/sites.ipleiria.pt\/escolaaberta\/wp-json\/wp\/v2\/types\/page"}],"author":[{"embeddable":true,"href":"https:\/\/sites.ipleiria.pt\/escolaaberta\/wp-json\/wp\/v2\/users\/102"}],"replies":[{"embeddable":true,"href":"https:\/\/sites.ipleiria.pt\/escolaaberta\/wp-json\/wp\/v2\/comments?post=12"}],"version-history":[{"count":14,"href":"https:\/\/sites.ipleiria.pt\/escolaaberta\/wp-json\/wp\/v2\/pages\/12\/revisions"}],"predecessor-version":[{"id":51,"href":"https:\/\/sites.ipleiria.pt\/escolaaberta\/wp-json\/wp\/v2\/pages\/12\/revisions\/51"}],"wp:attachment":[{"href":"https:\/\/sites.ipleiria.pt\/escolaaberta\/wp-json\/wp\/v2\/media?parent=12"}],"curies":[{"name":"wp","href":"https:\/\/api.w.org\/{rel}","templated":true}]}}