{"id":14,"date":"2012-02-27T16:20:28","date_gmt":"2012-02-27T16:20:28","guid":{"rendered":"http:\/\/sites.ipleiria.pt\/escolaaberta\/?page_id=14"},"modified":"2012-02-27T17:22:07","modified_gmt":"2012-02-27T17:22:07","slug":"contactos","status":"publish","type":"page","link":"https:\/\/sites.ipleiria.pt\/escolaaberta\/contactos\/","title":{"rendered":"Contactos"},"content":{"rendered":"<p><strong>Escola Superior de Educa\u00e7\u00e3o e Ci\u00eancias Sociais (Leiria)<\/strong><\/p>\n<p>Campus 1<br \/>\nRua Dr. Jo\u00e3o Soares<br \/>\nApartado 4045<br \/>\n2411-901 Leiria &#8211; Portugal<\/p>\n<p>Tel: (+351) 244 829400<br \/>\nFax:(+351) 244 829499<\/p>\n<p>E-mail: <a href=\"mailto:esecs@ipleiria.pt\">esecs@ipleiria.pt<\/a><\/p>\n","protected":false},"excerpt":{"rendered":"<p>Escola Superior de Educa\u00e7\u00e3o e Ci\u00eancias Sociais (Leiria) Campus 1 Rua Dr. Jo\u00e3o Soares Apartado 4045 2411-901 Leiria &#8211; Portugal Tel: (+351) 244 829400 Fax:(+351) 244 829499 E-mail: esecs@ipleiria.pt<\/p>\n","protected":false},"author":102,"featured_media":0,"parent":0,"menu_order":4,"comment_status":"closed","ping_status":"closed","template":"","meta":{"footnotes":""},"class_list":["post-14","page","type-page","status-publish","hentry"],"_links":{"self":[{"href":"https:\/\/sites.ipleiria.pt\/escolaaberta\/wp-json\/wp\/v2\/pages\/14","targetHints":{"allow":["GET"]}}],"collection":[{"href":"https:\/\/sites.ipleiria.pt\/escolaaberta\/wp-json\/wp\/v2\/pages"}],"about":[{"href":"https:\/\/sites.ipleiria.pt\/escolaaberta\/wp-json\/wp\/v2\/types\/page"}],"author":[{"embeddable":true,"href":"https:\/\/sites.ipleiria.pt\/escolaaberta\/wp-json\/wp\/v2\/users\/102"}],"replies":[{"embeddable":true,"href":"https:\/\/sites.ipleiria.pt\/escolaaberta\/wp-json\/wp\/v2\/comments?post=14"}],"version-history":[{"count":4,"href":"https:\/\/sites.ipleiria.pt\/escolaaberta\/wp-json\/wp\/v2\/pages\/14\/revisions"}],"predecessor-version":[{"id":59,"href":"https:\/\/sites.ipleiria.pt\/escolaaberta\/wp-json\/wp\/v2\/pages\/14\/revisions\/59"}],"wp:attachment":[{"href":"https:\/\/sites.ipleiria.pt\/escolaaberta\/wp-json\/wp\/v2\/media?parent=14"}],"curies":[{"name":"wp","href":"https:\/\/api.w.org\/{rel}","templated":true}]}}