{"id":8,"date":"2012-02-27T16:19:36","date_gmt":"2012-02-27T16:19:36","guid":{"rendered":"http:\/\/sites.ipleiria.pt\/escolaaberta\/?page_id=8"},"modified":"2012-02-27T17:21:33","modified_gmt":"2012-02-27T17:21:33","slug":"programa","status":"publish","type":"page","link":"https:\/\/sites.ipleiria.pt\/escolaaberta\/programa\/","title":{"rendered":"Programa"},"content":{"rendered":"<p><span style=\"color: #666666;\"><strong>9h30<\/strong><\/span> \u00a0\u00a0 \u00a0Sess\u00e3o de Boas Vindas<br \/>\n<span style=\"color: #666666;\"><strong>10h00<\/strong><\/span>\u00a0\u00a0 \u00a0Workshops e visitas aos espa\u00e7os e exposi\u00e7\u00f5es<br \/>\n<span style=\"color: #666666;\"><strong>13h00<\/strong><\/span>\u00a0\u00a0 \u00a0Almo\u00e7o<br \/>\n<span style=\"color: #666666;\"><strong>14h00<\/strong><\/span> \u00a0\u00a0 \u00a0Sess\u00e3o de Boas Vindas (turno tarde)<br \/>\n<span style=\"color: #666666;\"><strong>14h30<\/strong><\/span>\u00a0\u00a0 \u00a0Workshops e visitas aos espa\u00e7os e exposi\u00e7\u00f5es<br \/>\n<span style=\"color: #666666;\"><strong>17h00<\/strong><\/span> \u00a0\u00a0 \u00a0Sess\u00e3o de encerramento e atua\u00e7\u00e3o Tum\u2019Acan\u00e9nica<\/p>\n","protected":false},"excerpt":{"rendered":"<p>9h30 \u00a0\u00a0 \u00a0Sess\u00e3o de Boas Vindas 10h00\u00a0\u00a0 \u00a0Workshops e visitas aos espa\u00e7os e exposi\u00e7\u00f5es 13h00\u00a0\u00a0 \u00a0Almo\u00e7o 14h00 \u00a0\u00a0 \u00a0Sess\u00e3o de Boas Vindas (turno tarde) 14h30\u00a0\u00a0 \u00a0Workshops e visitas aos espa\u00e7os e exposi\u00e7\u00f5es 17h00 \u00a0\u00a0 \u00a0Sess\u00e3o de encerramento e atua\u00e7\u00e3o Tum\u2019Acan\u00e9nica<\/p>\n","protected":false},"author":102,"featured_media":0,"parent":0,"menu_order":1,"comment_status":"closed","ping_status":"closed","template":"","meta":{"footnotes":""},"class_list":["post-8","page","type-page","status-publish","hentry"],"_links":{"self":[{"href":"https:\/\/sites.ipleiria.pt\/escolaaberta\/wp-json\/wp\/v2\/pages\/8","targetHints":{"allow":["GET"]}}],"collection":[{"href":"https:\/\/sites.ipleiria.pt\/escolaaberta\/wp-json\/wp\/v2\/pages"}],"about":[{"href":"https:\/\/sites.ipleiria.pt\/escolaaberta\/wp-json\/wp\/v2\/types\/page"}],"author":[{"embeddable":true,"href":"https:\/\/sites.ipleiria.pt\/escolaaberta\/wp-json\/wp\/v2\/users\/102"}],"replies":[{"embeddable":true,"href":"https:\/\/sites.ipleiria.pt\/escolaaberta\/wp-json\/wp\/v2\/comments?post=8"}],"version-history":[{"count":8,"href":"https:\/\/sites.ipleiria.pt\/escolaaberta\/wp-json\/wp\/v2\/pages\/8\/revisions"}],"predecessor-version":[{"id":58,"href":"https:\/\/sites.ipleiria.pt\/escolaaberta\/wp-json\/wp\/v2\/pages\/8\/revisions\/58"}],"wp:attachment":[{"href":"https:\/\/sites.ipleiria.pt\/escolaaberta\/wp-json\/wp\/v2\/media?parent=8"}],"curies":[{"name":"wp","href":"https:\/\/api.w.org\/{rel}","templated":true}]}}