{"id":2396,"date":"2018-09-06T10:54:12","date_gmt":"2018-09-06T10:54:12","guid":{"rendered":"http:\/\/sites.ipleiria.pt\/esflc2019\/?page_id=2396"},"modified":"2019-03-04T12:47:43","modified_gmt":"2019-03-04T12:47:43","slug":"scientific-committee","status":"publish","type":"page","link":"https:\/\/sites.ipleiria.pt\/esflc2019\/scientific-committee\/","title":{"rendered":"Scientific Committee"},"content":{"rendered":"<p>Austria<\/p>\n<ul>\n<li>Martin Kaltenbacher (University of Salzburg)<\/li>\n<li>Rebekah Wegener (University of Salzburg)<\/li>\n<\/ul>\n<p>Brazil<\/p>\n<ul>\n<li>Edna Cristina Muniz da Silva (University of Bras\u00edlia)<\/li>\n<li>Roberto Assis (Federal University of Para\u00edba)<\/li>\n<li>Viviane Resende (University of Bras\u00edlia)<\/li>\n<\/ul>\n<p>Denmark<\/p>\n<ul>\n<li>Ruth Mulvad (Inquam &amp; National Centre for Reading)<\/li>\n<li>Susanne Karen Jacobsen (University College Copenhagen)<\/li>\n<\/ul>\n<p>France<\/p>\n<ul>\n<li>Chris Gledhill (Paris Diderot University)<\/li>\n<li>David Banks (University of Western Britanny)<\/li>\n<\/ul>\n<p>Germany<\/p>\n<ul>\n<li>Anke Schulz (University of Bremen; ESFLA Office Bearers)<\/li>\n<li>Elke Teich (Saarlandes University)<\/li>\n<li>Erich Steiner (Saarlandes University)<\/li>\n<li>John Bateman (University of Bremen)<\/li>\n<li>Paula Niemietz (RWTH Aachen University)<\/li>\n<li>Stella Neumann (RWTH Aachen University)<\/li>\n<\/ul>\n<p>Italy<\/p>\n<ul>\n<li>Alex Matthew Kunst (Free lancer)<\/li>\n<li>Christopher Taylor (Trieste University)<\/li>\n<li>Donna Miller (University of Bologna)<\/li>\n<li>Maria Freddi (University of Pavia)<\/li>\n<li>Maria Pavesi (University of Pavia)<\/li>\n<li>Marina Bondi (University of Modena and Reggio Emilia)<\/li>\n<li>Nicoletta Vasta (University of Udine)<\/li>\n<li>Paul Bayley (University of Bologna)<\/li>\n<\/ul>\n<p>Norway<\/p>\n<ul>\n<li>Hilde Hasselgard (University of Oslo)<\/li>\n<\/ul>\n<p>Portugal<\/p>\n<ul>\n<li>Ann Cecelia Henshall (ISEG, University of Lisbon)<\/li>\n<li>Carla Marques (CELGA-ILTEC, University of Coimbra)<\/li>\n<li>Carlos A. M. Gouveia (CELGA-ILTEC, University of Coimbra; University of Lisbon)<\/li>\n<li>Carminda Silvestre (CELGA-ILTEC, University of Coimbra; Polytechnic Institute of Leiria)<\/li>\n<li>Fausto Caels (CELGA-ILTEC, University of Coimbra; Polytechnic Institute of Leiria)<\/li>\n<li>Fernanda Botelho (CELGA-ILTEC, University of Coimbra)<\/li>\n<li>In\u00eas Conde \u00a0(CELGA-ILTEC, University of Coimbra; Polytechnic Institute of Leiria)<\/li>\n<li>Gorete Marques\u00a0 (CELGA-ILTEC, University of Coimbra; Polytechnic Institute of Leiria)<\/li>\n<li>Joana Vieira Santos\u00a0 (CELGA-ILTEC, University of Coimbra)<\/li>\n<li>Lu\u00eds Filipe Barbeiro (CELGA-ILTEC, University of Coimbra; Polytechnic Institute of Leiria)<\/li>\n<li>Mafalda Mendes\u00a0 (CELGA-ILTEC, University of Coimbra)<\/li>\n<li>Paulo Silva (CELGA-ILTEC, University of Coimbra; Open University)<\/li>\n<li>Rita Menezes Pinto (ULICES, University of Lisbon; Polytechnic Institute of Leiria)<\/li>\n<li>S\u00edlvia Frota (University of Lisbon)<\/li>\n<li>Tanara Kuhn (CELGA-ILTEC, University of Coimbra)<\/li>\n<\/ul>\n<p>Romania<\/p>\n<ul>\n<li>Claudia Stoian (Polytechnic University of Timisoara)<\/li>\n<\/ul>\n<p>Slovenia<\/p>\n<ul>\n<li>Sonja Starc (University of Primorska)<\/li>\n<\/ul>\n<p>Spain<\/p>\n<ul>\n<li>Anne McCabe (Saint Louis University, Madrid Campus; ESFLA Office Bearers)<\/li>\n<li>Izaskun Elorza (University of Salamanca)<\/li>\n<li>Jes\u00fas Moya Guijarro (University of Castilla-La Mancha)<\/li>\n<li>Laura Hidalgo Downing (Autonomous University of Madrid)<\/li>\n<li>Mar\u00eda Mart\u00ednez Lirola (University of Alicante)<\/li>\n<li>Marta Carretero (Complutense University of Madrid)<\/li>\n<li>Mick O&#8217;Donnell (Autonomous University of Madrid)<\/li>\n<li>Rachel Whittaker (Autonomous University of Madrid)<\/li>\n<li>Susana Rodriguez Barcia (University of Vigo)<\/li>\n<\/ul>\n<p>Sweden<\/p>\n<ul>\n<li>Ann-Christin L\u00f6vstedt (Association\u00a0<em>Reading for Life)<\/em><\/li>\n<\/ul>\n<p>United Kingdom<\/p>\n<ul>\n<li>Arianna Maiorani (University of Loughborough)<\/li>\n<li>Claire Acevedo (CREET, Open University)<\/li>\n<li>Gerard O\u2019Grady (Cardiff University)<\/li>\n<li>Lise Fontaine (Cardiff University)<\/li>\n<li>Nicolas Moore (Sheffield Hallam University)<\/li>\n<li>Robin Fawcett (Cardiff University)<\/li>\n<li>Sheena Gardner (University of Coventry)<\/li>\n<li>Tom Bartlett (Cardiff University)<\/li>\n<\/ul>\n","protected":false},"excerpt":{"rendered":"<p>Austria Martin Kaltenbacher (University of Salzburg) Rebekah Wegener (University of Salzburg) Brazil Edna Cristina Muniz da Silva (University of Bras\u00edlia) Roberto Assis (Federal University of Para\u00edba) Viviane Resende (University of Bras\u00edlia) Denmark Ruth Mulvad (Inquam &amp; National Centre for Reading) Susanne Karen Jacobsen (University College Copenhagen) France Chris Gledhill (Paris Diderot University) David Banks (University of Western Britanny) Germany Anke Schulz (University of Bremen; ESFLA Office Bearers) Elke Teich (Saarlandes University) Erich Steiner (Saarlandes University) John Bateman (University of Bremen)&hellip;<\/p>\n","protected":false},"author":102,"featured_media":0,"parent":0,"menu_order":0,"comment_status":"closed","ping_status":"closed","template":"","meta":{"footnotes":""},"class_list":["post-2396","page","type-page","status-publish","hentry"],"_links":{"self":[{"href":"https:\/\/sites.ipleiria.pt\/esflc2019\/wp-json\/wp\/v2\/pages\/2396","targetHints":{"allow":["GET"]}}],"collection":[{"href":"https:\/\/sites.ipleiria.pt\/esflc2019\/wp-json\/wp\/v2\/pages"}],"about":[{"href":"https:\/\/sites.ipleiria.pt\/esflc2019\/wp-json\/wp\/v2\/types\/page"}],"author":[{"embeddable":true,"href":"https:\/\/sites.ipleiria.pt\/esflc2019\/wp-json\/wp\/v2\/users\/102"}],"replies":[{"embeddable":true,"href":"https:\/\/sites.ipleiria.pt\/esflc2019\/wp-json\/wp\/v2\/comments?post=2396"}],"version-history":[{"count":21,"href":"https:\/\/sites.ipleiria.pt\/esflc2019\/wp-json\/wp\/v2\/pages\/2396\/revisions"}],"predecessor-version":[{"id":3153,"href":"https:\/\/sites.ipleiria.pt\/esflc2019\/wp-json\/wp\/v2\/pages\/2396\/revisions\/3153"}],"wp:attachment":[{"href":"https:\/\/sites.ipleiria.pt\/esflc2019\/wp-json\/wp\/v2\/media?parent=2396"}],"curies":[{"name":"wp","href":"https:\/\/api.w.org\/{rel}","templated":true}]}}