{"id":2732,"date":"2018-12-29T13:30:27","date_gmt":"2018-12-29T13:30:27","guid":{"rendered":"http:\/\/sites.ipleiria.pt\/esflc2019\/?page_id=2732"},"modified":"2020-04-01T14:21:04","modified_gmt":"2020-04-01T14:21:04","slug":"publication","status":"publish","type":"page","link":"https:\/\/sites.ipleiria.pt\/esflc2019\/publication\/","title":{"rendered":"Selected papers peer reviewed publication"},"content":{"rendered":"<p style=\"text-align: center\"><strong>Call for papers<\/strong><\/p>\n<p>We are pleased to inform that\u00a0<strong>the submission process\u00a0of papers\u00a0<\/strong>by 2019 European Systemic Functional Linguistics Conference (ESFLC2019) delegates will take place\u00a0<strong>from November 15<sup>th\u00a0<\/sup>, 2019, to<\/strong><strong><span style=\"color: #ff6600\">\u00a0April 30th, 2020 (final extension deadline)<\/span>.\u00a0<\/strong><\/p>\n<p><strong>\u00a0<\/strong>All papers will be double-blind\u00a0peer-reviewed by a scientific committee, specifically designated for this purpose. <strong>The reviewing\u00a0<\/strong>will take place <strong>from February 1<sup>st <\/sup>\u00a0to\u00a0<\/strong><strong>May 30th, 2020<\/strong>.<\/p>\n<p style=\"text-align: center\"><span lang=\"EN-US\"><strong>Please refer to the <\/strong><a href=\"http:\/\/sites.ipleiria.pt\/esflc2019\/paper-submission-detailed-guidelines\/\"><strong>Detailed guidelines page<\/strong><\/a><\/span><\/p>\n<p>Papers can be submitted in English or in Portuguese (regardless the language used in the oral presentations). Please note that only paper proposals of communications actually presented at the ESFLC2019 (Leiria, 3-5 July, 2019) will be accepted. Papers should cover the contents of the presentations, but may include complementary data, analysis or discussion.<\/p>\n<p><span lang=\"EN-US\">Papers should be submitted in Word format documents, to be sent to\u00a0the email address <span style=\"text-decoration: underline\">esflc2019@ipleiria.pt<\/span>, and have a maximum length of 7.000 words. Please refer to the <a href=\"http:\/\/sites.ipleiria.pt\/esflc2019\/paper-submission-detailed-guidelines\/\">Detailed guidelines page<\/a>. Please note that non-compliance to these guidelines might compromise the acceptance of your paper.<\/span><\/p>\n<p><strong>The\u00a0<\/strong><strong>selected texts\u00a0<\/strong>will be published in one or more volumes by the host institutions of ESFLC2019 (CELGA-ILTEC, University of Coimbra &amp; Polytechnic of Leiria).<\/p>\n<p>The volumes are expected to be <strong>published\u00a0<\/strong>in paper and digital format <strong>by\u00a0<\/strong><strong>the end of September, 2020<\/strong>.<\/p>\n<p>\u00a0<\/p>\n<p><em>**Chamada de artigos da ESFLC2019**<\/em><\/p>\n<p><em>Temos o prazer de informar que <strong>o processo de submiss\u00e3o de artigos\u00a0<\/strong>por parte dos participantes na Confer\u00eancia Europeia de Lingu\u00edstica Sist\u00e9mico-Funcional de 2019 (ESFLC2019) ter\u00e1 lugar\u00a0<strong>entre os dias 15 de novembro de 2019 e<\/strong>\u00a0<strong><span style=\"color: #ff6600\">30 de abril de 2020 (DATA FINAL)<\/span><\/strong>.<\/em><\/p>\n<p><em>Todos os artigos ser\u00e3o objeto de dupla revis\u00e3o an\u00f3nima por pares por parte de uma comiss\u00e3o cient\u00edfica especificamente criada para este efeito. <strong>A avalia\u00e7\u00e3o\u00a0<\/strong>ter\u00e1 lugar <strong>entre 1 de fevereiro e 30 de maio de 2020<\/strong>.<\/em><\/p>\n<p><em>Os artigos podem ser submetidos em Ingl\u00eas ou em Portugu\u00eas (independentemente da l\u00edngua utilizada nas apresenta\u00e7\u00f5es orais). Note-se que apenas ser\u00e3o aceites propostas de artigos referentes a apresenta\u00e7\u00f5es que efetivamente tiveram lugar na ESFLC2019 (entre 3 e 5 julho de 2019, em Leiria). Os artigos devem remeter para os conte\u00fados das apresenta\u00e7\u00f5es, mas podem incluir dados, an\u00e1lises ou discuss\u00f5es complementares.<\/em><\/p>\n<p><em>Os artigos dever\u00e3o ser submetidos em documentos com o formato Word, a enviar para o endere\u00e7o\u00a0<span style=\"text-decoration: underline\">esflc2019@ipleiria.pt<\/span>, e conter a extens\u00e3o m\u00e1xima de 7.000 palavras. As instru\u00e7\u00f5es detalhadas devem ser <a href=\"http:\/\/sites.ipleiria.pt\/esflc2019\/paper-submission-detailed-guidelines\/\">consultadas na respetiva p\u00e1gina<\/a>. Note-se que o desrespeito pelas instru\u00e7\u00f5es pode comprometer a aceita\u00e7\u00e3o dos artigos.<\/em><\/p>\n<p><em>Os artigos selecionados ser\u00e3o publicados num ou mais volumes pelas institui\u00e7\u00f5es que acolheram a realiza\u00e7\u00e3o do evento (CELGA-ILTEC da Universidade de Coimbra &amp; Polit\u00e9cnico de Leiria).<\/em><\/p>\n<p><em>Prev\u00ea-se que os volumes sejam publicados em papel e em formato digital at\u00e9 ao final do m\u00eas de setembro de 2020.<\/em><\/p>\n<p>\u00a0<\/p>\n<p style=\"text-align: right\">On behalf of the ESFLC2019 editorial team,<br \/><em>**Em nome da equipa editorial da ESFLC2019,**<\/em><\/p>\n<p style=\"text-align: right\">Fausto Caels<br \/>Gorete Marques\u00a0<br \/>In\u00eas Santos<br \/>Mafalda Mendes<br \/>Marta Filipe Alexandre<\/p>\n\n\n<p class=\"has-background has-very-light-gray-background-color\">In case you need further advice, please contact us: <strong>esflc2019@ipleiria.pt<\/strong>.<\/p>\n","protected":false},"excerpt":{"rendered":"<p>Call for papers We are pleased to inform that\u00a0the submission process\u00a0of papers\u00a0by 2019 European Systemic Functional Linguistics Conference (ESFLC2019) delegates will take place\u00a0from November 15th\u00a0, 2019, to\u00a0April 30th, 2020 (final extension deadline).\u00a0 \u00a0All papers will be double-blind\u00a0peer-reviewed by a scientific committee, specifically designated for this purpose. The reviewing\u00a0will take place from February 1st \u00a0to\u00a0May 30th, 2020. Please refer to the Detailed guidelines page Papers can be submitted in English or in Portuguese (regardless the language used in the oral presentations).&hellip;<\/p>\n","protected":false},"author":3183,"featured_media":0,"parent":0,"menu_order":0,"comment_status":"closed","ping_status":"closed","template":"","meta":{"footnotes":""},"class_list":["post-2732","page","type-page","status-publish","hentry"],"_links":{"self":[{"href":"https:\/\/sites.ipleiria.pt\/esflc2019\/wp-json\/wp\/v2\/pages\/2732","targetHints":{"allow":["GET"]}}],"collection":[{"href":"https:\/\/sites.ipleiria.pt\/esflc2019\/wp-json\/wp\/v2\/pages"}],"about":[{"href":"https:\/\/sites.ipleiria.pt\/esflc2019\/wp-json\/wp\/v2\/types\/page"}],"author":[{"embeddable":true,"href":"https:\/\/sites.ipleiria.pt\/esflc2019\/wp-json\/wp\/v2\/users\/3183"}],"replies":[{"embeddable":true,"href":"https:\/\/sites.ipleiria.pt\/esflc2019\/wp-json\/wp\/v2\/comments?post=2732"}],"version-history":[{"count":24,"href":"https:\/\/sites.ipleiria.pt\/esflc2019\/wp-json\/wp\/v2\/pages\/2732\/revisions"}],"predecessor-version":[{"id":4577,"href":"https:\/\/sites.ipleiria.pt\/esflc2019\/wp-json\/wp\/v2\/pages\/2732\/revisions\/4577"}],"wp:attachment":[{"href":"https:\/\/sites.ipleiria.pt\/esflc2019\/wp-json\/wp\/v2\/media?parent=2732"}],"curies":[{"name":"wp","href":"https:\/\/api.w.org\/{rel}","templated":true}]}}