{"id":21,"date":"2013-05-20T17:46:46","date_gmt":"2013-05-20T17:46:46","guid":{"rendered":"http:\/\/sites.ipleiria.pt\/feriasativas\/?page_id=21"},"modified":"2014-03-25T14:33:48","modified_gmt":"2014-03-25T14:33:48","slug":"apresentacao","status":"publish","type":"page","link":"https:\/\/sites.ipleiria.pt\/feriasativas\/","title":{"rendered":"Estamos de volta&#8230;F\u00e9rias Ativas &#8211; P\u00e1scoa 2014!"},"content":{"rendered":"<p>Estamos\u00a0novamente de portas abertas, para mais actividades educativas e super divertidas. Agora durante as f\u00e9rias da P\u00e1scoa ( 09 a 17 de Abril ). Pelo pre\u00e7o de 65,00\u20ac, usufruam de workshops de R\u00e1dio, Mandarim, Espanhol, Linguagem Criativa, bem como imensas actividades desportivas&#8230;<\/p>\n<p style=\"text-align: center\"><img loading=\"lazy\" decoding=\"async\" class=\"size-full wp-image-33 aligncenter\" style=\"font-size: 1rem;line-height: 1\" alt=\"F\u00e9rias ativas 1\" src=\"http:\/\/sites.ipleiria.pt\/feriasativas\/files\/2013\/05\/F\u00e9rias-ativas-1.jpg\" width=\"275\" height=\"183\" \/><\/p>\n","protected":false},"excerpt":{"rendered":"<p>Estamos\u00a0novamente de portas abertas, para mais actividades educativas e super divertidas. Agora durante as f\u00e9rias da P\u00e1scoa ( 09 a 17 de Abril ). Pelo pre\u00e7o de 65,00\u20ac, usufruam de workshops de R\u00e1dio, Mandarim, Espanhol, Linguagem Criativa, bem como imensas actividades desportivas&#8230;<\/p>\n","protected":false},"author":102,"featured_media":0,"parent":0,"menu_order":0,"comment_status":"closed","ping_status":"closed","template":"","meta":{"footnotes":""},"class_list":["post-21","page","type-page","status-publish","hentry"],"_links":{"self":[{"href":"https:\/\/sites.ipleiria.pt\/feriasativas\/wp-json\/wp\/v2\/pages\/21","targetHints":{"allow":["GET"]}}],"collection":[{"href":"https:\/\/sites.ipleiria.pt\/feriasativas\/wp-json\/wp\/v2\/pages"}],"about":[{"href":"https:\/\/sites.ipleiria.pt\/feriasativas\/wp-json\/wp\/v2\/types\/page"}],"author":[{"embeddable":true,"href":"https:\/\/sites.ipleiria.pt\/feriasativas\/wp-json\/wp\/v2\/users\/102"}],"replies":[{"embeddable":true,"href":"https:\/\/sites.ipleiria.pt\/feriasativas\/wp-json\/wp\/v2\/comments?post=21"}],"version-history":[{"count":11,"href":"https:\/\/sites.ipleiria.pt\/feriasativas\/wp-json\/wp\/v2\/pages\/21\/revisions"}],"predecessor-version":[{"id":129,"href":"https:\/\/sites.ipleiria.pt\/feriasativas\/wp-json\/wp\/v2\/pages\/21\/revisions\/129"}],"wp:attachment":[{"href":"https:\/\/sites.ipleiria.pt\/feriasativas\/wp-json\/wp\/v2\/media?parent=21"}],"curies":[{"name":"wp","href":"https:\/\/api.w.org\/{rel}","templated":true}]}}