{"id":55,"date":"2013-05-23T12:34:51","date_gmt":"2013-05-23T12:34:51","guid":{"rendered":"http:\/\/sites.ipleiria.pt\/feriasativas\/?page_id=55"},"modified":"2014-03-25T14:42:34","modified_gmt":"2014-03-25T14:42:34","slug":"regulamento-e-precos","status":"publish","type":"page","link":"https:\/\/sites.ipleiria.pt\/feriasativas\/regulamento-e-precos\/","title":{"rendered":"Regulamento e pre\u00e7os"},"content":{"rendered":"<p>As inscri\u00e7\u00f5es ser\u00e3o efectuadas na Escola Superior de Educa\u00e7\u00e3o e Ci\u00eancias Sociais de Leiria (ESECS), no <em>gabinete de apoio a forma\u00e7\u00e3o e projecto<\/em>. Os pais interessados poder\u00e3o dirigir-se \u00e0 recep\u00e7\u00e3o\/\u00e1trio da escola e ser\u00e3o devidamente encaminhados para o local do pr\u00e9-pagamento ( 25,00\u20ac ).<\/p>\n<p>O restante valor a pagar pelos encarregados de educa\u00e7\u00e3o deve ser feito no primeiro dia das f\u00e9rias.<\/p>\n<p>O custo pelos 7 dias \u00e9 de 65,00\u20ac. As F\u00e9rias Ativas garantem o almo\u00e7o e o lanche aos participantes. Para irm\u00e3os, o programa contempla um desconto de 10%.<\/p>\n<p>Caso o interesse dos encarregados de educa\u00e7\u00e3o passe pelo acesso do vosso educando apenas por um ou mais dias, aqui est\u00e1 a rela\u00e7\u00e3o de pre\u00e7o\/dia:<\/p>\n<p>1 dia &#8211; 20,00\u20ac<\/p>\n<p>2 dias &#8211; 17,50\u20ac\/dia<\/p>\n<p>3 dias &#8211; 15,00\u20ac\/dia<\/p>\n<p>4 dias &#8211; 13,00\u20ac\/dia<\/p>\n<p>&nbsp;<\/p>\n","protected":false},"excerpt":{"rendered":"<p>As inscri\u00e7\u00f5es ser\u00e3o efectuadas na Escola Superior de Educa\u00e7\u00e3o e Ci\u00eancias Sociais de Leiria (ESECS), no gabinete de apoio a forma\u00e7\u00e3o e projecto. Os pais interessados poder\u00e3o dirigir-se \u00e0 recep\u00e7\u00e3o\/\u00e1trio da escola e ser\u00e3o devidamente encaminhados para o local do pr\u00e9-pagamento ( 25,00\u20ac ). O restante valor a pagar pelos encarregados de educa\u00e7\u00e3o deve ser [&hellip;]<\/p>\n","protected":false},"author":1567,"featured_media":0,"parent":0,"menu_order":0,"comment_status":"closed","ping_status":"closed","template":"","meta":{"footnotes":""},"class_list":["post-55","page","type-page","status-publish","hentry"],"_links":{"self":[{"href":"https:\/\/sites.ipleiria.pt\/feriasativas\/wp-json\/wp\/v2\/pages\/55","targetHints":{"allow":["GET"]}}],"collection":[{"href":"https:\/\/sites.ipleiria.pt\/feriasativas\/wp-json\/wp\/v2\/pages"}],"about":[{"href":"https:\/\/sites.ipleiria.pt\/feriasativas\/wp-json\/wp\/v2\/types\/page"}],"author":[{"embeddable":true,"href":"https:\/\/sites.ipleiria.pt\/feriasativas\/wp-json\/wp\/v2\/users\/1567"}],"replies":[{"embeddable":true,"href":"https:\/\/sites.ipleiria.pt\/feriasativas\/wp-json\/wp\/v2\/comments?post=55"}],"version-history":[{"count":16,"href":"https:\/\/sites.ipleiria.pt\/feriasativas\/wp-json\/wp\/v2\/pages\/55\/revisions"}],"predecessor-version":[{"id":134,"href":"https:\/\/sites.ipleiria.pt\/feriasativas\/wp-json\/wp\/v2\/pages\/55\/revisions\/134"}],"wp:attachment":[{"href":"https:\/\/sites.ipleiria.pt\/feriasativas\/wp-json\/wp\/v2\/media?parent=55"}],"curies":[{"name":"wp","href":"https:\/\/api.w.org\/{rel}","templated":true}]}}